{"id":3585,"date":"2022-02-24T09:09:42","date_gmt":"2022-02-24T08:09:42","guid":{"rendered":"https:\/\/laksmicrystal.com\/?post_type=product&#038;p=3585"},"modified":"2024-12-04T11:50:17","modified_gmt":"2024-12-04T10:50:17","slug":"cianite-nera","status":"publish","type":"product","link":"https:\/\/laksmicrystal.com\/en\/prodotto\/cianite-nera\/","title":{"rendered":"Cianite Nera"},"content":{"rendered":"<p><strong>CIANITE NERA<\/strong><\/p>\n<p>Cancella le emozioni negative e taglia i legami con schemi tossici o persone con l&#8217;energia della cianite nera. Il potere della cianite nera \u00e8 cos\u00ec intenso che \u00e8 stato a lungo associato alla spada dell&#8217;arcangelo Michele. Come mai? Perch\u00e9 non si scherza con questo cristallo. Tutte le sfumature della cianite, siano esse blu, verdi o nere, sono considerate forti conduttori per il lavoro metafisico. In particolare, si dice che le propriet\u00e0 della cianite nera proteggano il tuo campo energetico dalle relazioni o dalle persone che banchettano con le tue vibrazioni positive ma non offrono nulla in cambio.<\/p>\n<p>&nbsp;<\/p>\n<p>Puoi anche usare la cianite nera per \u00a0purificare la tua energia e \u00a0tagliare le tue connessioni con le altre persone. Per assicurarti che l&#8217;energia di nessun altro influenzi la tua e che tu stia ricaricando le tue riserve di energia. Fare questo tipo di lavoro energetico ti aiuta a continuare a essere una fonte di supporto per gli altri senza sentirti energicamente gi\u00f9.<\/p>\n<p>&nbsp;<\/p>\n<p>Se sei stato vicino a qualcuno che ti ha prosciugato emotivamente, sei intrappolato in una relazione tossica o vuoi liberarti da pensieri negativi o schemi comportamentali, questo cristallo pu\u00f2 aiutarti a separarti da quello scambio energetico che drena l&#8217;anima. Rilascia la connessione energetica che rimane dall&#8217;interazione; e cos\u00ec \u00a0sei libero di aumentare la tua frequenza vibrazionale.<\/p>\n<p>&nbsp;<\/p>\n<p>Come usare la Cianite nera<\/p>\n<p>Usando un cristallo di cianite nera, traccia lungo il contorno del tuo corpo. Mentre lo fai, visualizza te stesso mentre tagli i fili di energia collegati a te. Che tu sia un empatico, che ha bisogno di eseguire questo esercizio di purificazione dall&#8217;energia tossica su base giornaliera, o semplicemente qualcuno la cui energia \u00e8 stata sfruttata da altri di recente, questa cura alla cianite \u00e8 proprio ci\u00f2 di cui hai bisogno. Questo esercizio \u00e8 idealmente eseguito regolarmente la sera prima di coricarsi e la mattina uscendo di casa. La cianite nera elimina gli squilibri e i blocchi energetici per ripristinare un flusso positivo di energia in tutto il corpo.<\/p>\n<p>&nbsp;<\/p>\n<p>La cianite nera \u00e8 anche meravigliosa per la pulizia dello spazio e la protezione energetica. Simile alla tormalina nera, puoi posizionare un pezzo in ciascuno dei quattro angoli del tuo spazio per creare uno scudo energico di protezione. Le propriet\u00e0 della cianite nera \u00e8 di eliminare tutte le energie nel tuo spazio che non sono allineate con il tuo bene pi\u00f9 alto, sostituendole con vibrazioni positive.<\/p>\n","protected":false},"excerpt":{"rendered":"<p>CIANITE NERA Cancella le emozioni negative e taglia i legami con schemi tossici o persone con l&#8217;energia della cianite nera. Il potere della cianite nera \u00e8 cos\u00ec intenso che \u00e8 stato a lungo associato alla spada dell&#8217;arcangelo Michele. Come mai? Perch\u00e9 non si scherza con questo cristallo. Tutte le sfumature della cianite, siano esse blu, [&hellip;]<\/p>\n","protected":false},"featured_media":4614,"template":"","meta":[],"product_brand":[],"product_cat":[15,18,94],"product_tag":[],"class_list":{"0":"post-3585","1":"product","2":"type-product","3":"status-publish","4":"has-post-thumbnail","6":"product_cat-senza-categoria","7":"product_cat-cristalli","8":"product_cat-cristalli-neri","10":"first","11":"instock","12":"taxable","13":"shipping-taxable","14":"purchasable","15":"product-type-variable"},"yoast_head":"<!-- This site is optimized with the Yoast SEO plugin v25.5 - https:\/\/yoast.com\/wordpress\/plugins\/seo\/ -->\n<title>Cianite Nera | Laksmi Crystal<\/title>\n<meta name=\"robots\" content=\"index, follow, max-snippet:-1, max-image-preview:large, max-video-preview:-1\" \/>\n<link rel=\"canonical\" href=\"https:\/\/laksmicrystal.com\/prodotto\/cianite-nera\/\" \/>\n<meta property=\"og:locale\" content=\"en_US\" \/>\n<meta property=\"og:type\" content=\"article\" \/>\n<meta property=\"og:title\" content=\"Cianite Nera | Laksmi Crystal\" \/>\n<meta property=\"og:description\" content=\"CIANITE NERA Cancella le emozioni negative e taglia i legami con schemi tossici o persone con l&#8217;energia della cianite nera. Il potere della cianite nera \u00e8 cos\u00ec intenso che \u00e8 stato a lungo associato alla spada dell&#8217;arcangelo Michele. Come mai? Perch\u00e9 non si scherza con questo cristallo. Tutte le sfumature della cianite, siano esse blu, [&hellip;]\" \/>\n<meta property=\"og:url\" content=\"https:\/\/laksmicrystal.com\/prodotto\/cianite-nera\/\" \/>\n<meta property=\"og:site_name\" content=\"Laksmi Crystal\" \/>\n<meta property=\"article:publisher\" content=\"https:\/\/www.facebook.com\/Laksmicrystal\" \/>\n<meta property=\"article:modified_time\" content=\"2024-12-04T10:50:17+00:00\" \/>\n<meta property=\"og:image\" content=\"https:\/\/laksmicrystal.com\/wp-content\/uploads\/2022\/02\/WhatsApp-Image-2023-09-04-at-13.48.45.jpeg\" \/>\n\t<meta property=\"og:image:width\" content=\"1024\" \/>\n\t<meta property=\"og:image:height\" content=\"1024\" \/>\n\t<meta property=\"og:image:type\" content=\"image\/jpeg\" \/>\n<meta name=\"twitter:card\" content=\"summary_large_image\" \/>\n<meta name=\"twitter:label1\" content=\"Est. reading time\" \/>\n\t<meta name=\"twitter:data1\" content=\"2 minutes\" \/>\n<script type=\"application\/ld+json\" class=\"yoast-schema-graph\">{\"@context\":\"https:\/\/schema.org\",\"@graph\":[{\"@type\":\"WebPage\",\"@id\":\"https:\/\/laksmicrystal.com\/prodotto\/cianite-nera\/\",\"url\":\"https:\/\/laksmicrystal.com\/prodotto\/cianite-nera\/\",\"name\":\"Cianite Nera | Laksmi Crystal\",\"isPartOf\":{\"@id\":\"https:\/\/laksmicrystal.com\/#website\"},\"primaryImageOfPage\":{\"@id\":\"https:\/\/laksmicrystal.com\/prodotto\/cianite-nera\/#primaryimage\"},\"image\":{\"@id\":\"https:\/\/laksmicrystal.com\/prodotto\/cianite-nera\/#primaryimage\"},\"thumbnailUrl\":\"https:\/\/i0.wp.com\/laksmicrystal.com\/wp-content\/uploads\/2022\/02\/WhatsApp-Image-2023-09-04-at-13.48.45.jpeg?fit=1024%2C1024&ssl=1\",\"datePublished\":\"2022-02-24T08:09:42+00:00\",\"dateModified\":\"2024-12-04T10:50:17+00:00\",\"breadcrumb\":{\"@id\":\"https:\/\/laksmicrystal.com\/prodotto\/cianite-nera\/#breadcrumb\"},\"inLanguage\":\"en-US\",\"potentialAction\":[{\"@type\":\"ReadAction\",\"target\":[\"https:\/\/laksmicrystal.com\/prodotto\/cianite-nera\/\"]}]},{\"@type\":\"ImageObject\",\"inLanguage\":\"en-US\",\"@id\":\"https:\/\/laksmicrystal.com\/prodotto\/cianite-nera\/#primaryimage\",\"url\":\"https:\/\/i0.wp.com\/laksmicrystal.com\/wp-content\/uploads\/2022\/02\/WhatsApp-Image-2023-09-04-at-13.48.45.jpeg?fit=1024%2C1024&ssl=1\",\"contentUrl\":\"https:\/\/i0.wp.com\/laksmicrystal.com\/wp-content\/uploads\/2022\/02\/WhatsApp-Image-2023-09-04-at-13.48.45.jpeg?fit=1024%2C1024&ssl=1\",\"width\":1024,\"height\":1024},{\"@type\":\"BreadcrumbList\",\"@id\":\"https:\/\/laksmicrystal.com\/prodotto\/cianite-nera\/#breadcrumb\",\"itemListElement\":[{\"@type\":\"ListItem\",\"position\":1,\"name\":\"Home\",\"item\":\"https:\/\/laksmicrystal.com\/en\/home\/\"},{\"@type\":\"ListItem\",\"position\":2,\"name\":\"Shop\",\"item\":\"https:\/\/laksmicrystal.com\/en\/shop\/\"},{\"@type\":\"ListItem\",\"position\":3,\"name\":\"Cianite Nera\"}]},{\"@type\":\"WebSite\",\"@id\":\"https:\/\/laksmicrystal.com\/#website\",\"url\":\"https:\/\/laksmicrystal.com\/\",\"name\":\"Laksmi Crystal\",\"description\":\"Eleva il tuo stile di vita\",\"publisher\":{\"@id\":\"https:\/\/laksmicrystal.com\/#organization\"},\"potentialAction\":[{\"@type\":\"SearchAction\",\"target\":{\"@type\":\"EntryPoint\",\"urlTemplate\":\"https:\/\/laksmicrystal.com\/?s={search_term_string}\"},\"query-input\":{\"@type\":\"PropertyValueSpecification\",\"valueRequired\":true,\"valueName\":\"search_term_string\"}}],\"inLanguage\":\"en-US\"},{\"@type\":\"Organization\",\"@id\":\"https:\/\/laksmicrystal.com\/#organization\",\"name\":\"Laksmi Crystal\",\"url\":\"https:\/\/laksmicrystal.com\/\",\"logo\":{\"@type\":\"ImageObject\",\"inLanguage\":\"en-US\",\"@id\":\"https:\/\/laksmicrystal.com\/#\/schema\/logo\/image\/\",\"url\":\"https:\/\/i0.wp.com\/laksmicrystal.com\/wp-content\/uploads\/2021\/08\/favicon-laksmi-02.png?fit=512%2C513&ssl=1\",\"contentUrl\":\"https:\/\/i0.wp.com\/laksmicrystal.com\/wp-content\/uploads\/2021\/08\/favicon-laksmi-02.png?fit=512%2C513&ssl=1\",\"width\":512,\"height\":513,\"caption\":\"Laksmi Crystal\"},\"image\":{\"@id\":\"https:\/\/laksmicrystal.com\/#\/schema\/logo\/image\/\"},\"sameAs\":[\"https:\/\/www.facebook.com\/Laksmicrystal\",\"https:\/\/www.instagram.com\/laksmicrystal\/\"]}]}<\/script>\n<!-- \/ Yoast SEO plugin. -->","yoast_head_json":{"title":"Cianite Nera | Laksmi Crystal","robots":{"index":"index","follow":"follow","max-snippet":"max-snippet:-1","max-image-preview":"max-image-preview:large","max-video-preview":"max-video-preview:-1"},"canonical":"https:\/\/laksmicrystal.com\/prodotto\/cianite-nera\/","og_locale":"en_US","og_type":"article","og_title":"Cianite Nera | Laksmi Crystal","og_description":"CIANITE NERA Cancella le emozioni negative e taglia i legami con schemi tossici o persone con l&#8217;energia della cianite nera. Il potere della cianite nera \u00e8 cos\u00ec intenso che \u00e8 stato a lungo associato alla spada dell&#8217;arcangelo Michele. Come mai? Perch\u00e9 non si scherza con questo cristallo. Tutte le sfumature della cianite, siano esse blu, [&hellip;]","og_url":"https:\/\/laksmicrystal.com\/prodotto\/cianite-nera\/","og_site_name":"Laksmi Crystal","article_publisher":"https:\/\/www.facebook.com\/Laksmicrystal","article_modified_time":"2024-12-04T10:50:17+00:00","og_image":[{"width":1024,"height":1024,"url":"https:\/\/laksmicrystal.com\/wp-content\/uploads\/2022\/02\/WhatsApp-Image-2023-09-04-at-13.48.45.jpeg","type":"image\/jpeg"}],"twitter_card":"summary_large_image","twitter_misc":{"Est. reading time":"2 minutes"},"schema":{"@context":"https:\/\/schema.org","@graph":[{"@type":"WebPage","@id":"https:\/\/laksmicrystal.com\/prodotto\/cianite-nera\/","url":"https:\/\/laksmicrystal.com\/prodotto\/cianite-nera\/","name":"Cianite Nera | Laksmi Crystal","isPartOf":{"@id":"https:\/\/laksmicrystal.com\/#website"},"primaryImageOfPage":{"@id":"https:\/\/laksmicrystal.com\/prodotto\/cianite-nera\/#primaryimage"},"image":{"@id":"https:\/\/laksmicrystal.com\/prodotto\/cianite-nera\/#primaryimage"},"thumbnailUrl":"https:\/\/i0.wp.com\/laksmicrystal.com\/wp-content\/uploads\/2022\/02\/WhatsApp-Image-2023-09-04-at-13.48.45.jpeg?fit=1024%2C1024&ssl=1","datePublished":"2022-02-24T08:09:42+00:00","dateModified":"2024-12-04T10:50:17+00:00","breadcrumb":{"@id":"https:\/\/laksmicrystal.com\/prodotto\/cianite-nera\/#breadcrumb"},"inLanguage":"en-US","potentialAction":[{"@type":"ReadAction","target":["https:\/\/laksmicrystal.com\/prodotto\/cianite-nera\/"]}]},{"@type":"ImageObject","inLanguage":"en-US","@id":"https:\/\/laksmicrystal.com\/prodotto\/cianite-nera\/#primaryimage","url":"https:\/\/i0.wp.com\/laksmicrystal.com\/wp-content\/uploads\/2022\/02\/WhatsApp-Image-2023-09-04-at-13.48.45.jpeg?fit=1024%2C1024&ssl=1","contentUrl":"https:\/\/i0.wp.com\/laksmicrystal.com\/wp-content\/uploads\/2022\/02\/WhatsApp-Image-2023-09-04-at-13.48.45.jpeg?fit=1024%2C1024&ssl=1","width":1024,"height":1024},{"@type":"BreadcrumbList","@id":"https:\/\/laksmicrystal.com\/prodotto\/cianite-nera\/#breadcrumb","itemListElement":[{"@type":"ListItem","position":1,"name":"Home","item":"https:\/\/laksmicrystal.com\/en\/home\/"},{"@type":"ListItem","position":2,"name":"Shop","item":"https:\/\/laksmicrystal.com\/en\/shop\/"},{"@type":"ListItem","position":3,"name":"Cianite Nera"}]},{"@type":"WebSite","@id":"https:\/\/laksmicrystal.com\/#website","url":"https:\/\/laksmicrystal.com\/","name":"Laksmi Crystal","description":"Eleva il tuo stile di vita","publisher":{"@id":"https:\/\/laksmicrystal.com\/#organization"},"potentialAction":[{"@type":"SearchAction","target":{"@type":"EntryPoint","urlTemplate":"https:\/\/laksmicrystal.com\/?s={search_term_string}"},"query-input":{"@type":"PropertyValueSpecification","valueRequired":true,"valueName":"search_term_string"}}],"inLanguage":"en-US"},{"@type":"Organization","@id":"https:\/\/laksmicrystal.com\/#organization","name":"Laksmi Crystal","url":"https:\/\/laksmicrystal.com\/","logo":{"@type":"ImageObject","inLanguage":"en-US","@id":"https:\/\/laksmicrystal.com\/#\/schema\/logo\/image\/","url":"https:\/\/i0.wp.com\/laksmicrystal.com\/wp-content\/uploads\/2021\/08\/favicon-laksmi-02.png?fit=512%2C513&ssl=1","contentUrl":"https:\/\/i0.wp.com\/laksmicrystal.com\/wp-content\/uploads\/2021\/08\/favicon-laksmi-02.png?fit=512%2C513&ssl=1","width":512,"height":513,"caption":"Laksmi Crystal"},"image":{"@id":"https:\/\/laksmicrystal.com\/#\/schema\/logo\/image\/"},"sameAs":["https:\/\/www.facebook.com\/Laksmicrystal","https:\/\/www.instagram.com\/laksmicrystal\/"]}]}},"jetpack_sharing_enabled":true,"_links":{"self":[{"href":"https:\/\/laksmicrystal.com\/en\/wp-json\/wp\/v2\/product\/3585","targetHints":{"allow":["GET"]}}],"collection":[{"href":"https:\/\/laksmicrystal.com\/en\/wp-json\/wp\/v2\/product"}],"about":[{"href":"https:\/\/laksmicrystal.com\/en\/wp-json\/wp\/v2\/types\/product"}],"wp:featuredmedia":[{"embeddable":true,"href":"https:\/\/laksmicrystal.com\/en\/wp-json\/wp\/v2\/media\/4614"}],"wp:attachment":[{"href":"https:\/\/laksmicrystal.com\/en\/wp-json\/wp\/v2\/media?parent=3585"}],"wp:term":[{"taxonomy":"product_brand","embeddable":true,"href":"https:\/\/laksmicrystal.com\/en\/wp-json\/wp\/v2\/product_brand?post=3585"},{"taxonomy":"product_cat","embeddable":true,"href":"https:\/\/laksmicrystal.com\/en\/wp-json\/wp\/v2\/product_cat?post=3585"},{"taxonomy":"product_tag","embeddable":true,"href":"https:\/\/laksmicrystal.com\/en\/wp-json\/wp\/v2\/product_tag?post=3585"}],"curies":[{"name":"wp","href":"https:\/\/api.w.org\/{rel}","templated":true}]}}