{"id":3674,"date":"2022-02-24T16:05:12","date_gmt":"2022-02-24T15:05:12","guid":{"rendered":"https:\/\/laksmicrystal.com\/?post_type=product&#038;p=3674"},"modified":"2023-09-04T16:51:33","modified_gmt":"2023-09-04T14:51:33","slug":"ossidiana-dorata-5","status":"publish","type":"product","link":"https:\/\/laksmicrystal.com\/en\/prodotto\/ossidiana-dorata-5\/","title":{"rendered":"Ossidiana Dorata  3"},"content":{"rendered":"<p><strong>OSSIDIANA DORATA<\/strong>\u00a0lavora sulla nostra parte maschile, la parte pi\u00f9 materiale. Ci aiuta ad affrontare la parte pratica della vita superando la paura di vedere le cose l\u00ec fuori, come quando dobbiamo uscire di notte completamente al buio, se abbiamo una lanterna accesa \u00e8 meglio \ud83d\ude42<\/p>\n<p><strong>Sfere di ossidiana<\/strong>\u00a0viene usate per la cristallomanzia , per vedere le cose cosi come sono, la sfera di ossidiana ci regala una visione netta della realt\u00e0, ci allontana dalle illusioni che spesso creiamo per paura e che non vogliamo vedere.<\/p>\n<p><strong>OSSIDIANA<\/strong><strong>\u00a0<\/strong>\u00e8 una\u00a0\u00a0pietra di grande liberazione, maestra di solitudine riesce a tirare fuori le nostre paure pi\u00f9 profonde, come la lava che nasce nelle profondit\u00e0 della terra e sale in superficie molto velocemente come un&#8217;eruzione. Questo \u00e8 la qualit\u00e0 che porta l&#8217;ossidiana: portare in superficie molto velocemente le nostre paure pi\u00f9 inconsce.<\/p>\n<p><em>Importantissimo bilanciare il lavoro dell&#8217;ossidiana con quarzo ialino o con del quarzo rosa<\/em><\/p>\n<p>Origine: Messico<\/p>\n<p>Peso: 140 g<\/p>\n<p>Diametro: 4 \u00f8<\/p>\n","protected":false},"excerpt":{"rendered":"<p>OSSIDIANA DORATA\u00a0lavora sulla nostra parte maschile, la parte pi\u00f9 materiale. Ci aiuta ad affrontare la parte pratica della vita superando la paura di vedere le cose l\u00ec fuori, come quando dobbiamo uscire di notte completamente al buio, se abbiamo una lanterna accesa \u00e8 meglio \ud83d\ude42 Sfere di ossidiana\u00a0viene usate per la cristallomanzia , per vedere [&hellip;]<\/p>\n","protected":false},"featured_media":3665,"template":"","meta":[],"product_brand":[],"product_cat":[18,94],"product_tag":[],"class_list":{"0":"post-3674","1":"product","2":"type-product","3":"status-publish","4":"has-post-thumbnail","6":"product_cat-cristalli","7":"product_cat-cristalli-neri","9":"first","10":"outofstock","11":"taxable","12":"shipping-taxable","13":"purchasable","14":"product-type-simple"},"yoast_head":"<!-- This site is optimized with the Yoast SEO plugin v25.5 - https:\/\/yoast.com\/wordpress\/plugins\/seo\/ -->\n<title>Ossidiana Dorata 3 | Laksmi Crystal<\/title>\n<meta name=\"robots\" content=\"index, follow, max-snippet:-1, max-image-preview:large, max-video-preview:-1\" \/>\n<link rel=\"canonical\" href=\"https:\/\/laksmicrystal.com\/prodotto\/ossidiana-dorata-5\/\" \/>\n<meta property=\"og:locale\" content=\"en_US\" \/>\n<meta property=\"og:type\" content=\"article\" \/>\n<meta property=\"og:title\" content=\"Ossidiana Dorata 3 | Laksmi Crystal\" \/>\n<meta property=\"og:description\" content=\"OSSIDIANA DORATA\u00a0lavora sulla nostra parte maschile, la parte pi\u00f9 materiale. Ci aiuta ad affrontare la parte pratica della vita superando la paura di vedere le cose l\u00ec fuori, come quando dobbiamo uscire di notte completamente al buio, se abbiamo una lanterna accesa \u00e8 meglio \ud83d\ude42 Sfere di ossidiana\u00a0viene usate per la cristallomanzia , per vedere [&hellip;]\" \/>\n<meta property=\"og:url\" content=\"https:\/\/laksmicrystal.com\/prodotto\/ossidiana-dorata-5\/\" \/>\n<meta property=\"og:site_name\" content=\"Laksmi Crystal\" \/>\n<meta property=\"article:publisher\" content=\"https:\/\/www.facebook.com\/Laksmicrystal\" \/>\n<meta property=\"article:modified_time\" content=\"2023-09-04T14:51:33+00:00\" \/>\n<meta property=\"og:image\" content=\"https:\/\/laksmicrystal.com\/wp-content\/uploads\/2022\/02\/2a-scaled.jpg\" \/>\n\t<meta property=\"og:image:width\" content=\"1920\" \/>\n\t<meta property=\"og:image:height\" content=\"2560\" \/>\n\t<meta property=\"og:image:type\" content=\"image\/jpeg\" \/>\n<meta name=\"twitter:card\" content=\"summary_large_image\" \/>\n<meta name=\"twitter:label1\" content=\"Est. reading time\" \/>\n\t<meta name=\"twitter:data1\" content=\"1 minute\" \/>\n<script type=\"application\/ld+json\" class=\"yoast-schema-graph\">{\"@context\":\"https:\/\/schema.org\",\"@graph\":[{\"@type\":\"WebPage\",\"@id\":\"https:\/\/laksmicrystal.com\/prodotto\/ossidiana-dorata-5\/\",\"url\":\"https:\/\/laksmicrystal.com\/prodotto\/ossidiana-dorata-5\/\",\"name\":\"Ossidiana Dorata 3 | Laksmi Crystal\",\"isPartOf\":{\"@id\":\"https:\/\/laksmicrystal.com\/#website\"},\"primaryImageOfPage\":{\"@id\":\"https:\/\/laksmicrystal.com\/prodotto\/ossidiana-dorata-5\/#primaryimage\"},\"image\":{\"@id\":\"https:\/\/laksmicrystal.com\/prodotto\/ossidiana-dorata-5\/#primaryimage\"},\"thumbnailUrl\":\"https:\/\/i0.wp.com\/laksmicrystal.com\/wp-content\/uploads\/2022\/02\/2a-scaled.jpg?fit=1920%2C2560&ssl=1\",\"datePublished\":\"2022-02-24T15:05:12+00:00\",\"dateModified\":\"2023-09-04T14:51:33+00:00\",\"breadcrumb\":{\"@id\":\"https:\/\/laksmicrystal.com\/prodotto\/ossidiana-dorata-5\/#breadcrumb\"},\"inLanguage\":\"en-US\",\"potentialAction\":[{\"@type\":\"ReadAction\",\"target\":[\"https:\/\/laksmicrystal.com\/prodotto\/ossidiana-dorata-5\/\"]}]},{\"@type\":\"ImageObject\",\"inLanguage\":\"en-US\",\"@id\":\"https:\/\/laksmicrystal.com\/prodotto\/ossidiana-dorata-5\/#primaryimage\",\"url\":\"https:\/\/i0.wp.com\/laksmicrystal.com\/wp-content\/uploads\/2022\/02\/2a-scaled.jpg?fit=1920%2C2560&ssl=1\",\"contentUrl\":\"https:\/\/i0.wp.com\/laksmicrystal.com\/wp-content\/uploads\/2022\/02\/2a-scaled.jpg?fit=1920%2C2560&ssl=1\",\"width\":1920,\"height\":2560},{\"@type\":\"BreadcrumbList\",\"@id\":\"https:\/\/laksmicrystal.com\/prodotto\/ossidiana-dorata-5\/#breadcrumb\",\"itemListElement\":[{\"@type\":\"ListItem\",\"position\":1,\"name\":\"Home\",\"item\":\"https:\/\/laksmicrystal.com\/en\/home\/\"},{\"@type\":\"ListItem\",\"position\":2,\"name\":\"Shop\",\"item\":\"https:\/\/laksmicrystal.com\/en\/shop\/\"},{\"@type\":\"ListItem\",\"position\":3,\"name\":\"Ossidiana Dorata 3\"}]},{\"@type\":\"WebSite\",\"@id\":\"https:\/\/laksmicrystal.com\/#website\",\"url\":\"https:\/\/laksmicrystal.com\/\",\"name\":\"Laksmi Crystal\",\"description\":\"Eleva il tuo stile di vita\",\"publisher\":{\"@id\":\"https:\/\/laksmicrystal.com\/#organization\"},\"potentialAction\":[{\"@type\":\"SearchAction\",\"target\":{\"@type\":\"EntryPoint\",\"urlTemplate\":\"https:\/\/laksmicrystal.com\/?s={search_term_string}\"},\"query-input\":{\"@type\":\"PropertyValueSpecification\",\"valueRequired\":true,\"valueName\":\"search_term_string\"}}],\"inLanguage\":\"en-US\"},{\"@type\":\"Organization\",\"@id\":\"https:\/\/laksmicrystal.com\/#organization\",\"name\":\"Laksmi Crystal\",\"url\":\"https:\/\/laksmicrystal.com\/\",\"logo\":{\"@type\":\"ImageObject\",\"inLanguage\":\"en-US\",\"@id\":\"https:\/\/laksmicrystal.com\/#\/schema\/logo\/image\/\",\"url\":\"https:\/\/i0.wp.com\/laksmicrystal.com\/wp-content\/uploads\/2021\/08\/favicon-laksmi-02.png?fit=512%2C513&ssl=1\",\"contentUrl\":\"https:\/\/i0.wp.com\/laksmicrystal.com\/wp-content\/uploads\/2021\/08\/favicon-laksmi-02.png?fit=512%2C513&ssl=1\",\"width\":512,\"height\":513,\"caption\":\"Laksmi Crystal\"},\"image\":{\"@id\":\"https:\/\/laksmicrystal.com\/#\/schema\/logo\/image\/\"},\"sameAs\":[\"https:\/\/www.facebook.com\/Laksmicrystal\",\"https:\/\/www.instagram.com\/laksmicrystal\/\"]}]}<\/script>\n<!-- \/ Yoast SEO plugin. -->","yoast_head_json":{"title":"Ossidiana Dorata 3 | Laksmi Crystal","robots":{"index":"index","follow":"follow","max-snippet":"max-snippet:-1","max-image-preview":"max-image-preview:large","max-video-preview":"max-video-preview:-1"},"canonical":"https:\/\/laksmicrystal.com\/prodotto\/ossidiana-dorata-5\/","og_locale":"en_US","og_type":"article","og_title":"Ossidiana Dorata 3 | Laksmi Crystal","og_description":"OSSIDIANA DORATA\u00a0lavora sulla nostra parte maschile, la parte pi\u00f9 materiale. Ci aiuta ad affrontare la parte pratica della vita superando la paura di vedere le cose l\u00ec fuori, come quando dobbiamo uscire di notte completamente al buio, se abbiamo una lanterna accesa \u00e8 meglio \ud83d\ude42 Sfere di ossidiana\u00a0viene usate per la cristallomanzia , per vedere [&hellip;]","og_url":"https:\/\/laksmicrystal.com\/prodotto\/ossidiana-dorata-5\/","og_site_name":"Laksmi Crystal","article_publisher":"https:\/\/www.facebook.com\/Laksmicrystal","article_modified_time":"2023-09-04T14:51:33+00:00","og_image":[{"width":1920,"height":2560,"url":"https:\/\/laksmicrystal.com\/wp-content\/uploads\/2022\/02\/2a-scaled.jpg","type":"image\/jpeg"}],"twitter_card":"summary_large_image","twitter_misc":{"Est. reading time":"1 minute"},"schema":{"@context":"https:\/\/schema.org","@graph":[{"@type":"WebPage","@id":"https:\/\/laksmicrystal.com\/prodotto\/ossidiana-dorata-5\/","url":"https:\/\/laksmicrystal.com\/prodotto\/ossidiana-dorata-5\/","name":"Ossidiana Dorata 3 | Laksmi Crystal","isPartOf":{"@id":"https:\/\/laksmicrystal.com\/#website"},"primaryImageOfPage":{"@id":"https:\/\/laksmicrystal.com\/prodotto\/ossidiana-dorata-5\/#primaryimage"},"image":{"@id":"https:\/\/laksmicrystal.com\/prodotto\/ossidiana-dorata-5\/#primaryimage"},"thumbnailUrl":"https:\/\/i0.wp.com\/laksmicrystal.com\/wp-content\/uploads\/2022\/02\/2a-scaled.jpg?fit=1920%2C2560&ssl=1","datePublished":"2022-02-24T15:05:12+00:00","dateModified":"2023-09-04T14:51:33+00:00","breadcrumb":{"@id":"https:\/\/laksmicrystal.com\/prodotto\/ossidiana-dorata-5\/#breadcrumb"},"inLanguage":"en-US","potentialAction":[{"@type":"ReadAction","target":["https:\/\/laksmicrystal.com\/prodotto\/ossidiana-dorata-5\/"]}]},{"@type":"ImageObject","inLanguage":"en-US","@id":"https:\/\/laksmicrystal.com\/prodotto\/ossidiana-dorata-5\/#primaryimage","url":"https:\/\/i0.wp.com\/laksmicrystal.com\/wp-content\/uploads\/2022\/02\/2a-scaled.jpg?fit=1920%2C2560&ssl=1","contentUrl":"https:\/\/i0.wp.com\/laksmicrystal.com\/wp-content\/uploads\/2022\/02\/2a-scaled.jpg?fit=1920%2C2560&ssl=1","width":1920,"height":2560},{"@type":"BreadcrumbList","@id":"https:\/\/laksmicrystal.com\/prodotto\/ossidiana-dorata-5\/#breadcrumb","itemListElement":[{"@type":"ListItem","position":1,"name":"Home","item":"https:\/\/laksmicrystal.com\/en\/home\/"},{"@type":"ListItem","position":2,"name":"Shop","item":"https:\/\/laksmicrystal.com\/en\/shop\/"},{"@type":"ListItem","position":3,"name":"Ossidiana Dorata 3"}]},{"@type":"WebSite","@id":"https:\/\/laksmicrystal.com\/#website","url":"https:\/\/laksmicrystal.com\/","name":"Laksmi Crystal","description":"Eleva il tuo stile di vita","publisher":{"@id":"https:\/\/laksmicrystal.com\/#organization"},"potentialAction":[{"@type":"SearchAction","target":{"@type":"EntryPoint","urlTemplate":"https:\/\/laksmicrystal.com\/?s={search_term_string}"},"query-input":{"@type":"PropertyValueSpecification","valueRequired":true,"valueName":"search_term_string"}}],"inLanguage":"en-US"},{"@type":"Organization","@id":"https:\/\/laksmicrystal.com\/#organization","name":"Laksmi Crystal","url":"https:\/\/laksmicrystal.com\/","logo":{"@type":"ImageObject","inLanguage":"en-US","@id":"https:\/\/laksmicrystal.com\/#\/schema\/logo\/image\/","url":"https:\/\/i0.wp.com\/laksmicrystal.com\/wp-content\/uploads\/2021\/08\/favicon-laksmi-02.png?fit=512%2C513&ssl=1","contentUrl":"https:\/\/i0.wp.com\/laksmicrystal.com\/wp-content\/uploads\/2021\/08\/favicon-laksmi-02.png?fit=512%2C513&ssl=1","width":512,"height":513,"caption":"Laksmi Crystal"},"image":{"@id":"https:\/\/laksmicrystal.com\/#\/schema\/logo\/image\/"},"sameAs":["https:\/\/www.facebook.com\/Laksmicrystal","https:\/\/www.instagram.com\/laksmicrystal\/"]}]}},"jetpack_sharing_enabled":true,"_links":{"self":[{"href":"https:\/\/laksmicrystal.com\/en\/wp-json\/wp\/v2\/product\/3674","targetHints":{"allow":["GET"]}}],"collection":[{"href":"https:\/\/laksmicrystal.com\/en\/wp-json\/wp\/v2\/product"}],"about":[{"href":"https:\/\/laksmicrystal.com\/en\/wp-json\/wp\/v2\/types\/product"}],"wp:featuredmedia":[{"embeddable":true,"href":"https:\/\/laksmicrystal.com\/en\/wp-json\/wp\/v2\/media\/3665"}],"wp:attachment":[{"href":"https:\/\/laksmicrystal.com\/en\/wp-json\/wp\/v2\/media?parent=3674"}],"wp:term":[{"taxonomy":"product_brand","embeddable":true,"href":"https:\/\/laksmicrystal.com\/en\/wp-json\/wp\/v2\/product_brand?post=3674"},{"taxonomy":"product_cat","embeddable":true,"href":"https:\/\/laksmicrystal.com\/en\/wp-json\/wp\/v2\/product_cat?post=3674"},{"taxonomy":"product_tag","embeddable":true,"href":"https:\/\/laksmicrystal.com\/en\/wp-json\/wp\/v2\/product_tag?post=3674"}],"curies":[{"name":"wp","href":"https:\/\/api.w.org\/{rel}","templated":true}]}}