{"id":3720,"date":"2022-02-24T17:12:40","date_gmt":"2022-02-24T16:12:40","guid":{"rendered":"https:\/\/laksmicrystal.com\/?post_type=product&#038;p=3720"},"modified":"2025-11-27T07:51:05","modified_gmt":"2025-11-27T06:51:05","slug":"specchio-di-ossidiana","status":"publish","type":"product","link":"https:\/\/laksmicrystal.com\/en\/prodotto\/specchio-di-ossidiana\/","title":{"rendered":"Specchio di Ossidiana"},"content":{"rendered":"<p><strong>Fai il primo passo verso la trasformazione.<\/strong><\/p>\n<p>L&#8217;ossidiana nera \u00e8 una pietra che rivela le verit\u00e0. Queste potrebbero non sempre essere le verit\u00e0 pi\u00f9 comode da affrontare. In effetti, alcune potrebbero essere decisamente severe. La cosa che rende il significato dell&#8217;ossidiana nera cos\u00ec potente per coloro che l&#8217;hanno sperimentato, \u00e8 che ti costringe a riconoscere comportamenti o azioni passate molto velocemente.<\/p>\n<p>Se sei attratto da uno specchio di ossidiana nera, sei pronto a confrontarti con i tuoi pensieri, convinzioni e sentimenti pi\u00f9 profondi attraverso l&#8217;autoriflessione. \u00c8 tempo di portare consapevolezza nelle aree della tua vita che vuoi apportare cambiamenti.<\/p>\n<p>Gli specchi sono spesso visti come oggetti di vanit\u00e0, ma gli specchi di Ossidiana nera si occupano di questioni pi\u00f9 profonde di cos\u00ec. La bellezza che troverai mentre ti connetti all&#8217;energia di questo specchio di ossidiana nera \u00e8 del tipo che solo un&#8217;anima veramente irradiata pu\u00f2 possedere. Entrare in contatto con il tuo io pi\u00f9 spiritualmente attraente non \u00e8 facile come fissare uno specchio magico. La vera bellezza interiore richiede lavoro. E per vedere che tipo di lavoro esattamente, vorrai consultare il tuo specchio di ossidiana nera.<\/p>\n<p>Tieni lo specchio di ossidiana tra le mani e guardalo dentro per vedere il tuo riflesso sulla sua superficie. Senza giudicare, cosa vedi? Osserva quali pensieri e sentimenti ti vengono in mente durante la tua auto-riflessione. Inizia con 5 minuti al giorno e poi gradualmente aumente. Non dimenticare di tenere con te sempre del Quarzo rosa o del Quarzo ialino per bilanciare il lavoro profondo dell\u2019ossidiana.<\/p>\n<p>Piccola \u00a0\u00d8 10<\/p>\n<p>Medio \u00a0 \u00a0\u00d8 13<\/p>\n<p>Grande \u00a0\u00d8 21<\/p>\n","protected":false},"excerpt":{"rendered":"<p>Fai il primo passo verso la trasformazione. L&#8217;ossidiana nera \u00e8 una pietra che rivela le verit\u00e0. Queste potrebbero non sempre essere le verit\u00e0 pi\u00f9 comode da affrontare. In effetti, alcune potrebbero essere decisamente severe. La cosa che rende il significato dell&#8217;ossidiana nera cos\u00ec potente per coloro che l&#8217;hanno sperimentato, \u00e8 che ti costringe a riconoscere [&hellip;]<\/p>\n","protected":false},"featured_media":3721,"template":"","meta":[],"product_brand":[],"product_cat":[18,94],"product_tag":[],"class_list":{"0":"post-3720","1":"product","2":"type-product","3":"status-publish","4":"has-post-thumbnail","6":"product_cat-cristalli","7":"product_cat-cristalli-neri","9":"first","10":"instock","11":"taxable","12":"shipping-taxable","13":"purchasable","14":"product-type-variable"},"yoast_head":"<!-- This site is optimized with the Yoast SEO plugin v25.5 - https:\/\/yoast.com\/wordpress\/plugins\/seo\/ -->\n<title>Specchio di Ossidiana | Laksmi Crystal<\/title>\n<meta name=\"robots\" content=\"index, follow, max-snippet:-1, max-image-preview:large, max-video-preview:-1\" \/>\n<link rel=\"canonical\" href=\"https:\/\/laksmicrystal.com\/prodotto\/specchio-di-ossidiana\/\" \/>\n<meta property=\"og:locale\" content=\"en_US\" \/>\n<meta property=\"og:type\" content=\"article\" \/>\n<meta property=\"og:title\" content=\"Specchio di Ossidiana | Laksmi Crystal\" \/>\n<meta property=\"og:description\" content=\"Fai il primo passo verso la trasformazione. L&#8217;ossidiana nera \u00e8 una pietra che rivela le verit\u00e0. Queste potrebbero non sempre essere le verit\u00e0 pi\u00f9 comode da affrontare. In effetti, alcune potrebbero essere decisamente severe. La cosa che rende il significato dell&#8217;ossidiana nera cos\u00ec potente per coloro che l&#8217;hanno sperimentato, \u00e8 che ti costringe a riconoscere [&hellip;]\" \/>\n<meta property=\"og:url\" content=\"https:\/\/laksmicrystal.com\/prodotto\/specchio-di-ossidiana\/\" \/>\n<meta property=\"og:site_name\" content=\"Laksmi Crystal\" \/>\n<meta property=\"article:publisher\" content=\"https:\/\/www.facebook.com\/Laksmicrystal\" \/>\n<meta property=\"article:modified_time\" content=\"2025-11-27T06:51:05+00:00\" \/>\n<meta property=\"og:image\" content=\"https:\/\/i0.wp.com\/laksmicrystal.com\/wp-content\/uploads\/2022\/02\/blackobsidianmirror-scryingmirror-energymuse_large-1.png?fit=480%2C345&ssl=1\" \/>\n\t<meta property=\"og:image:width\" content=\"480\" \/>\n\t<meta property=\"og:image:height\" content=\"345\" \/>\n\t<meta property=\"og:image:type\" content=\"image\/png\" \/>\n<meta name=\"twitter:card\" content=\"summary_large_image\" \/>\n<meta name=\"twitter:label1\" content=\"Est. reading time\" \/>\n\t<meta name=\"twitter:data1\" content=\"1 minute\" \/>\n<script type=\"application\/ld+json\" class=\"yoast-schema-graph\">{\"@context\":\"https:\/\/schema.org\",\"@graph\":[{\"@type\":\"WebPage\",\"@id\":\"https:\/\/laksmicrystal.com\/prodotto\/specchio-di-ossidiana\/\",\"url\":\"https:\/\/laksmicrystal.com\/prodotto\/specchio-di-ossidiana\/\",\"name\":\"Specchio di Ossidiana | Laksmi Crystal\",\"isPartOf\":{\"@id\":\"https:\/\/laksmicrystal.com\/#website\"},\"primaryImageOfPage\":{\"@id\":\"https:\/\/laksmicrystal.com\/prodotto\/specchio-di-ossidiana\/#primaryimage\"},\"image\":{\"@id\":\"https:\/\/laksmicrystal.com\/prodotto\/specchio-di-ossidiana\/#primaryimage\"},\"thumbnailUrl\":\"https:\/\/i0.wp.com\/laksmicrystal.com\/wp-content\/uploads\/2022\/02\/blackobsidianmirror-scryingmirror-energymuse_large-1.png?fit=480%2C345&ssl=1\",\"datePublished\":\"2022-02-24T16:12:40+00:00\",\"dateModified\":\"2025-11-27T06:51:05+00:00\",\"breadcrumb\":{\"@id\":\"https:\/\/laksmicrystal.com\/prodotto\/specchio-di-ossidiana\/#breadcrumb\"},\"inLanguage\":\"en-US\",\"potentialAction\":[{\"@type\":\"ReadAction\",\"target\":[\"https:\/\/laksmicrystal.com\/prodotto\/specchio-di-ossidiana\/\"]}]},{\"@type\":\"ImageObject\",\"inLanguage\":\"en-US\",\"@id\":\"https:\/\/laksmicrystal.com\/prodotto\/specchio-di-ossidiana\/#primaryimage\",\"url\":\"https:\/\/i0.wp.com\/laksmicrystal.com\/wp-content\/uploads\/2022\/02\/blackobsidianmirror-scryingmirror-energymuse_large-1.png?fit=480%2C345&ssl=1\",\"contentUrl\":\"https:\/\/i0.wp.com\/laksmicrystal.com\/wp-content\/uploads\/2022\/02\/blackobsidianmirror-scryingmirror-energymuse_large-1.png?fit=480%2C345&ssl=1\",\"width\":480,\"height\":345},{\"@type\":\"BreadcrumbList\",\"@id\":\"https:\/\/laksmicrystal.com\/prodotto\/specchio-di-ossidiana\/#breadcrumb\",\"itemListElement\":[{\"@type\":\"ListItem\",\"position\":1,\"name\":\"Home\",\"item\":\"https:\/\/laksmicrystal.com\/en\/home\/\"},{\"@type\":\"ListItem\",\"position\":2,\"name\":\"Shop\",\"item\":\"https:\/\/laksmicrystal.com\/en\/shop\/\"},{\"@type\":\"ListItem\",\"position\":3,\"name\":\"Specchio di Ossidiana\"}]},{\"@type\":\"WebSite\",\"@id\":\"https:\/\/laksmicrystal.com\/#website\",\"url\":\"https:\/\/laksmicrystal.com\/\",\"name\":\"Laksmi Crystal\",\"description\":\"Eleva il tuo stile di vita\",\"publisher\":{\"@id\":\"https:\/\/laksmicrystal.com\/#organization\"},\"potentialAction\":[{\"@type\":\"SearchAction\",\"target\":{\"@type\":\"EntryPoint\",\"urlTemplate\":\"https:\/\/laksmicrystal.com\/?s={search_term_string}\"},\"query-input\":{\"@type\":\"PropertyValueSpecification\",\"valueRequired\":true,\"valueName\":\"search_term_string\"}}],\"inLanguage\":\"en-US\"},{\"@type\":\"Organization\",\"@id\":\"https:\/\/laksmicrystal.com\/#organization\",\"name\":\"Laksmi Crystal\",\"url\":\"https:\/\/laksmicrystal.com\/\",\"logo\":{\"@type\":\"ImageObject\",\"inLanguage\":\"en-US\",\"@id\":\"https:\/\/laksmicrystal.com\/#\/schema\/logo\/image\/\",\"url\":\"https:\/\/i0.wp.com\/laksmicrystal.com\/wp-content\/uploads\/2021\/08\/favicon-laksmi-02.png?fit=512%2C513&ssl=1\",\"contentUrl\":\"https:\/\/i0.wp.com\/laksmicrystal.com\/wp-content\/uploads\/2021\/08\/favicon-laksmi-02.png?fit=512%2C513&ssl=1\",\"width\":512,\"height\":513,\"caption\":\"Laksmi Crystal\"},\"image\":{\"@id\":\"https:\/\/laksmicrystal.com\/#\/schema\/logo\/image\/\"},\"sameAs\":[\"https:\/\/www.facebook.com\/Laksmicrystal\",\"https:\/\/www.instagram.com\/laksmicrystal\/\"]}]}<\/script>\n<!-- \/ Yoast SEO plugin. -->","yoast_head_json":{"title":"Specchio di Ossidiana | Laksmi Crystal","robots":{"index":"index","follow":"follow","max-snippet":"max-snippet:-1","max-image-preview":"max-image-preview:large","max-video-preview":"max-video-preview:-1"},"canonical":"https:\/\/laksmicrystal.com\/prodotto\/specchio-di-ossidiana\/","og_locale":"en_US","og_type":"article","og_title":"Specchio di Ossidiana | Laksmi Crystal","og_description":"Fai il primo passo verso la trasformazione. L&#8217;ossidiana nera \u00e8 una pietra che rivela le verit\u00e0. Queste potrebbero non sempre essere le verit\u00e0 pi\u00f9 comode da affrontare. In effetti, alcune potrebbero essere decisamente severe. La cosa che rende il significato dell&#8217;ossidiana nera cos\u00ec potente per coloro che l&#8217;hanno sperimentato, \u00e8 che ti costringe a riconoscere [&hellip;]","og_url":"https:\/\/laksmicrystal.com\/prodotto\/specchio-di-ossidiana\/","og_site_name":"Laksmi Crystal","article_publisher":"https:\/\/www.facebook.com\/Laksmicrystal","article_modified_time":"2025-11-27T06:51:05+00:00","og_image":[{"width":480,"height":345,"url":"https:\/\/i0.wp.com\/laksmicrystal.com\/wp-content\/uploads\/2022\/02\/blackobsidianmirror-scryingmirror-energymuse_large-1.png?fit=480%2C345&ssl=1","type":"image\/png"}],"twitter_card":"summary_large_image","twitter_misc":{"Est. reading time":"1 minute"},"schema":{"@context":"https:\/\/schema.org","@graph":[{"@type":"WebPage","@id":"https:\/\/laksmicrystal.com\/prodotto\/specchio-di-ossidiana\/","url":"https:\/\/laksmicrystal.com\/prodotto\/specchio-di-ossidiana\/","name":"Specchio di Ossidiana | Laksmi Crystal","isPartOf":{"@id":"https:\/\/laksmicrystal.com\/#website"},"primaryImageOfPage":{"@id":"https:\/\/laksmicrystal.com\/prodotto\/specchio-di-ossidiana\/#primaryimage"},"image":{"@id":"https:\/\/laksmicrystal.com\/prodotto\/specchio-di-ossidiana\/#primaryimage"},"thumbnailUrl":"https:\/\/i0.wp.com\/laksmicrystal.com\/wp-content\/uploads\/2022\/02\/blackobsidianmirror-scryingmirror-energymuse_large-1.png?fit=480%2C345&ssl=1","datePublished":"2022-02-24T16:12:40+00:00","dateModified":"2025-11-27T06:51:05+00:00","breadcrumb":{"@id":"https:\/\/laksmicrystal.com\/prodotto\/specchio-di-ossidiana\/#breadcrumb"},"inLanguage":"en-US","potentialAction":[{"@type":"ReadAction","target":["https:\/\/laksmicrystal.com\/prodotto\/specchio-di-ossidiana\/"]}]},{"@type":"ImageObject","inLanguage":"en-US","@id":"https:\/\/laksmicrystal.com\/prodotto\/specchio-di-ossidiana\/#primaryimage","url":"https:\/\/i0.wp.com\/laksmicrystal.com\/wp-content\/uploads\/2022\/02\/blackobsidianmirror-scryingmirror-energymuse_large-1.png?fit=480%2C345&ssl=1","contentUrl":"https:\/\/i0.wp.com\/laksmicrystal.com\/wp-content\/uploads\/2022\/02\/blackobsidianmirror-scryingmirror-energymuse_large-1.png?fit=480%2C345&ssl=1","width":480,"height":345},{"@type":"BreadcrumbList","@id":"https:\/\/laksmicrystal.com\/prodotto\/specchio-di-ossidiana\/#breadcrumb","itemListElement":[{"@type":"ListItem","position":1,"name":"Home","item":"https:\/\/laksmicrystal.com\/en\/home\/"},{"@type":"ListItem","position":2,"name":"Shop","item":"https:\/\/laksmicrystal.com\/en\/shop\/"},{"@type":"ListItem","position":3,"name":"Specchio di Ossidiana"}]},{"@type":"WebSite","@id":"https:\/\/laksmicrystal.com\/#website","url":"https:\/\/laksmicrystal.com\/","name":"Laksmi Crystal","description":"Eleva il tuo stile di vita","publisher":{"@id":"https:\/\/laksmicrystal.com\/#organization"},"potentialAction":[{"@type":"SearchAction","target":{"@type":"EntryPoint","urlTemplate":"https:\/\/laksmicrystal.com\/?s={search_term_string}"},"query-input":{"@type":"PropertyValueSpecification","valueRequired":true,"valueName":"search_term_string"}}],"inLanguage":"en-US"},{"@type":"Organization","@id":"https:\/\/laksmicrystal.com\/#organization","name":"Laksmi Crystal","url":"https:\/\/laksmicrystal.com\/","logo":{"@type":"ImageObject","inLanguage":"en-US","@id":"https:\/\/laksmicrystal.com\/#\/schema\/logo\/image\/","url":"https:\/\/i0.wp.com\/laksmicrystal.com\/wp-content\/uploads\/2021\/08\/favicon-laksmi-02.png?fit=512%2C513&ssl=1","contentUrl":"https:\/\/i0.wp.com\/laksmicrystal.com\/wp-content\/uploads\/2021\/08\/favicon-laksmi-02.png?fit=512%2C513&ssl=1","width":512,"height":513,"caption":"Laksmi Crystal"},"image":{"@id":"https:\/\/laksmicrystal.com\/#\/schema\/logo\/image\/"},"sameAs":["https:\/\/www.facebook.com\/Laksmicrystal","https:\/\/www.instagram.com\/laksmicrystal\/"]}]}},"jetpack_sharing_enabled":true,"_links":{"self":[{"href":"https:\/\/laksmicrystal.com\/en\/wp-json\/wp\/v2\/product\/3720","targetHints":{"allow":["GET"]}}],"collection":[{"href":"https:\/\/laksmicrystal.com\/en\/wp-json\/wp\/v2\/product"}],"about":[{"href":"https:\/\/laksmicrystal.com\/en\/wp-json\/wp\/v2\/types\/product"}],"wp:featuredmedia":[{"embeddable":true,"href":"https:\/\/laksmicrystal.com\/en\/wp-json\/wp\/v2\/media\/3721"}],"wp:attachment":[{"href":"https:\/\/laksmicrystal.com\/en\/wp-json\/wp\/v2\/media?parent=3720"}],"wp:term":[{"taxonomy":"product_brand","embeddable":true,"href":"https:\/\/laksmicrystal.com\/en\/wp-json\/wp\/v2\/product_brand?post=3720"},{"taxonomy":"product_cat","embeddable":true,"href":"https:\/\/laksmicrystal.com\/en\/wp-json\/wp\/v2\/product_cat?post=3720"},{"taxonomy":"product_tag","embeddable":true,"href":"https:\/\/laksmicrystal.com\/en\/wp-json\/wp\/v2\/product_tag?post=3720"}],"curies":[{"name":"wp","href":"https:\/\/api.w.org\/{rel}","templated":true}]}}