{"id":3758,"date":"2022-03-05T10:53:59","date_gmt":"2022-03-05T09:53:59","guid":{"rendered":"https:\/\/laksmicrystal.com\/?post_type=product&#038;p=3758"},"modified":"2025-12-15T11:30:16","modified_gmt":"2025-12-15T10:30:16","slug":"pirite-sfera-4","status":"publish","type":"product","link":"https:\/\/laksmicrystal.com\/en\/prodotto\/pirite-sfera-4\/","title":{"rendered":"Blue Lemurian Aquatine (Onice Blu)"},"content":{"rendered":"<p>La Blue Lemurian Aquatine viene estratta in Argentina. In realt\u00e0, il nome Blue Lemurian Aquatine \u00e9 un nome registrato da Robert Simmons, un noto autore nel campo dello studio dei cristalli di guarigione. La pietra ha altri diversi nomi, tra cui Calcite blu argentina, Calcite acquatica (o Aqua Calcite), Onice blu argentina, Onice lemuriana, Calcite blu lemuriana, Calcite oceanica e altri ancora, noi oltre a quello registrato e di &#8220;scena&#8221;, la conosciamo come Onice Blu. Sebbene l&#8217;onice blu si trovi in molte parti del mondo, le pietre trovate in Argentina sono generalmente considerate la variet\u00e0 di onice acquatico lemuriano.<\/p>\n<p>Il nome affonda le sue radici nella Lemuria, un antico continente leggendario che si ritiene sia esistito nell&#8217;Oceano Indiano. Se avete familiarit\u00e0 con le leggende di Atlantide e Mu, Lemuria \u00e8 uno di questi continenti mitologici che si dice abbiano prosperato in un lontano passato. Secondo questi miti, Lemuria era una civilt\u00e0 molto avanzata e considerata la culla dell&#8217;umanit\u00e0. Tuttavia, si verific\u00f2 un cataclisma che la fece sprofondare negli abissi oceanici.<\/p>\n<p>La Blue Lemurian Aquatine\u00a0\u00e8 una bellissima pietra dal colore verde acqua e blu, che la fa assomigliare alle tonalit\u00e0 rilassanti dell&#8217;oceano. La pietra stessa risuona con l&#8217;acqua. Si dice che abbia portato con s\u00e9 la saggezza segreta degli antichi, pronta a divulgare la sua conoscenza a coloro che tengono questo cristallo tra le mani.<\/p>\n<p>\u00c8 una potente pietra calmante, che la rende molto utile nella meditazione, molto efficace per connettersi con il s\u00e9 superiore, aiuta a ricordare i sogni in modo pi\u00f9 vivido e induce il sogno lucido. Nei momenti di stress e di crisi spirituale, si pu\u00f2 anche usare questo cristallo per connettersi con i regni superiori e chiedere la protezione del proprio spirito guida.<\/p>\n<p>La Blue Lemurian Aquatine \u00e8 utilizzata da molti per le sue propriet\u00e0 metafisiche, come la possibilit\u00e0 di comunicare con gli spiriti guida nei regni superiori e di potenziare l&#8217;intuizione.<\/p>\n<p>Origine: Argentina<\/p>\n<p>Peso: 686 gr<\/p>\n<p>Misura: 13 cm<\/p>\n","protected":false},"excerpt":{"rendered":"<p>La Blue Lemurian Aquatine viene estratta in Argentina. In realt\u00e0, il nome Blue Lemurian Aquatine \u00e9 un nome registrato da Robert Simmons, un noto autore nel campo dello studio dei cristalli di guarigione. La pietra ha altri diversi nomi, tra cui Calcite blu argentina, Calcite acquatica (o Aqua Calcite), Onice blu argentina, Onice lemuriana, Calcite [&hellip;]<\/p>\n","protected":false},"featured_media":6504,"template":"","meta":[],"product_brand":[],"product_cat":[18,101],"product_tag":[],"class_list":{"0":"post-3758","1":"product","2":"type-product","3":"status-publish","4":"has-post-thumbnail","6":"product_cat-cristalli","7":"product_cat-cristalli-blu-e-azzurri","9":"first","10":"outofstock","11":"taxable","12":"shipping-taxable","13":"purchasable","14":"product-type-simple"},"yoast_head":"<!-- This site is optimized with the Yoast SEO plugin v25.5 - https:\/\/yoast.com\/wordpress\/plugins\/seo\/ -->\n<title>Blue Lemurian Aquatine (Onice Blu) | Laksmi Crystal<\/title>\n<meta name=\"robots\" content=\"index, follow, max-snippet:-1, max-image-preview:large, max-video-preview:-1\" \/>\n<link rel=\"canonical\" href=\"https:\/\/laksmicrystal.com\/prodotto\/pirite-sfera-4\/\" \/>\n<meta property=\"og:locale\" content=\"en_US\" \/>\n<meta property=\"og:type\" content=\"article\" \/>\n<meta property=\"og:title\" content=\"Blue Lemurian Aquatine (Onice Blu) | Laksmi Crystal\" \/>\n<meta property=\"og:description\" content=\"La Blue Lemurian Aquatine viene estratta in Argentina. In realt\u00e0, il nome Blue Lemurian Aquatine \u00e9 un nome registrato da Robert Simmons, un noto autore nel campo dello studio dei cristalli di guarigione. La pietra ha altri diversi nomi, tra cui Calcite blu argentina, Calcite acquatica (o Aqua Calcite), Onice blu argentina, Onice lemuriana, Calcite [&hellip;]\" \/>\n<meta property=\"og:url\" content=\"https:\/\/laksmicrystal.com\/prodotto\/pirite-sfera-4\/\" \/>\n<meta property=\"og:site_name\" content=\"Laksmi Crystal\" \/>\n<meta property=\"article:publisher\" content=\"https:\/\/www.facebook.com\/Laksmicrystal\" \/>\n<meta property=\"article:modified_time\" content=\"2025-12-15T10:30:16+00:00\" \/>\n<meta property=\"og:image\" content=\"https:\/\/laksmicrystal.com\/wp-content\/uploads\/2022\/03\/image00315-scaled.jpeg\" \/>\n\t<meta property=\"og:image:width\" content=\"1920\" \/>\n\t<meta property=\"og:image:height\" content=\"2560\" \/>\n\t<meta property=\"og:image:type\" content=\"image\/jpeg\" \/>\n<meta name=\"twitter:card\" content=\"summary_large_image\" \/>\n<meta name=\"twitter:label1\" content=\"Est. reading time\" \/>\n\t<meta name=\"twitter:data1\" content=\"2 minutes\" \/>\n<script type=\"application\/ld+json\" class=\"yoast-schema-graph\">{\"@context\":\"https:\/\/schema.org\",\"@graph\":[{\"@type\":\"WebPage\",\"@id\":\"https:\/\/laksmicrystal.com\/prodotto\/pirite-sfera-4\/\",\"url\":\"https:\/\/laksmicrystal.com\/prodotto\/pirite-sfera-4\/\",\"name\":\"Blue Lemurian Aquatine (Onice Blu) | Laksmi Crystal\",\"isPartOf\":{\"@id\":\"https:\/\/laksmicrystal.com\/#website\"},\"primaryImageOfPage\":{\"@id\":\"https:\/\/laksmicrystal.com\/prodotto\/pirite-sfera-4\/#primaryimage\"},\"image\":{\"@id\":\"https:\/\/laksmicrystal.com\/prodotto\/pirite-sfera-4\/#primaryimage\"},\"thumbnailUrl\":\"https:\/\/i0.wp.com\/laksmicrystal.com\/wp-content\/uploads\/2022\/03\/image00315-scaled.jpeg?fit=1920%2C2560&ssl=1\",\"datePublished\":\"2022-03-05T09:53:59+00:00\",\"dateModified\":\"2025-12-15T10:30:16+00:00\",\"breadcrumb\":{\"@id\":\"https:\/\/laksmicrystal.com\/prodotto\/pirite-sfera-4\/#breadcrumb\"},\"inLanguage\":\"en-US\",\"potentialAction\":[{\"@type\":\"ReadAction\",\"target\":[\"https:\/\/laksmicrystal.com\/prodotto\/pirite-sfera-4\/\"]}]},{\"@type\":\"ImageObject\",\"inLanguage\":\"en-US\",\"@id\":\"https:\/\/laksmicrystal.com\/prodotto\/pirite-sfera-4\/#primaryimage\",\"url\":\"https:\/\/i0.wp.com\/laksmicrystal.com\/wp-content\/uploads\/2022\/03\/image00315-scaled.jpeg?fit=1920%2C2560&ssl=1\",\"contentUrl\":\"https:\/\/i0.wp.com\/laksmicrystal.com\/wp-content\/uploads\/2022\/03\/image00315-scaled.jpeg?fit=1920%2C2560&ssl=1\",\"width\":1920,\"height\":2560},{\"@type\":\"BreadcrumbList\",\"@id\":\"https:\/\/laksmicrystal.com\/prodotto\/pirite-sfera-4\/#breadcrumb\",\"itemListElement\":[{\"@type\":\"ListItem\",\"position\":1,\"name\":\"Home\",\"item\":\"https:\/\/laksmicrystal.com\/en\/home\/\"},{\"@type\":\"ListItem\",\"position\":2,\"name\":\"Shop\",\"item\":\"https:\/\/laksmicrystal.com\/en\/shop\/\"},{\"@type\":\"ListItem\",\"position\":3,\"name\":\"Blue Lemurian Aquatine (Onice Blu)\"}]},{\"@type\":\"WebSite\",\"@id\":\"https:\/\/laksmicrystal.com\/#website\",\"url\":\"https:\/\/laksmicrystal.com\/\",\"name\":\"Laksmi Crystal\",\"description\":\"Eleva il tuo stile di vita\",\"publisher\":{\"@id\":\"https:\/\/laksmicrystal.com\/#organization\"},\"potentialAction\":[{\"@type\":\"SearchAction\",\"target\":{\"@type\":\"EntryPoint\",\"urlTemplate\":\"https:\/\/laksmicrystal.com\/?s={search_term_string}\"},\"query-input\":{\"@type\":\"PropertyValueSpecification\",\"valueRequired\":true,\"valueName\":\"search_term_string\"}}],\"inLanguage\":\"en-US\"},{\"@type\":\"Organization\",\"@id\":\"https:\/\/laksmicrystal.com\/#organization\",\"name\":\"Laksmi Crystal\",\"url\":\"https:\/\/laksmicrystal.com\/\",\"logo\":{\"@type\":\"ImageObject\",\"inLanguage\":\"en-US\",\"@id\":\"https:\/\/laksmicrystal.com\/#\/schema\/logo\/image\/\",\"url\":\"https:\/\/i0.wp.com\/laksmicrystal.com\/wp-content\/uploads\/2021\/08\/favicon-laksmi-02.png?fit=512%2C513&ssl=1\",\"contentUrl\":\"https:\/\/i0.wp.com\/laksmicrystal.com\/wp-content\/uploads\/2021\/08\/favicon-laksmi-02.png?fit=512%2C513&ssl=1\",\"width\":512,\"height\":513,\"caption\":\"Laksmi Crystal\"},\"image\":{\"@id\":\"https:\/\/laksmicrystal.com\/#\/schema\/logo\/image\/\"},\"sameAs\":[\"https:\/\/www.facebook.com\/Laksmicrystal\",\"https:\/\/www.instagram.com\/laksmicrystal\/\"]}]}<\/script>\n<!-- \/ Yoast SEO plugin. -->","yoast_head_json":{"title":"Blue Lemurian Aquatine (Onice Blu) | Laksmi Crystal","robots":{"index":"index","follow":"follow","max-snippet":"max-snippet:-1","max-image-preview":"max-image-preview:large","max-video-preview":"max-video-preview:-1"},"canonical":"https:\/\/laksmicrystal.com\/prodotto\/pirite-sfera-4\/","og_locale":"en_US","og_type":"article","og_title":"Blue Lemurian Aquatine (Onice Blu) | Laksmi Crystal","og_description":"La Blue Lemurian Aquatine viene estratta in Argentina. In realt\u00e0, il nome Blue Lemurian Aquatine \u00e9 un nome registrato da Robert Simmons, un noto autore nel campo dello studio dei cristalli di guarigione. La pietra ha altri diversi nomi, tra cui Calcite blu argentina, Calcite acquatica (o Aqua Calcite), Onice blu argentina, Onice lemuriana, Calcite [&hellip;]","og_url":"https:\/\/laksmicrystal.com\/prodotto\/pirite-sfera-4\/","og_site_name":"Laksmi Crystal","article_publisher":"https:\/\/www.facebook.com\/Laksmicrystal","article_modified_time":"2025-12-15T10:30:16+00:00","og_image":[{"width":1920,"height":2560,"url":"https:\/\/laksmicrystal.com\/wp-content\/uploads\/2022\/03\/image00315-scaled.jpeg","type":"image\/jpeg"}],"twitter_card":"summary_large_image","twitter_misc":{"Est. reading time":"2 minutes"},"schema":{"@context":"https:\/\/schema.org","@graph":[{"@type":"WebPage","@id":"https:\/\/laksmicrystal.com\/prodotto\/pirite-sfera-4\/","url":"https:\/\/laksmicrystal.com\/prodotto\/pirite-sfera-4\/","name":"Blue Lemurian Aquatine (Onice Blu) | Laksmi Crystal","isPartOf":{"@id":"https:\/\/laksmicrystal.com\/#website"},"primaryImageOfPage":{"@id":"https:\/\/laksmicrystal.com\/prodotto\/pirite-sfera-4\/#primaryimage"},"image":{"@id":"https:\/\/laksmicrystal.com\/prodotto\/pirite-sfera-4\/#primaryimage"},"thumbnailUrl":"https:\/\/i0.wp.com\/laksmicrystal.com\/wp-content\/uploads\/2022\/03\/image00315-scaled.jpeg?fit=1920%2C2560&ssl=1","datePublished":"2022-03-05T09:53:59+00:00","dateModified":"2025-12-15T10:30:16+00:00","breadcrumb":{"@id":"https:\/\/laksmicrystal.com\/prodotto\/pirite-sfera-4\/#breadcrumb"},"inLanguage":"en-US","potentialAction":[{"@type":"ReadAction","target":["https:\/\/laksmicrystal.com\/prodotto\/pirite-sfera-4\/"]}]},{"@type":"ImageObject","inLanguage":"en-US","@id":"https:\/\/laksmicrystal.com\/prodotto\/pirite-sfera-4\/#primaryimage","url":"https:\/\/i0.wp.com\/laksmicrystal.com\/wp-content\/uploads\/2022\/03\/image00315-scaled.jpeg?fit=1920%2C2560&ssl=1","contentUrl":"https:\/\/i0.wp.com\/laksmicrystal.com\/wp-content\/uploads\/2022\/03\/image00315-scaled.jpeg?fit=1920%2C2560&ssl=1","width":1920,"height":2560},{"@type":"BreadcrumbList","@id":"https:\/\/laksmicrystal.com\/prodotto\/pirite-sfera-4\/#breadcrumb","itemListElement":[{"@type":"ListItem","position":1,"name":"Home","item":"https:\/\/laksmicrystal.com\/en\/home\/"},{"@type":"ListItem","position":2,"name":"Shop","item":"https:\/\/laksmicrystal.com\/en\/shop\/"},{"@type":"ListItem","position":3,"name":"Blue Lemurian Aquatine (Onice Blu)"}]},{"@type":"WebSite","@id":"https:\/\/laksmicrystal.com\/#website","url":"https:\/\/laksmicrystal.com\/","name":"Laksmi Crystal","description":"Eleva il tuo stile di vita","publisher":{"@id":"https:\/\/laksmicrystal.com\/#organization"},"potentialAction":[{"@type":"SearchAction","target":{"@type":"EntryPoint","urlTemplate":"https:\/\/laksmicrystal.com\/?s={search_term_string}"},"query-input":{"@type":"PropertyValueSpecification","valueRequired":true,"valueName":"search_term_string"}}],"inLanguage":"en-US"},{"@type":"Organization","@id":"https:\/\/laksmicrystal.com\/#organization","name":"Laksmi Crystal","url":"https:\/\/laksmicrystal.com\/","logo":{"@type":"ImageObject","inLanguage":"en-US","@id":"https:\/\/laksmicrystal.com\/#\/schema\/logo\/image\/","url":"https:\/\/i0.wp.com\/laksmicrystal.com\/wp-content\/uploads\/2021\/08\/favicon-laksmi-02.png?fit=512%2C513&ssl=1","contentUrl":"https:\/\/i0.wp.com\/laksmicrystal.com\/wp-content\/uploads\/2021\/08\/favicon-laksmi-02.png?fit=512%2C513&ssl=1","width":512,"height":513,"caption":"Laksmi Crystal"},"image":{"@id":"https:\/\/laksmicrystal.com\/#\/schema\/logo\/image\/"},"sameAs":["https:\/\/www.facebook.com\/Laksmicrystal","https:\/\/www.instagram.com\/laksmicrystal\/"]}]}},"jetpack_sharing_enabled":true,"_links":{"self":[{"href":"https:\/\/laksmicrystal.com\/en\/wp-json\/wp\/v2\/product\/3758","targetHints":{"allow":["GET"]}}],"collection":[{"href":"https:\/\/laksmicrystal.com\/en\/wp-json\/wp\/v2\/product"}],"about":[{"href":"https:\/\/laksmicrystal.com\/en\/wp-json\/wp\/v2\/types\/product"}],"wp:featuredmedia":[{"embeddable":true,"href":"https:\/\/laksmicrystal.com\/en\/wp-json\/wp\/v2\/media\/6504"}],"wp:attachment":[{"href":"https:\/\/laksmicrystal.com\/en\/wp-json\/wp\/v2\/media?parent=3758"}],"wp:term":[{"taxonomy":"product_brand","embeddable":true,"href":"https:\/\/laksmicrystal.com\/en\/wp-json\/wp\/v2\/product_brand?post=3758"},{"taxonomy":"product_cat","embeddable":true,"href":"https:\/\/laksmicrystal.com\/en\/wp-json\/wp\/v2\/product_cat?post=3758"},{"taxonomy":"product_tag","embeddable":true,"href":"https:\/\/laksmicrystal.com\/en\/wp-json\/wp\/v2\/product_tag?post=3758"}],"curies":[{"name":"wp","href":"https:\/\/api.w.org\/{rel}","templated":true}]}}