{"id":3824,"date":"2022-03-05T16:00:54","date_gmt":"2022-03-05T15:00:54","guid":{"rendered":"https:\/\/laksmicrystal.com\/?post_type=product&#038;p=3824"},"modified":"2025-09-12T10:58:58","modified_gmt":"2025-09-12T08:58:58","slug":"pirite-grezza-c","status":"publish","type":"product","link":"https:\/\/laksmicrystal.com\/en\/prodotto\/pirite-grezza-c\/","title":{"rendered":"Pirite Grezza"},"content":{"rendered":"<p>La pirite \u00e8 spesso chiamata &#8220;L\u2019oro degli stolti&#8221;, nome che le \u00e8 stato dato per la sua somiglianza con l&#8217;oro vero. La pirite potrebbe non avere il valore monetario dell\u2019oro, ma \u00e8 un tesoro metafisico. Connettiti con questa pietra quando vuoi scoprire i tuoi doni ed essere visto dal mondo<\/p>\n<p>La pirite \u00a0simboleggia il calore e la presenza duratura del sole e la capacit\u00e0 di generare ricchezza con il proprio potere. \u00c8 di natura maschile, una pietra di azione, vitalit\u00e0 e volont\u00e0, che attinge alle proprie capacit\u00e0 e potenzialit\u00e0,\u00a0 porta fiducia e determinazione ci aiuta ad arrivare fino in fondo alle cose e portarle al completamento.<\/p>\n<p><strong>La Pirite stimola il flusso di idee e dona alla nostra mente la voglia dell\u2019ordine, aiutandoci ad archiviare le informazioni.<\/strong><\/p>\n<p>Origine: Per\u00f9<\/p>\n<p>Peso: 826 g<\/p>\n<p>Dimensioni: 12 x 8 x 6 cm<\/p>\n","protected":false},"excerpt":{"rendered":"<p>La pirite \u00e8 spesso chiamata &#8220;L\u2019oro degli stolti&#8221;, nome che le \u00e8 stato dato per la sua somiglianza con l&#8217;oro vero. La pirite potrebbe non avere il valore monetario dell\u2019oro, ma \u00e8 un tesoro metafisico. Connettiti con questa pietra quando vuoi scoprire i tuoi doni ed essere visto dal mondo La pirite \u00a0simboleggia il calore [&hellip;]<\/p>\n","protected":false},"featured_media":7087,"template":"","meta":[],"product_brand":[],"product_cat":[18,98],"product_tag":[],"class_list":{"0":"post-3824","1":"product","2":"type-product","3":"status-publish","4":"has-post-thumbnail","6":"product_cat-cristalli","7":"product_cat-cristalli-gialli","9":"first","10":"instock","11":"taxable","12":"shipping-taxable","13":"purchasable","14":"product-type-simple"},"yoast_head":"<!-- This site is optimized with the Yoast SEO plugin v25.5 - https:\/\/yoast.com\/wordpress\/plugins\/seo\/ -->\n<title>Pirite Grezza | Laksmi Crystal<\/title>\n<meta name=\"robots\" content=\"index, follow, max-snippet:-1, max-image-preview:large, max-video-preview:-1\" \/>\n<link rel=\"canonical\" href=\"https:\/\/laksmicrystal.com\/prodotto\/pirite-grezza-c\/\" \/>\n<meta property=\"og:locale\" content=\"en_US\" \/>\n<meta property=\"og:type\" content=\"article\" \/>\n<meta property=\"og:title\" content=\"Pirite Grezza | Laksmi Crystal\" \/>\n<meta property=\"og:description\" content=\"La pirite \u00e8 spesso chiamata &#8220;L\u2019oro degli stolti&#8221;, nome che le \u00e8 stato dato per la sua somiglianza con l&#8217;oro vero. La pirite potrebbe non avere il valore monetario dell\u2019oro, ma \u00e8 un tesoro metafisico. Connettiti con questa pietra quando vuoi scoprire i tuoi doni ed essere visto dal mondo La pirite \u00a0simboleggia il calore [&hellip;]\" \/>\n<meta property=\"og:url\" content=\"https:\/\/laksmicrystal.com\/prodotto\/pirite-grezza-c\/\" \/>\n<meta property=\"og:site_name\" content=\"Laksmi Crystal\" \/>\n<meta property=\"article:publisher\" content=\"https:\/\/www.facebook.com\/Laksmicrystal\" \/>\n<meta property=\"article:modified_time\" content=\"2025-09-12T08:58:58+00:00\" \/>\n<meta property=\"og:image\" content=\"https:\/\/laksmicrystal.com\/wp-content\/uploads\/2022\/03\/IMG_37051-scaled.jpeg\" \/>\n\t<meta property=\"og:image:width\" content=\"1920\" \/>\n\t<meta property=\"og:image:height\" content=\"2560\" \/>\n\t<meta property=\"og:image:type\" content=\"image\/jpeg\" \/>\n<meta name=\"twitter:card\" content=\"summary_large_image\" \/>\n<meta name=\"twitter:label1\" content=\"Est. reading time\" \/>\n\t<meta name=\"twitter:data1\" content=\"1 minute\" \/>\n<script type=\"application\/ld+json\" class=\"yoast-schema-graph\">{\"@context\":\"https:\/\/schema.org\",\"@graph\":[{\"@type\":\"WebPage\",\"@id\":\"https:\/\/laksmicrystal.com\/prodotto\/pirite-grezza-c\/\",\"url\":\"https:\/\/laksmicrystal.com\/prodotto\/pirite-grezza-c\/\",\"name\":\"Pirite Grezza | Laksmi Crystal\",\"isPartOf\":{\"@id\":\"https:\/\/laksmicrystal.com\/#website\"},\"primaryImageOfPage\":{\"@id\":\"https:\/\/laksmicrystal.com\/prodotto\/pirite-grezza-c\/#primaryimage\"},\"image\":{\"@id\":\"https:\/\/laksmicrystal.com\/prodotto\/pirite-grezza-c\/#primaryimage\"},\"thumbnailUrl\":\"https:\/\/i0.wp.com\/laksmicrystal.com\/wp-content\/uploads\/2022\/03\/IMG_37051-scaled.jpeg?fit=1920%2C2560&ssl=1\",\"datePublished\":\"2022-03-05T15:00:54+00:00\",\"dateModified\":\"2025-09-12T08:58:58+00:00\",\"breadcrumb\":{\"@id\":\"https:\/\/laksmicrystal.com\/prodotto\/pirite-grezza-c\/#breadcrumb\"},\"inLanguage\":\"en-US\",\"potentialAction\":[{\"@type\":\"ReadAction\",\"target\":[\"https:\/\/laksmicrystal.com\/prodotto\/pirite-grezza-c\/\"]}]},{\"@type\":\"ImageObject\",\"inLanguage\":\"en-US\",\"@id\":\"https:\/\/laksmicrystal.com\/prodotto\/pirite-grezza-c\/#primaryimage\",\"url\":\"https:\/\/i0.wp.com\/laksmicrystal.com\/wp-content\/uploads\/2022\/03\/IMG_37051-scaled.jpeg?fit=1920%2C2560&ssl=1\",\"contentUrl\":\"https:\/\/i0.wp.com\/laksmicrystal.com\/wp-content\/uploads\/2022\/03\/IMG_37051-scaled.jpeg?fit=1920%2C2560&ssl=1\",\"width\":1920,\"height\":2560},{\"@type\":\"BreadcrumbList\",\"@id\":\"https:\/\/laksmicrystal.com\/prodotto\/pirite-grezza-c\/#breadcrumb\",\"itemListElement\":[{\"@type\":\"ListItem\",\"position\":1,\"name\":\"Home\",\"item\":\"https:\/\/laksmicrystal.com\/en\/home\/\"},{\"@type\":\"ListItem\",\"position\":2,\"name\":\"Shop\",\"item\":\"https:\/\/laksmicrystal.com\/en\/shop\/\"},{\"@type\":\"ListItem\",\"position\":3,\"name\":\"Pirite Grezza\"}]},{\"@type\":\"WebSite\",\"@id\":\"https:\/\/laksmicrystal.com\/#website\",\"url\":\"https:\/\/laksmicrystal.com\/\",\"name\":\"Laksmi Crystal\",\"description\":\"Eleva il tuo stile di vita\",\"publisher\":{\"@id\":\"https:\/\/laksmicrystal.com\/#organization\"},\"potentialAction\":[{\"@type\":\"SearchAction\",\"target\":{\"@type\":\"EntryPoint\",\"urlTemplate\":\"https:\/\/laksmicrystal.com\/?s={search_term_string}\"},\"query-input\":{\"@type\":\"PropertyValueSpecification\",\"valueRequired\":true,\"valueName\":\"search_term_string\"}}],\"inLanguage\":\"en-US\"},{\"@type\":\"Organization\",\"@id\":\"https:\/\/laksmicrystal.com\/#organization\",\"name\":\"Laksmi Crystal\",\"url\":\"https:\/\/laksmicrystal.com\/\",\"logo\":{\"@type\":\"ImageObject\",\"inLanguage\":\"en-US\",\"@id\":\"https:\/\/laksmicrystal.com\/#\/schema\/logo\/image\/\",\"url\":\"https:\/\/i0.wp.com\/laksmicrystal.com\/wp-content\/uploads\/2021\/08\/favicon-laksmi-02.png?fit=512%2C513&ssl=1\",\"contentUrl\":\"https:\/\/i0.wp.com\/laksmicrystal.com\/wp-content\/uploads\/2021\/08\/favicon-laksmi-02.png?fit=512%2C513&ssl=1\",\"width\":512,\"height\":513,\"caption\":\"Laksmi Crystal\"},\"image\":{\"@id\":\"https:\/\/laksmicrystal.com\/#\/schema\/logo\/image\/\"},\"sameAs\":[\"https:\/\/www.facebook.com\/Laksmicrystal\",\"https:\/\/www.instagram.com\/laksmicrystal\/\"]}]}<\/script>\n<!-- \/ Yoast SEO plugin. -->","yoast_head_json":{"title":"Pirite Grezza | Laksmi Crystal","robots":{"index":"index","follow":"follow","max-snippet":"max-snippet:-1","max-image-preview":"max-image-preview:large","max-video-preview":"max-video-preview:-1"},"canonical":"https:\/\/laksmicrystal.com\/prodotto\/pirite-grezza-c\/","og_locale":"en_US","og_type":"article","og_title":"Pirite Grezza | Laksmi Crystal","og_description":"La pirite \u00e8 spesso chiamata &#8220;L\u2019oro degli stolti&#8221;, nome che le \u00e8 stato dato per la sua somiglianza con l&#8217;oro vero. La pirite potrebbe non avere il valore monetario dell\u2019oro, ma \u00e8 un tesoro metafisico. Connettiti con questa pietra quando vuoi scoprire i tuoi doni ed essere visto dal mondo La pirite \u00a0simboleggia il calore [&hellip;]","og_url":"https:\/\/laksmicrystal.com\/prodotto\/pirite-grezza-c\/","og_site_name":"Laksmi Crystal","article_publisher":"https:\/\/www.facebook.com\/Laksmicrystal","article_modified_time":"2025-09-12T08:58:58+00:00","og_image":[{"width":1920,"height":2560,"url":"https:\/\/laksmicrystal.com\/wp-content\/uploads\/2022\/03\/IMG_37051-scaled.jpeg","type":"image\/jpeg"}],"twitter_card":"summary_large_image","twitter_misc":{"Est. reading time":"1 minute"},"schema":{"@context":"https:\/\/schema.org","@graph":[{"@type":"WebPage","@id":"https:\/\/laksmicrystal.com\/prodotto\/pirite-grezza-c\/","url":"https:\/\/laksmicrystal.com\/prodotto\/pirite-grezza-c\/","name":"Pirite Grezza | Laksmi Crystal","isPartOf":{"@id":"https:\/\/laksmicrystal.com\/#website"},"primaryImageOfPage":{"@id":"https:\/\/laksmicrystal.com\/prodotto\/pirite-grezza-c\/#primaryimage"},"image":{"@id":"https:\/\/laksmicrystal.com\/prodotto\/pirite-grezza-c\/#primaryimage"},"thumbnailUrl":"https:\/\/i0.wp.com\/laksmicrystal.com\/wp-content\/uploads\/2022\/03\/IMG_37051-scaled.jpeg?fit=1920%2C2560&ssl=1","datePublished":"2022-03-05T15:00:54+00:00","dateModified":"2025-09-12T08:58:58+00:00","breadcrumb":{"@id":"https:\/\/laksmicrystal.com\/prodotto\/pirite-grezza-c\/#breadcrumb"},"inLanguage":"en-US","potentialAction":[{"@type":"ReadAction","target":["https:\/\/laksmicrystal.com\/prodotto\/pirite-grezza-c\/"]}]},{"@type":"ImageObject","inLanguage":"en-US","@id":"https:\/\/laksmicrystal.com\/prodotto\/pirite-grezza-c\/#primaryimage","url":"https:\/\/i0.wp.com\/laksmicrystal.com\/wp-content\/uploads\/2022\/03\/IMG_37051-scaled.jpeg?fit=1920%2C2560&ssl=1","contentUrl":"https:\/\/i0.wp.com\/laksmicrystal.com\/wp-content\/uploads\/2022\/03\/IMG_37051-scaled.jpeg?fit=1920%2C2560&ssl=1","width":1920,"height":2560},{"@type":"BreadcrumbList","@id":"https:\/\/laksmicrystal.com\/prodotto\/pirite-grezza-c\/#breadcrumb","itemListElement":[{"@type":"ListItem","position":1,"name":"Home","item":"https:\/\/laksmicrystal.com\/en\/home\/"},{"@type":"ListItem","position":2,"name":"Shop","item":"https:\/\/laksmicrystal.com\/en\/shop\/"},{"@type":"ListItem","position":3,"name":"Pirite Grezza"}]},{"@type":"WebSite","@id":"https:\/\/laksmicrystal.com\/#website","url":"https:\/\/laksmicrystal.com\/","name":"Laksmi Crystal","description":"Eleva il tuo stile di vita","publisher":{"@id":"https:\/\/laksmicrystal.com\/#organization"},"potentialAction":[{"@type":"SearchAction","target":{"@type":"EntryPoint","urlTemplate":"https:\/\/laksmicrystal.com\/?s={search_term_string}"},"query-input":{"@type":"PropertyValueSpecification","valueRequired":true,"valueName":"search_term_string"}}],"inLanguage":"en-US"},{"@type":"Organization","@id":"https:\/\/laksmicrystal.com\/#organization","name":"Laksmi Crystal","url":"https:\/\/laksmicrystal.com\/","logo":{"@type":"ImageObject","inLanguage":"en-US","@id":"https:\/\/laksmicrystal.com\/#\/schema\/logo\/image\/","url":"https:\/\/i0.wp.com\/laksmicrystal.com\/wp-content\/uploads\/2021\/08\/favicon-laksmi-02.png?fit=512%2C513&ssl=1","contentUrl":"https:\/\/i0.wp.com\/laksmicrystal.com\/wp-content\/uploads\/2021\/08\/favicon-laksmi-02.png?fit=512%2C513&ssl=1","width":512,"height":513,"caption":"Laksmi Crystal"},"image":{"@id":"https:\/\/laksmicrystal.com\/#\/schema\/logo\/image\/"},"sameAs":["https:\/\/www.facebook.com\/Laksmicrystal","https:\/\/www.instagram.com\/laksmicrystal\/"]}]}},"jetpack_sharing_enabled":true,"_links":{"self":[{"href":"https:\/\/laksmicrystal.com\/en\/wp-json\/wp\/v2\/product\/3824","targetHints":{"allow":["GET"]}}],"collection":[{"href":"https:\/\/laksmicrystal.com\/en\/wp-json\/wp\/v2\/product"}],"about":[{"href":"https:\/\/laksmicrystal.com\/en\/wp-json\/wp\/v2\/types\/product"}],"wp:featuredmedia":[{"embeddable":true,"href":"https:\/\/laksmicrystal.com\/en\/wp-json\/wp\/v2\/media\/7087"}],"wp:attachment":[{"href":"https:\/\/laksmicrystal.com\/en\/wp-json\/wp\/v2\/media?parent=3824"}],"wp:term":[{"taxonomy":"product_brand","embeddable":true,"href":"https:\/\/laksmicrystal.com\/en\/wp-json\/wp\/v2\/product_brand?post=3824"},{"taxonomy":"product_cat","embeddable":true,"href":"https:\/\/laksmicrystal.com\/en\/wp-json\/wp\/v2\/product_cat?post=3824"},{"taxonomy":"product_tag","embeddable":true,"href":"https:\/\/laksmicrystal.com\/en\/wp-json\/wp\/v2\/product_tag?post=3824"}],"curies":[{"name":"wp","href":"https:\/\/api.w.org\/{rel}","templated":true}]}}