{"id":3895,"date":"2022-03-13T14:39:37","date_gmt":"2022-03-13T13:39:37","guid":{"rendered":"https:\/\/laksmicrystal.com\/?post_type=product&#038;p=3895"},"modified":"2023-02-07T08:51:20","modified_gmt":"2023-02-07T07:51:20","slug":"auralite-23","status":"publish","type":"product","link":"https:\/\/laksmicrystal.com\/en\/prodotto\/auralite-23\/","title":{"rendered":"AURALITE 23"},"content":{"rendered":"<div dir=\"auto\">L&#8217;auralite \u00e8 una variet\u00e0 di ametista originaria di una zona del Canada. Questa pietra possiede la particolarit\u00e0 di racchiudere al suo interno una miscela di minerali diversi e si ipotizza che si sia formata in epoche molto antiche, in cui le comete colpendo la terra, hanno fuso insieme diversi tipi di minerali, creando il cristallo che attualmente \u00e8 conosciuto come auralite 23.<\/div>\n<div dir=\"auto\">L&#8217;energia di questo minerale \u00e8 particolarmente intensa, proprio per la ricchezza di elementi che la compongono, in particolare possiede la propriet\u00e0 di eliminare vecchi schemi distruttivi, blocchi e energie pesanti che non servono pi\u00f9 al nostro cammino. L&#8217;auralite \u00e8 in grado di equilibrare tutti i chakra e aumentare l vibrazione energetica su frequenze molto alte.<\/div>\n<div dir=\"auto\">Risulta particolarmente indicata per la meditazione e per lavorare sui centri superiori.<\/div>\n<div dir=\"auto\"><\/div>\n<div dir=\"auto\">Origine: Canada<\/div>\n<div dir=\"auto\"><\/div>\n<div dir=\"auto\">A \u00a0129g<\/div>\n<div dir=\"auto\">B \u00a0 \u00a097g<\/div>\n<div dir=\"auto\">C 136g<\/div>\n<div dir=\"auto\">D 160g<\/div>\n<div dir=\"auto\">E \u00a0 88g<\/div>\n<div dir=\"auto\">F \u00a0 56g<\/div>\n<div dir=\"auto\">G 104g<\/div>\n","protected":false},"excerpt":{"rendered":"<p>L&#8217;auralite \u00e8 una variet\u00e0 di ametista originaria di una zona del Canada. Questa pietra possiede la particolarit\u00e0 di racchiudere al suo interno una miscela di minerali diversi e si ipotizza che si sia formata in epoche molto antiche, in cui le comete colpendo la terra, hanno fuso insieme diversi tipi di minerali, creando il cristallo [&hellip;]<\/p>\n","protected":false},"featured_media":3916,"template":"","meta":[],"product_brand":[],"product_cat":[18,63],"product_tag":[],"class_list":{"0":"post-3895","1":"product","2":"type-product","3":"status-publish","4":"has-post-thumbnail","6":"product_cat-cristalli","7":"product_cat-cristalli-viola","9":"first","10":"outofstock","11":"taxable","12":"shipping-taxable","13":"purchasable","14":"product-type-variable","15":"has-default-attributes"},"yoast_head":"<!-- This site is optimized with the Yoast SEO plugin v25.5 - https:\/\/yoast.com\/wordpress\/plugins\/seo\/ -->\n<title>AURALITE 23 | Laksmi Crystal<\/title>\n<meta name=\"robots\" content=\"index, follow, max-snippet:-1, max-image-preview:large, max-video-preview:-1\" \/>\n<link rel=\"canonical\" href=\"https:\/\/laksmicrystal.com\/prodotto\/auralite-23\/\" \/>\n<meta property=\"og:locale\" content=\"en_US\" \/>\n<meta property=\"og:type\" content=\"article\" \/>\n<meta property=\"og:title\" content=\"AURALITE 23 | Laksmi Crystal\" \/>\n<meta property=\"og:description\" content=\"L&#8217;auralite \u00e8 una variet\u00e0 di ametista originaria di una zona del Canada. Questa pietra possiede la particolarit\u00e0 di racchiudere al suo interno una miscela di minerali diversi e si ipotizza che si sia formata in epoche molto antiche, in cui le comete colpendo la terra, hanno fuso insieme diversi tipi di minerali, creando il cristallo [&hellip;]\" \/>\n<meta property=\"og:url\" content=\"https:\/\/laksmicrystal.com\/prodotto\/auralite-23\/\" \/>\n<meta property=\"og:site_name\" content=\"Laksmi Crystal\" \/>\n<meta property=\"article:publisher\" content=\"https:\/\/www.facebook.com\/Laksmicrystal\" \/>\n<meta property=\"article:modified_time\" content=\"2023-02-07T07:51:20+00:00\" \/>\n<meta property=\"og:image\" content=\"https:\/\/i0.wp.com\/laksmicrystal.com\/wp-content\/uploads\/2022\/03\/IMG_1682-scaled.jpg?fit=2560%2C1920&ssl=1\" \/>\n\t<meta property=\"og:image:width\" content=\"2560\" \/>\n\t<meta property=\"og:image:height\" content=\"1920\" \/>\n\t<meta property=\"og:image:type\" content=\"image\/jpeg\" \/>\n<meta name=\"twitter:card\" content=\"summary_large_image\" \/>\n<meta name=\"twitter:label1\" content=\"Est. reading time\" \/>\n\t<meta name=\"twitter:data1\" content=\"1 minute\" \/>\n<script type=\"application\/ld+json\" class=\"yoast-schema-graph\">{\"@context\":\"https:\/\/schema.org\",\"@graph\":[{\"@type\":\"WebPage\",\"@id\":\"https:\/\/laksmicrystal.com\/prodotto\/auralite-23\/\",\"url\":\"https:\/\/laksmicrystal.com\/prodotto\/auralite-23\/\",\"name\":\"AURALITE 23 | Laksmi Crystal\",\"isPartOf\":{\"@id\":\"https:\/\/laksmicrystal.com\/#website\"},\"primaryImageOfPage\":{\"@id\":\"https:\/\/laksmicrystal.com\/prodotto\/auralite-23\/#primaryimage\"},\"image\":{\"@id\":\"https:\/\/laksmicrystal.com\/prodotto\/auralite-23\/#primaryimage\"},\"thumbnailUrl\":\"https:\/\/i0.wp.com\/laksmicrystal.com\/wp-content\/uploads\/2022\/03\/IMG_1682-scaled.jpg?fit=2560%2C1920&ssl=1\",\"datePublished\":\"2022-03-13T13:39:37+00:00\",\"dateModified\":\"2023-02-07T07:51:20+00:00\",\"breadcrumb\":{\"@id\":\"https:\/\/laksmicrystal.com\/prodotto\/auralite-23\/#breadcrumb\"},\"inLanguage\":\"en-US\",\"potentialAction\":[{\"@type\":\"ReadAction\",\"target\":[\"https:\/\/laksmicrystal.com\/prodotto\/auralite-23\/\"]}]},{\"@type\":\"ImageObject\",\"inLanguage\":\"en-US\",\"@id\":\"https:\/\/laksmicrystal.com\/prodotto\/auralite-23\/#primaryimage\",\"url\":\"https:\/\/i0.wp.com\/laksmicrystal.com\/wp-content\/uploads\/2022\/03\/IMG_1682-scaled.jpg?fit=2560%2C1920&ssl=1\",\"contentUrl\":\"https:\/\/i0.wp.com\/laksmicrystal.com\/wp-content\/uploads\/2022\/03\/IMG_1682-scaled.jpg?fit=2560%2C1920&ssl=1\",\"width\":2560,\"height\":1920},{\"@type\":\"BreadcrumbList\",\"@id\":\"https:\/\/laksmicrystal.com\/prodotto\/auralite-23\/#breadcrumb\",\"itemListElement\":[{\"@type\":\"ListItem\",\"position\":1,\"name\":\"Home\",\"item\":\"https:\/\/laksmicrystal.com\/en\/home\/\"},{\"@type\":\"ListItem\",\"position\":2,\"name\":\"Shop\",\"item\":\"https:\/\/laksmicrystal.com\/en\/shop\/\"},{\"@type\":\"ListItem\",\"position\":3,\"name\":\"AURALITE 23\"}]},{\"@type\":\"WebSite\",\"@id\":\"https:\/\/laksmicrystal.com\/#website\",\"url\":\"https:\/\/laksmicrystal.com\/\",\"name\":\"Laksmi Crystal\",\"description\":\"Eleva il tuo stile di vita\",\"publisher\":{\"@id\":\"https:\/\/laksmicrystal.com\/#organization\"},\"potentialAction\":[{\"@type\":\"SearchAction\",\"target\":{\"@type\":\"EntryPoint\",\"urlTemplate\":\"https:\/\/laksmicrystal.com\/?s={search_term_string}\"},\"query-input\":{\"@type\":\"PropertyValueSpecification\",\"valueRequired\":true,\"valueName\":\"search_term_string\"}}],\"inLanguage\":\"en-US\"},{\"@type\":\"Organization\",\"@id\":\"https:\/\/laksmicrystal.com\/#organization\",\"name\":\"Laksmi Crystal\",\"url\":\"https:\/\/laksmicrystal.com\/\",\"logo\":{\"@type\":\"ImageObject\",\"inLanguage\":\"en-US\",\"@id\":\"https:\/\/laksmicrystal.com\/#\/schema\/logo\/image\/\",\"url\":\"https:\/\/i0.wp.com\/laksmicrystal.com\/wp-content\/uploads\/2021\/08\/favicon-laksmi-02.png?fit=512%2C513&ssl=1\",\"contentUrl\":\"https:\/\/i0.wp.com\/laksmicrystal.com\/wp-content\/uploads\/2021\/08\/favicon-laksmi-02.png?fit=512%2C513&ssl=1\",\"width\":512,\"height\":513,\"caption\":\"Laksmi Crystal\"},\"image\":{\"@id\":\"https:\/\/laksmicrystal.com\/#\/schema\/logo\/image\/\"},\"sameAs\":[\"https:\/\/www.facebook.com\/Laksmicrystal\",\"https:\/\/www.instagram.com\/laksmicrystal\/\"]}]}<\/script>\n<!-- \/ Yoast SEO plugin. -->","yoast_head_json":{"title":"AURALITE 23 | Laksmi Crystal","robots":{"index":"index","follow":"follow","max-snippet":"max-snippet:-1","max-image-preview":"max-image-preview:large","max-video-preview":"max-video-preview:-1"},"canonical":"https:\/\/laksmicrystal.com\/prodotto\/auralite-23\/","og_locale":"en_US","og_type":"article","og_title":"AURALITE 23 | Laksmi Crystal","og_description":"L&#8217;auralite \u00e8 una variet\u00e0 di ametista originaria di una zona del Canada. Questa pietra possiede la particolarit\u00e0 di racchiudere al suo interno una miscela di minerali diversi e si ipotizza che si sia formata in epoche molto antiche, in cui le comete colpendo la terra, hanno fuso insieme diversi tipi di minerali, creando il cristallo [&hellip;]","og_url":"https:\/\/laksmicrystal.com\/prodotto\/auralite-23\/","og_site_name":"Laksmi Crystal","article_publisher":"https:\/\/www.facebook.com\/Laksmicrystal","article_modified_time":"2023-02-07T07:51:20+00:00","og_image":[{"width":2560,"height":1920,"url":"https:\/\/i0.wp.com\/laksmicrystal.com\/wp-content\/uploads\/2022\/03\/IMG_1682-scaled.jpg?fit=2560%2C1920&ssl=1","type":"image\/jpeg"}],"twitter_card":"summary_large_image","twitter_misc":{"Est. reading time":"1 minute"},"schema":{"@context":"https:\/\/schema.org","@graph":[{"@type":"WebPage","@id":"https:\/\/laksmicrystal.com\/prodotto\/auralite-23\/","url":"https:\/\/laksmicrystal.com\/prodotto\/auralite-23\/","name":"AURALITE 23 | Laksmi Crystal","isPartOf":{"@id":"https:\/\/laksmicrystal.com\/#website"},"primaryImageOfPage":{"@id":"https:\/\/laksmicrystal.com\/prodotto\/auralite-23\/#primaryimage"},"image":{"@id":"https:\/\/laksmicrystal.com\/prodotto\/auralite-23\/#primaryimage"},"thumbnailUrl":"https:\/\/i0.wp.com\/laksmicrystal.com\/wp-content\/uploads\/2022\/03\/IMG_1682-scaled.jpg?fit=2560%2C1920&ssl=1","datePublished":"2022-03-13T13:39:37+00:00","dateModified":"2023-02-07T07:51:20+00:00","breadcrumb":{"@id":"https:\/\/laksmicrystal.com\/prodotto\/auralite-23\/#breadcrumb"},"inLanguage":"en-US","potentialAction":[{"@type":"ReadAction","target":["https:\/\/laksmicrystal.com\/prodotto\/auralite-23\/"]}]},{"@type":"ImageObject","inLanguage":"en-US","@id":"https:\/\/laksmicrystal.com\/prodotto\/auralite-23\/#primaryimage","url":"https:\/\/i0.wp.com\/laksmicrystal.com\/wp-content\/uploads\/2022\/03\/IMG_1682-scaled.jpg?fit=2560%2C1920&ssl=1","contentUrl":"https:\/\/i0.wp.com\/laksmicrystal.com\/wp-content\/uploads\/2022\/03\/IMG_1682-scaled.jpg?fit=2560%2C1920&ssl=1","width":2560,"height":1920},{"@type":"BreadcrumbList","@id":"https:\/\/laksmicrystal.com\/prodotto\/auralite-23\/#breadcrumb","itemListElement":[{"@type":"ListItem","position":1,"name":"Home","item":"https:\/\/laksmicrystal.com\/en\/home\/"},{"@type":"ListItem","position":2,"name":"Shop","item":"https:\/\/laksmicrystal.com\/en\/shop\/"},{"@type":"ListItem","position":3,"name":"AURALITE 23"}]},{"@type":"WebSite","@id":"https:\/\/laksmicrystal.com\/#website","url":"https:\/\/laksmicrystal.com\/","name":"Laksmi Crystal","description":"Eleva il tuo stile di vita","publisher":{"@id":"https:\/\/laksmicrystal.com\/#organization"},"potentialAction":[{"@type":"SearchAction","target":{"@type":"EntryPoint","urlTemplate":"https:\/\/laksmicrystal.com\/?s={search_term_string}"},"query-input":{"@type":"PropertyValueSpecification","valueRequired":true,"valueName":"search_term_string"}}],"inLanguage":"en-US"},{"@type":"Organization","@id":"https:\/\/laksmicrystal.com\/#organization","name":"Laksmi Crystal","url":"https:\/\/laksmicrystal.com\/","logo":{"@type":"ImageObject","inLanguage":"en-US","@id":"https:\/\/laksmicrystal.com\/#\/schema\/logo\/image\/","url":"https:\/\/i0.wp.com\/laksmicrystal.com\/wp-content\/uploads\/2021\/08\/favicon-laksmi-02.png?fit=512%2C513&ssl=1","contentUrl":"https:\/\/i0.wp.com\/laksmicrystal.com\/wp-content\/uploads\/2021\/08\/favicon-laksmi-02.png?fit=512%2C513&ssl=1","width":512,"height":513,"caption":"Laksmi Crystal"},"image":{"@id":"https:\/\/laksmicrystal.com\/#\/schema\/logo\/image\/"},"sameAs":["https:\/\/www.facebook.com\/Laksmicrystal","https:\/\/www.instagram.com\/laksmicrystal\/"]}]}},"jetpack_sharing_enabled":true,"_links":{"self":[{"href":"https:\/\/laksmicrystal.com\/en\/wp-json\/wp\/v2\/product\/3895","targetHints":{"allow":["GET"]}}],"collection":[{"href":"https:\/\/laksmicrystal.com\/en\/wp-json\/wp\/v2\/product"}],"about":[{"href":"https:\/\/laksmicrystal.com\/en\/wp-json\/wp\/v2\/types\/product"}],"wp:featuredmedia":[{"embeddable":true,"href":"https:\/\/laksmicrystal.com\/en\/wp-json\/wp\/v2\/media\/3916"}],"wp:attachment":[{"href":"https:\/\/laksmicrystal.com\/en\/wp-json\/wp\/v2\/media?parent=3895"}],"wp:term":[{"taxonomy":"product_brand","embeddable":true,"href":"https:\/\/laksmicrystal.com\/en\/wp-json\/wp\/v2\/product_brand?post=3895"},{"taxonomy":"product_cat","embeddable":true,"href":"https:\/\/laksmicrystal.com\/en\/wp-json\/wp\/v2\/product_cat?post=3895"},{"taxonomy":"product_tag","embeddable":true,"href":"https:\/\/laksmicrystal.com\/en\/wp-json\/wp\/v2\/product_tag?post=3895"}],"curies":[{"name":"wp","href":"https:\/\/api.w.org\/{rel}","templated":true}]}}