{"id":3935,"date":"2022-03-13T15:49:42","date_gmt":"2022-03-13T14:49:42","guid":{"rendered":"https:\/\/laksmicrystal.com\/?post_type=product&#038;p=3935"},"modified":"2023-09-01T10:52:37","modified_gmt":"2023-09-01T08:52:37","slug":"quarzo-spirit-b","status":"publish","type":"product","link":"https:\/\/laksmicrystal.com\/en\/prodotto\/quarzo-spirit-b\/","title":{"rendered":"Quarzo Spirit B"},"content":{"rendered":"<p>Quarzo Spirit, noto anche come Quarzo cactus, porcospino o ananas, \u00e8 un tipo di quarzo incrostato di una seconda generazione di cristalli pi\u00f9 piccoli cresciuti sulla faccia. Il modo per differenziare questa variet\u00e0 di quarzo \u00e8 cercare la crescita sovrapposta dei cristalli che si rivolge lontano dal loro punto principale. Spesso questo minerale pu\u00f2 essere costituito da ametista, citrino e quarzo fum\u00e9 con matrici esotiche di rosa naturale, viola e bianco in mostra.<\/p>\n<p>Questo pietra porta luce in tutte le direzioni e ti spinge in un ciclo di crescita che non conosce limiti. In presenza di questo quarzo puoi facilmente abbandonare le tue cattive vibrazioni e abbandonarti alle sue energie protettive. Infatti il Quarzo Cactus crea uno scudo intorno al tuo essere come meccanismo difensivo per aiutarti a guarirti durante i periodi di crescita negativi. Non c\u2019\u00e8 bisogno che tu interrompa il tuo processo di sviluppo<\/p>\n","protected":false},"excerpt":{"rendered":"<p>Quarzo Spirit, noto anche come Quarzo cactus, porcospino o ananas, \u00e8 un tipo di quarzo incrostato di una seconda generazione di cristalli pi\u00f9 piccoli cresciuti sulla faccia. Il modo per differenziare questa variet\u00e0 di quarzo \u00e8 cercare la crescita sovrapposta dei cristalli che si rivolge lontano dal loro punto principale. Spesso questo minerale pu\u00f2 essere [&hellip;]<\/p>\n","protected":false},"featured_media":3940,"template":"","meta":[],"product_brand":[],"product_cat":[18,63],"product_tag":[],"class_list":{"0":"post-3935","1":"product","2":"type-product","3":"status-publish","4":"has-post-thumbnail","6":"product_cat-cristalli","7":"product_cat-cristalli-viola","9":"first","10":"outofstock","11":"taxable","12":"shipping-taxable","13":"purchasable","14":"product-type-simple"},"yoast_head":"<!-- This site is optimized with the Yoast SEO plugin v25.5 - https:\/\/yoast.com\/wordpress\/plugins\/seo\/ -->\n<title>Quarzo Spirit B | Laksmi Crystal<\/title>\n<meta name=\"robots\" content=\"index, follow, max-snippet:-1, max-image-preview:large, max-video-preview:-1\" \/>\n<link rel=\"canonical\" href=\"https:\/\/laksmicrystal.com\/prodotto\/quarzo-spirit-b\/\" \/>\n<meta property=\"og:locale\" content=\"en_US\" \/>\n<meta property=\"og:type\" content=\"article\" \/>\n<meta property=\"og:title\" content=\"Quarzo Spirit B | Laksmi Crystal\" \/>\n<meta property=\"og:description\" content=\"Quarzo Spirit, noto anche come Quarzo cactus, porcospino o ananas, \u00e8 un tipo di quarzo incrostato di una seconda generazione di cristalli pi\u00f9 piccoli cresciuti sulla faccia. Il modo per differenziare questa variet\u00e0 di quarzo \u00e8 cercare la crescita sovrapposta dei cristalli che si rivolge lontano dal loro punto principale. Spesso questo minerale pu\u00f2 essere [&hellip;]\" \/>\n<meta property=\"og:url\" content=\"https:\/\/laksmicrystal.com\/prodotto\/quarzo-spirit-b\/\" \/>\n<meta property=\"og:site_name\" content=\"Laksmi Crystal\" \/>\n<meta property=\"article:publisher\" content=\"https:\/\/www.facebook.com\/Laksmicrystal\" \/>\n<meta property=\"article:modified_time\" content=\"2023-09-01T08:52:37+00:00\" \/>\n<meta property=\"og:image\" content=\"https:\/\/laksmicrystal.com\/wp-content\/uploads\/2022\/03\/2c-scaled.jpg\" \/>\n\t<meta property=\"og:image:width\" content=\"2560\" \/>\n\t<meta property=\"og:image:height\" content=\"1920\" \/>\n\t<meta property=\"og:image:type\" content=\"image\/jpeg\" \/>\n<meta name=\"twitter:card\" content=\"summary_large_image\" \/>\n<meta name=\"twitter:label1\" content=\"Est. reading time\" \/>\n\t<meta name=\"twitter:data1\" content=\"1 minute\" \/>\n<script type=\"application\/ld+json\" class=\"yoast-schema-graph\">{\"@context\":\"https:\/\/schema.org\",\"@graph\":[{\"@type\":\"WebPage\",\"@id\":\"https:\/\/laksmicrystal.com\/prodotto\/quarzo-spirit-b\/\",\"url\":\"https:\/\/laksmicrystal.com\/prodotto\/quarzo-spirit-b\/\",\"name\":\"Quarzo Spirit B | Laksmi Crystal\",\"isPartOf\":{\"@id\":\"https:\/\/laksmicrystal.com\/#website\"},\"primaryImageOfPage\":{\"@id\":\"https:\/\/laksmicrystal.com\/prodotto\/quarzo-spirit-b\/#primaryimage\"},\"image\":{\"@id\":\"https:\/\/laksmicrystal.com\/prodotto\/quarzo-spirit-b\/#primaryimage\"},\"thumbnailUrl\":\"https:\/\/i0.wp.com\/laksmicrystal.com\/wp-content\/uploads\/2022\/03\/2c-scaled.jpg?fit=2560%2C1920&ssl=1\",\"datePublished\":\"2022-03-13T14:49:42+00:00\",\"dateModified\":\"2023-09-01T08:52:37+00:00\",\"breadcrumb\":{\"@id\":\"https:\/\/laksmicrystal.com\/prodotto\/quarzo-spirit-b\/#breadcrumb\"},\"inLanguage\":\"en-US\",\"potentialAction\":[{\"@type\":\"ReadAction\",\"target\":[\"https:\/\/laksmicrystal.com\/prodotto\/quarzo-spirit-b\/\"]}]},{\"@type\":\"ImageObject\",\"inLanguage\":\"en-US\",\"@id\":\"https:\/\/laksmicrystal.com\/prodotto\/quarzo-spirit-b\/#primaryimage\",\"url\":\"https:\/\/i0.wp.com\/laksmicrystal.com\/wp-content\/uploads\/2022\/03\/2c-scaled.jpg?fit=2560%2C1920&ssl=1\",\"contentUrl\":\"https:\/\/i0.wp.com\/laksmicrystal.com\/wp-content\/uploads\/2022\/03\/2c-scaled.jpg?fit=2560%2C1920&ssl=1\",\"width\":2560,\"height\":1920},{\"@type\":\"BreadcrumbList\",\"@id\":\"https:\/\/laksmicrystal.com\/prodotto\/quarzo-spirit-b\/#breadcrumb\",\"itemListElement\":[{\"@type\":\"ListItem\",\"position\":1,\"name\":\"Home\",\"item\":\"https:\/\/laksmicrystal.com\/en\/home\/\"},{\"@type\":\"ListItem\",\"position\":2,\"name\":\"Shop\",\"item\":\"https:\/\/laksmicrystal.com\/en\/shop\/\"},{\"@type\":\"ListItem\",\"position\":3,\"name\":\"Quarzo Spirit B\"}]},{\"@type\":\"WebSite\",\"@id\":\"https:\/\/laksmicrystal.com\/#website\",\"url\":\"https:\/\/laksmicrystal.com\/\",\"name\":\"Laksmi Crystal\",\"description\":\"Eleva il tuo stile di vita\",\"publisher\":{\"@id\":\"https:\/\/laksmicrystal.com\/#organization\"},\"potentialAction\":[{\"@type\":\"SearchAction\",\"target\":{\"@type\":\"EntryPoint\",\"urlTemplate\":\"https:\/\/laksmicrystal.com\/?s={search_term_string}\"},\"query-input\":{\"@type\":\"PropertyValueSpecification\",\"valueRequired\":true,\"valueName\":\"search_term_string\"}}],\"inLanguage\":\"en-US\"},{\"@type\":\"Organization\",\"@id\":\"https:\/\/laksmicrystal.com\/#organization\",\"name\":\"Laksmi Crystal\",\"url\":\"https:\/\/laksmicrystal.com\/\",\"logo\":{\"@type\":\"ImageObject\",\"inLanguage\":\"en-US\",\"@id\":\"https:\/\/laksmicrystal.com\/#\/schema\/logo\/image\/\",\"url\":\"https:\/\/i0.wp.com\/laksmicrystal.com\/wp-content\/uploads\/2021\/08\/favicon-laksmi-02.png?fit=512%2C513&ssl=1\",\"contentUrl\":\"https:\/\/i0.wp.com\/laksmicrystal.com\/wp-content\/uploads\/2021\/08\/favicon-laksmi-02.png?fit=512%2C513&ssl=1\",\"width\":512,\"height\":513,\"caption\":\"Laksmi Crystal\"},\"image\":{\"@id\":\"https:\/\/laksmicrystal.com\/#\/schema\/logo\/image\/\"},\"sameAs\":[\"https:\/\/www.facebook.com\/Laksmicrystal\",\"https:\/\/www.instagram.com\/laksmicrystal\/\"]}]}<\/script>\n<!-- \/ Yoast SEO plugin. -->","yoast_head_json":{"title":"Quarzo Spirit B | Laksmi Crystal","robots":{"index":"index","follow":"follow","max-snippet":"max-snippet:-1","max-image-preview":"max-image-preview:large","max-video-preview":"max-video-preview:-1"},"canonical":"https:\/\/laksmicrystal.com\/prodotto\/quarzo-spirit-b\/","og_locale":"en_US","og_type":"article","og_title":"Quarzo Spirit B | Laksmi Crystal","og_description":"Quarzo Spirit, noto anche come Quarzo cactus, porcospino o ananas, \u00e8 un tipo di quarzo incrostato di una seconda generazione di cristalli pi\u00f9 piccoli cresciuti sulla faccia. Il modo per differenziare questa variet\u00e0 di quarzo \u00e8 cercare la crescita sovrapposta dei cristalli che si rivolge lontano dal loro punto principale. Spesso questo minerale pu\u00f2 essere [&hellip;]","og_url":"https:\/\/laksmicrystal.com\/prodotto\/quarzo-spirit-b\/","og_site_name":"Laksmi Crystal","article_publisher":"https:\/\/www.facebook.com\/Laksmicrystal","article_modified_time":"2023-09-01T08:52:37+00:00","og_image":[{"width":2560,"height":1920,"url":"https:\/\/laksmicrystal.com\/wp-content\/uploads\/2022\/03\/2c-scaled.jpg","type":"image\/jpeg"}],"twitter_card":"summary_large_image","twitter_misc":{"Est. reading time":"1 minute"},"schema":{"@context":"https:\/\/schema.org","@graph":[{"@type":"WebPage","@id":"https:\/\/laksmicrystal.com\/prodotto\/quarzo-spirit-b\/","url":"https:\/\/laksmicrystal.com\/prodotto\/quarzo-spirit-b\/","name":"Quarzo Spirit B | Laksmi Crystal","isPartOf":{"@id":"https:\/\/laksmicrystal.com\/#website"},"primaryImageOfPage":{"@id":"https:\/\/laksmicrystal.com\/prodotto\/quarzo-spirit-b\/#primaryimage"},"image":{"@id":"https:\/\/laksmicrystal.com\/prodotto\/quarzo-spirit-b\/#primaryimage"},"thumbnailUrl":"https:\/\/i0.wp.com\/laksmicrystal.com\/wp-content\/uploads\/2022\/03\/2c-scaled.jpg?fit=2560%2C1920&ssl=1","datePublished":"2022-03-13T14:49:42+00:00","dateModified":"2023-09-01T08:52:37+00:00","breadcrumb":{"@id":"https:\/\/laksmicrystal.com\/prodotto\/quarzo-spirit-b\/#breadcrumb"},"inLanguage":"en-US","potentialAction":[{"@type":"ReadAction","target":["https:\/\/laksmicrystal.com\/prodotto\/quarzo-spirit-b\/"]}]},{"@type":"ImageObject","inLanguage":"en-US","@id":"https:\/\/laksmicrystal.com\/prodotto\/quarzo-spirit-b\/#primaryimage","url":"https:\/\/i0.wp.com\/laksmicrystal.com\/wp-content\/uploads\/2022\/03\/2c-scaled.jpg?fit=2560%2C1920&ssl=1","contentUrl":"https:\/\/i0.wp.com\/laksmicrystal.com\/wp-content\/uploads\/2022\/03\/2c-scaled.jpg?fit=2560%2C1920&ssl=1","width":2560,"height":1920},{"@type":"BreadcrumbList","@id":"https:\/\/laksmicrystal.com\/prodotto\/quarzo-spirit-b\/#breadcrumb","itemListElement":[{"@type":"ListItem","position":1,"name":"Home","item":"https:\/\/laksmicrystal.com\/en\/home\/"},{"@type":"ListItem","position":2,"name":"Shop","item":"https:\/\/laksmicrystal.com\/en\/shop\/"},{"@type":"ListItem","position":3,"name":"Quarzo Spirit B"}]},{"@type":"WebSite","@id":"https:\/\/laksmicrystal.com\/#website","url":"https:\/\/laksmicrystal.com\/","name":"Laksmi Crystal","description":"Eleva il tuo stile di vita","publisher":{"@id":"https:\/\/laksmicrystal.com\/#organization"},"potentialAction":[{"@type":"SearchAction","target":{"@type":"EntryPoint","urlTemplate":"https:\/\/laksmicrystal.com\/?s={search_term_string}"},"query-input":{"@type":"PropertyValueSpecification","valueRequired":true,"valueName":"search_term_string"}}],"inLanguage":"en-US"},{"@type":"Organization","@id":"https:\/\/laksmicrystal.com\/#organization","name":"Laksmi Crystal","url":"https:\/\/laksmicrystal.com\/","logo":{"@type":"ImageObject","inLanguage":"en-US","@id":"https:\/\/laksmicrystal.com\/#\/schema\/logo\/image\/","url":"https:\/\/i0.wp.com\/laksmicrystal.com\/wp-content\/uploads\/2021\/08\/favicon-laksmi-02.png?fit=512%2C513&ssl=1","contentUrl":"https:\/\/i0.wp.com\/laksmicrystal.com\/wp-content\/uploads\/2021\/08\/favicon-laksmi-02.png?fit=512%2C513&ssl=1","width":512,"height":513,"caption":"Laksmi Crystal"},"image":{"@id":"https:\/\/laksmicrystal.com\/#\/schema\/logo\/image\/"},"sameAs":["https:\/\/www.facebook.com\/Laksmicrystal","https:\/\/www.instagram.com\/laksmicrystal\/"]}]}},"jetpack_sharing_enabled":true,"_links":{"self":[{"href":"https:\/\/laksmicrystal.com\/en\/wp-json\/wp\/v2\/product\/3935","targetHints":{"allow":["GET"]}}],"collection":[{"href":"https:\/\/laksmicrystal.com\/en\/wp-json\/wp\/v2\/product"}],"about":[{"href":"https:\/\/laksmicrystal.com\/en\/wp-json\/wp\/v2\/types\/product"}],"wp:featuredmedia":[{"embeddable":true,"href":"https:\/\/laksmicrystal.com\/en\/wp-json\/wp\/v2\/media\/3940"}],"wp:attachment":[{"href":"https:\/\/laksmicrystal.com\/en\/wp-json\/wp\/v2\/media?parent=3935"}],"wp:term":[{"taxonomy":"product_brand","embeddable":true,"href":"https:\/\/laksmicrystal.com\/en\/wp-json\/wp\/v2\/product_brand?post=3935"},{"taxonomy":"product_cat","embeddable":true,"href":"https:\/\/laksmicrystal.com\/en\/wp-json\/wp\/v2\/product_cat?post=3935"},{"taxonomy":"product_tag","embeddable":true,"href":"https:\/\/laksmicrystal.com\/en\/wp-json\/wp\/v2\/product_tag?post=3935"}],"curies":[{"name":"wp","href":"https:\/\/api.w.org\/{rel}","templated":true}]}}