{"id":4654,"date":"2023-09-08T10:06:10","date_gmt":"2023-09-08T08:06:10","guid":{"rendered":"https:\/\/laksmicrystal.com\/?post_type=product&#038;p=4654"},"modified":"2023-09-12T08:59:42","modified_gmt":"2023-09-12T06:59:42","slug":"tormalina-nera","status":"publish","type":"product","link":"https:\/\/laksmicrystal.com\/en\/prodotto\/tormalina-nera\/","title":{"rendered":"Tormalina Nera"},"content":{"rendered":"<p>Tormalina Nera<\/p>\n<p>La tormalina nera, grazie al<span class=\"TextRun SCXW7846029 BCX0\" lang=\"IT-IT\" xml:lang=\"IT-IT\" data-contrast=\"auto\"><span class=\"NormalTextRun SCXW7846029 BCX0\">le sue scanalature longitudinali ci indica una grande velocit\u00e0 di azione nell&#8217;attivit\u00e0 che svolge, come &#8220;ripulente&#8221;<\/span><\/span>\u00a0\u00e8 uno dei minerali pi\u00f9 potenti per la protezione e l&#8217;eliminazione delle energie negative. Uno dei tanti benefici della tormalina nera \u00e8 che aiuta a porre un confine energetico tra voi e gli altri, in modo da non raccogliere energie indesiderate.<\/p>\n<p>Perfetta per fare la guardia fuori dalla porta di casa, la tormalina nera \u00e8 la pietra migliore per la protezione, agendo come un guardiano implacabile e scudo. Non solo crea una bolla protettiva intorno alla casa, ma assorbe anche l&#8217;energia negativa e dannosa proveniente dal mondo esterno. Oltre a essere un minerale perfetto per la casa, portare con s\u00e9 un pezzo di tormalina nera quando ci si muove nel mondo protegge da energie indesiderate e dannose. Non lasciate che le cattive vibrazioni degli altri vi buttino gi\u00f9. Aree affollate come metropolitane, centri commerciali o concerti possono sovrastimolare il vostro benessere emotivo. Se siete empatici e inclini ad assumere l&#8217;energia negativa degli altri, o se gli avvenimenti della vostra vita vi hanno fatto sentire particolarmente vulnerabili agli stati d&#8217;animo altrui, affidarsi all&#8217;energia protettiva della Tormalina nera \u00e8 un investimento in sicurezza spirituale di cui non potrete fare a meno.<\/p>\n<p>Uso:<\/p>\n<p>Posizionate un pezzo di tormalina nera in ciascuno dei 4 angoli di una stanza o in ciascuno dei 4 angoli della vostra casa, per amplificare la frequenza energetica protettiva all&#8217;interno dello spazio. Crea uno scudo energetico protettivo per garantire che nessuna energia negativa invada il vostro spazio.<\/p>\n","protected":false},"excerpt":{"rendered":"<p>Tormalina Nera La tormalina nera, grazie alle sue scanalature longitudinali ci indica una grande velocit\u00e0 di azione nell&#8217;attivit\u00e0 che svolge, come &#8220;ripulente&#8221;\u00a0\u00e8 uno dei minerali pi\u00f9 potenti per la protezione e l&#8217;eliminazione delle energie negative. Uno dei tanti benefici della tormalina nera \u00e8 che aiuta a porre un confine energetico tra voi e gli altri, [&hellip;]<\/p>\n","protected":false},"featured_media":4682,"template":"","meta":[],"product_brand":[],"product_cat":[18,94],"product_tag":[],"class_list":{"0":"post-4654","1":"product","2":"type-product","3":"status-publish","4":"has-post-thumbnail","6":"product_cat-cristalli","7":"product_cat-cristalli-neri","9":"first","10":"instock","11":"sold-individually","12":"taxable","13":"shipping-taxable","14":"purchasable","15":"product-type-simple"},"yoast_head":"<!-- This site is optimized with the Yoast SEO plugin v25.5 - https:\/\/yoast.com\/wordpress\/plugins\/seo\/ -->\n<title>Tormalina Nera | Laksmi Crystal<\/title>\n<meta name=\"robots\" content=\"index, follow, max-snippet:-1, max-image-preview:large, max-video-preview:-1\" \/>\n<link rel=\"canonical\" href=\"https:\/\/laksmicrystal.com\/prodotto\/tormalina-nera\/\" \/>\n<meta property=\"og:locale\" content=\"en_US\" \/>\n<meta property=\"og:type\" content=\"article\" \/>\n<meta property=\"og:title\" content=\"Tormalina Nera | Laksmi Crystal\" \/>\n<meta property=\"og:description\" content=\"Tormalina Nera La tormalina nera, grazie alle sue scanalature longitudinali ci indica una grande velocit\u00e0 di azione nell&#8217;attivit\u00e0 che svolge, come &#8220;ripulente&#8221;\u00a0\u00e8 uno dei minerali pi\u00f9 potenti per la protezione e l&#8217;eliminazione delle energie negative. Uno dei tanti benefici della tormalina nera \u00e8 che aiuta a porre un confine energetico tra voi e gli altri, [&hellip;]\" \/>\n<meta property=\"og:url\" content=\"https:\/\/laksmicrystal.com\/prodotto\/tormalina-nera\/\" \/>\n<meta property=\"og:site_name\" content=\"Laksmi Crystal\" \/>\n<meta property=\"article:publisher\" content=\"https:\/\/www.facebook.com\/Laksmicrystal\" \/>\n<meta property=\"article:modified_time\" content=\"2023-09-12T06:59:42+00:00\" \/>\n<meta property=\"og:image\" content=\"https:\/\/laksmicrystal.com\/wp-content\/uploads\/2023\/09\/Tormalina-A.jpeg\" \/>\n\t<meta property=\"og:image:width\" content=\"768\" \/>\n\t<meta property=\"og:image:height\" content=\"1024\" \/>\n\t<meta property=\"og:image:type\" content=\"image\/jpeg\" \/>\n<meta name=\"twitter:card\" content=\"summary_large_image\" \/>\n<meta name=\"twitter:label1\" content=\"Est. reading time\" \/>\n\t<meta name=\"twitter:data1\" content=\"1 minute\" \/>\n<script type=\"application\/ld+json\" class=\"yoast-schema-graph\">{\"@context\":\"https:\/\/schema.org\",\"@graph\":[{\"@type\":\"WebPage\",\"@id\":\"https:\/\/laksmicrystal.com\/prodotto\/tormalina-nera\/\",\"url\":\"https:\/\/laksmicrystal.com\/prodotto\/tormalina-nera\/\",\"name\":\"Tormalina Nera | Laksmi Crystal\",\"isPartOf\":{\"@id\":\"https:\/\/laksmicrystal.com\/#website\"},\"primaryImageOfPage\":{\"@id\":\"https:\/\/laksmicrystal.com\/prodotto\/tormalina-nera\/#primaryimage\"},\"image\":{\"@id\":\"https:\/\/laksmicrystal.com\/prodotto\/tormalina-nera\/#primaryimage\"},\"thumbnailUrl\":\"https:\/\/i0.wp.com\/laksmicrystal.com\/wp-content\/uploads\/2023\/09\/Tormalina-A.jpeg?fit=768%2C1024&ssl=1\",\"datePublished\":\"2023-09-08T08:06:10+00:00\",\"dateModified\":\"2023-09-12T06:59:42+00:00\",\"breadcrumb\":{\"@id\":\"https:\/\/laksmicrystal.com\/prodotto\/tormalina-nera\/#breadcrumb\"},\"inLanguage\":\"en-US\",\"potentialAction\":[{\"@type\":\"ReadAction\",\"target\":[\"https:\/\/laksmicrystal.com\/prodotto\/tormalina-nera\/\"]}]},{\"@type\":\"ImageObject\",\"inLanguage\":\"en-US\",\"@id\":\"https:\/\/laksmicrystal.com\/prodotto\/tormalina-nera\/#primaryimage\",\"url\":\"https:\/\/i0.wp.com\/laksmicrystal.com\/wp-content\/uploads\/2023\/09\/Tormalina-A.jpeg?fit=768%2C1024&ssl=1\",\"contentUrl\":\"https:\/\/i0.wp.com\/laksmicrystal.com\/wp-content\/uploads\/2023\/09\/Tormalina-A.jpeg?fit=768%2C1024&ssl=1\",\"width\":768,\"height\":1024},{\"@type\":\"BreadcrumbList\",\"@id\":\"https:\/\/laksmicrystal.com\/prodotto\/tormalina-nera\/#breadcrumb\",\"itemListElement\":[{\"@type\":\"ListItem\",\"position\":1,\"name\":\"Home\",\"item\":\"https:\/\/laksmicrystal.com\/en\/home\/\"},{\"@type\":\"ListItem\",\"position\":2,\"name\":\"Shop\",\"item\":\"https:\/\/laksmicrystal.com\/en\/shop\/\"},{\"@type\":\"ListItem\",\"position\":3,\"name\":\"Tormalina Nera\"}]},{\"@type\":\"WebSite\",\"@id\":\"https:\/\/laksmicrystal.com\/#website\",\"url\":\"https:\/\/laksmicrystal.com\/\",\"name\":\"Laksmi Crystal\",\"description\":\"Eleva il tuo stile di vita\",\"publisher\":{\"@id\":\"https:\/\/laksmicrystal.com\/#organization\"},\"potentialAction\":[{\"@type\":\"SearchAction\",\"target\":{\"@type\":\"EntryPoint\",\"urlTemplate\":\"https:\/\/laksmicrystal.com\/?s={search_term_string}\"},\"query-input\":{\"@type\":\"PropertyValueSpecification\",\"valueRequired\":true,\"valueName\":\"search_term_string\"}}],\"inLanguage\":\"en-US\"},{\"@type\":\"Organization\",\"@id\":\"https:\/\/laksmicrystal.com\/#organization\",\"name\":\"Laksmi Crystal\",\"url\":\"https:\/\/laksmicrystal.com\/\",\"logo\":{\"@type\":\"ImageObject\",\"inLanguage\":\"en-US\",\"@id\":\"https:\/\/laksmicrystal.com\/#\/schema\/logo\/image\/\",\"url\":\"https:\/\/i0.wp.com\/laksmicrystal.com\/wp-content\/uploads\/2021\/08\/favicon-laksmi-02.png?fit=512%2C513&ssl=1\",\"contentUrl\":\"https:\/\/i0.wp.com\/laksmicrystal.com\/wp-content\/uploads\/2021\/08\/favicon-laksmi-02.png?fit=512%2C513&ssl=1\",\"width\":512,\"height\":513,\"caption\":\"Laksmi Crystal\"},\"image\":{\"@id\":\"https:\/\/laksmicrystal.com\/#\/schema\/logo\/image\/\"},\"sameAs\":[\"https:\/\/www.facebook.com\/Laksmicrystal\",\"https:\/\/www.instagram.com\/laksmicrystal\/\"]}]}<\/script>\n<!-- \/ Yoast SEO plugin. -->","yoast_head_json":{"title":"Tormalina Nera | Laksmi Crystal","robots":{"index":"index","follow":"follow","max-snippet":"max-snippet:-1","max-image-preview":"max-image-preview:large","max-video-preview":"max-video-preview:-1"},"canonical":"https:\/\/laksmicrystal.com\/prodotto\/tormalina-nera\/","og_locale":"en_US","og_type":"article","og_title":"Tormalina Nera | Laksmi Crystal","og_description":"Tormalina Nera La tormalina nera, grazie alle sue scanalature longitudinali ci indica una grande velocit\u00e0 di azione nell&#8217;attivit\u00e0 che svolge, come &#8220;ripulente&#8221;\u00a0\u00e8 uno dei minerali pi\u00f9 potenti per la protezione e l&#8217;eliminazione delle energie negative. Uno dei tanti benefici della tormalina nera \u00e8 che aiuta a porre un confine energetico tra voi e gli altri, [&hellip;]","og_url":"https:\/\/laksmicrystal.com\/prodotto\/tormalina-nera\/","og_site_name":"Laksmi Crystal","article_publisher":"https:\/\/www.facebook.com\/Laksmicrystal","article_modified_time":"2023-09-12T06:59:42+00:00","og_image":[{"width":768,"height":1024,"url":"https:\/\/laksmicrystal.com\/wp-content\/uploads\/2023\/09\/Tormalina-A.jpeg","type":"image\/jpeg"}],"twitter_card":"summary_large_image","twitter_misc":{"Est. reading time":"1 minute"},"schema":{"@context":"https:\/\/schema.org","@graph":[{"@type":"WebPage","@id":"https:\/\/laksmicrystal.com\/prodotto\/tormalina-nera\/","url":"https:\/\/laksmicrystal.com\/prodotto\/tormalina-nera\/","name":"Tormalina Nera | Laksmi Crystal","isPartOf":{"@id":"https:\/\/laksmicrystal.com\/#website"},"primaryImageOfPage":{"@id":"https:\/\/laksmicrystal.com\/prodotto\/tormalina-nera\/#primaryimage"},"image":{"@id":"https:\/\/laksmicrystal.com\/prodotto\/tormalina-nera\/#primaryimage"},"thumbnailUrl":"https:\/\/i0.wp.com\/laksmicrystal.com\/wp-content\/uploads\/2023\/09\/Tormalina-A.jpeg?fit=768%2C1024&ssl=1","datePublished":"2023-09-08T08:06:10+00:00","dateModified":"2023-09-12T06:59:42+00:00","breadcrumb":{"@id":"https:\/\/laksmicrystal.com\/prodotto\/tormalina-nera\/#breadcrumb"},"inLanguage":"en-US","potentialAction":[{"@type":"ReadAction","target":["https:\/\/laksmicrystal.com\/prodotto\/tormalina-nera\/"]}]},{"@type":"ImageObject","inLanguage":"en-US","@id":"https:\/\/laksmicrystal.com\/prodotto\/tormalina-nera\/#primaryimage","url":"https:\/\/i0.wp.com\/laksmicrystal.com\/wp-content\/uploads\/2023\/09\/Tormalina-A.jpeg?fit=768%2C1024&ssl=1","contentUrl":"https:\/\/i0.wp.com\/laksmicrystal.com\/wp-content\/uploads\/2023\/09\/Tormalina-A.jpeg?fit=768%2C1024&ssl=1","width":768,"height":1024},{"@type":"BreadcrumbList","@id":"https:\/\/laksmicrystal.com\/prodotto\/tormalina-nera\/#breadcrumb","itemListElement":[{"@type":"ListItem","position":1,"name":"Home","item":"https:\/\/laksmicrystal.com\/en\/home\/"},{"@type":"ListItem","position":2,"name":"Shop","item":"https:\/\/laksmicrystal.com\/en\/shop\/"},{"@type":"ListItem","position":3,"name":"Tormalina Nera"}]},{"@type":"WebSite","@id":"https:\/\/laksmicrystal.com\/#website","url":"https:\/\/laksmicrystal.com\/","name":"Laksmi Crystal","description":"Eleva il tuo stile di vita","publisher":{"@id":"https:\/\/laksmicrystal.com\/#organization"},"potentialAction":[{"@type":"SearchAction","target":{"@type":"EntryPoint","urlTemplate":"https:\/\/laksmicrystal.com\/?s={search_term_string}"},"query-input":{"@type":"PropertyValueSpecification","valueRequired":true,"valueName":"search_term_string"}}],"inLanguage":"en-US"},{"@type":"Organization","@id":"https:\/\/laksmicrystal.com\/#organization","name":"Laksmi Crystal","url":"https:\/\/laksmicrystal.com\/","logo":{"@type":"ImageObject","inLanguage":"en-US","@id":"https:\/\/laksmicrystal.com\/#\/schema\/logo\/image\/","url":"https:\/\/i0.wp.com\/laksmicrystal.com\/wp-content\/uploads\/2021\/08\/favicon-laksmi-02.png?fit=512%2C513&ssl=1","contentUrl":"https:\/\/i0.wp.com\/laksmicrystal.com\/wp-content\/uploads\/2021\/08\/favicon-laksmi-02.png?fit=512%2C513&ssl=1","width":512,"height":513,"caption":"Laksmi Crystal"},"image":{"@id":"https:\/\/laksmicrystal.com\/#\/schema\/logo\/image\/"},"sameAs":["https:\/\/www.facebook.com\/Laksmicrystal","https:\/\/www.instagram.com\/laksmicrystal\/"]}]}},"jetpack_sharing_enabled":true,"_links":{"self":[{"href":"https:\/\/laksmicrystal.com\/en\/wp-json\/wp\/v2\/product\/4654","targetHints":{"allow":["GET"]}}],"collection":[{"href":"https:\/\/laksmicrystal.com\/en\/wp-json\/wp\/v2\/product"}],"about":[{"href":"https:\/\/laksmicrystal.com\/en\/wp-json\/wp\/v2\/types\/product"}],"wp:featuredmedia":[{"embeddable":true,"href":"https:\/\/laksmicrystal.com\/en\/wp-json\/wp\/v2\/media\/4682"}],"wp:attachment":[{"href":"https:\/\/laksmicrystal.com\/en\/wp-json\/wp\/v2\/media?parent=4654"}],"wp:term":[{"taxonomy":"product_brand","embeddable":true,"href":"https:\/\/laksmicrystal.com\/en\/wp-json\/wp\/v2\/product_brand?post=4654"},{"taxonomy":"product_cat","embeddable":true,"href":"https:\/\/laksmicrystal.com\/en\/wp-json\/wp\/v2\/product_cat?post=4654"},{"taxonomy":"product_tag","embeddable":true,"href":"https:\/\/laksmicrystal.com\/en\/wp-json\/wp\/v2\/product_tag?post=4654"}],"curies":[{"name":"wp","href":"https:\/\/api.w.org\/{rel}","templated":true}]}}