{"id":4915,"date":"2023-09-20T14:55:07","date_gmt":"2023-09-20T12:55:07","guid":{"rendered":"https:\/\/laksmicrystal.com\/?post_type=product&#038;p=4915"},"modified":"2023-09-20T14:55:07","modified_gmt":"2023-09-20T12:55:07","slug":"quarzo-rosa","status":"publish","type":"product","link":"https:\/\/laksmicrystal.com\/en\/prodotto\/quarzo-rosa\/","title":{"rendered":"Quarzo Rosa"},"content":{"rendered":"<p><strong>Quarzo Rosa<\/strong><\/p>\n<p>Una cura d&#8217;amore per s\u00e9 stessi. Il quarzo rosa ci ricorda che la persona pi\u00f9 importante da amare e nutrire \u00e8 se stessi. Lavorare con il quarzo rosa apre il cuore a tutti i tipi di amore: amore per se stessi, amore familiare, amicizia, romanticismo e altro ancora.<\/p>\n<p>L&#8217;amore \u00e8 ci\u00f2 di cui tutti abbiamo bisogno ed il quarzo rosa \u00e8 qui per darcelo. Questa pietra emette forti vibrazioni d&#8217;amore. \u00c8 un potente alleato quando si vuole attrarre una nuova relazione, amare di pi\u00f9 se stessi o guarire da ferite passate. Attingendo all&#8217;energia del divino femminile, le propriet\u00e0 del quarzo rosa ripristinano la fede, la compassione, l&#8217;armonia e l&#8217;equilibrio in tutte le questioni di cuore.<\/p>\n<p>Le propriet\u00e0 del quarzo rosa vi apriranno agli altri. Il significato del quarzo rosa \u00e8 quello di rendervi pi\u00f9 avvicinabili, illuminando la vostra aura con amore e comprensione. L&#8217;amore che cercate si manifester\u00e0 prima in voi stessi e poi inizierete a riconoscerlo intorno a voi. Lasciate andare il dolore che vi ha creato dei blocchi energetici e permettete al quarzo rosa di eliminare la tensione dello stress dalla vostra vita. Sostituite tutte le emozioni tossiche che occupano spazio nel vostro cuore con l&#8217;energia d&#8217;amore del quarzo rosa. L&#8217;energia amorevole del quarzo rosa facilita anche il perdono e la compassione. Vi permette di vedere che siete meritevoli del vostro perdono e della vostra comprensione, cos\u00ec come potete essere compassionevoli e perdonare coloro che vi circondano.<\/p>\n<p><span class=\"TextRun SCXW163813320 BCX0\" lang=\"IT-IT\" xml:lang=\"IT-IT\" data-contrast=\"auto\"><span class=\"NormalTextRun SCXW163813320 BCX0\">Pietra molto amante degli ambienti, ci si pu\u00f2 riempire la casa, non dovrebbe mai mancare nella camera dei bambini.<\/span><\/span><\/p>\n<p>Origine: Brasile<\/p>\n<p>Peso: 536 gr.<\/p>\n","protected":false},"excerpt":{"rendered":"<p>Quarzo Rosa Una cura d&#8217;amore per s\u00e9 stessi. Il quarzo rosa ci ricorda che la persona pi\u00f9 importante da amare e nutrire \u00e8 se stessi. Lavorare con il quarzo rosa apre il cuore a tutti i tipi di amore: amore per se stessi, amore familiare, amicizia, romanticismo e altro ancora. L&#8217;amore \u00e8 ci\u00f2 di cui [&hellip;]<\/p>\n","protected":false},"featured_media":4916,"template":"","meta":[],"product_brand":[],"product_cat":[18,100],"product_tag":[],"class_list":{"0":"post-4915","1":"product","2":"type-product","3":"status-publish","4":"has-post-thumbnail","6":"product_cat-cristalli","7":"product_cat-cristalli-rosa","9":"first","10":"instock","11":"sold-individually","12":"taxable","13":"shipping-taxable","14":"purchasable","15":"product-type-simple"},"yoast_head":"<!-- This site is optimized with the Yoast SEO plugin v25.5 - https:\/\/yoast.com\/wordpress\/plugins\/seo\/ -->\n<title>Quarzo Rosa | Laksmi Crystal<\/title>\n<meta name=\"robots\" content=\"index, follow, max-snippet:-1, max-image-preview:large, max-video-preview:-1\" \/>\n<link rel=\"canonical\" href=\"https:\/\/laksmicrystal.com\/prodotto\/quarzo-rosa\/\" \/>\n<meta property=\"og:locale\" content=\"en_US\" \/>\n<meta property=\"og:type\" content=\"article\" \/>\n<meta property=\"og:title\" content=\"Quarzo Rosa | Laksmi Crystal\" \/>\n<meta property=\"og:description\" content=\"Quarzo Rosa Una cura d&#8217;amore per s\u00e9 stessi. Il quarzo rosa ci ricorda che la persona pi\u00f9 importante da amare e nutrire \u00e8 se stessi. Lavorare con il quarzo rosa apre il cuore a tutti i tipi di amore: amore per se stessi, amore familiare, amicizia, romanticismo e altro ancora. L&#8217;amore \u00e8 ci\u00f2 di cui [&hellip;]\" \/>\n<meta property=\"og:url\" content=\"https:\/\/laksmicrystal.com\/prodotto\/quarzo-rosa\/\" \/>\n<meta property=\"og:site_name\" content=\"Laksmi Crystal\" \/>\n<meta property=\"article:publisher\" content=\"https:\/\/www.facebook.com\/Laksmicrystal\" \/>\n<meta property=\"og:image\" content=\"https:\/\/laksmicrystal.com\/wp-content\/uploads\/2023\/09\/Quarzo-Rosa-punta.jpeg\" \/>\n\t<meta property=\"og:image:width\" content=\"576\" \/>\n\t<meta property=\"og:image:height\" content=\"1024\" \/>\n\t<meta property=\"og:image:type\" content=\"image\/jpeg\" \/>\n<meta name=\"twitter:card\" content=\"summary_large_image\" \/>\n<meta name=\"twitter:label1\" content=\"Est. reading time\" \/>\n\t<meta name=\"twitter:data1\" content=\"1 minute\" \/>\n<script type=\"application\/ld+json\" class=\"yoast-schema-graph\">{\"@context\":\"https:\/\/schema.org\",\"@graph\":[{\"@type\":\"WebPage\",\"@id\":\"https:\/\/laksmicrystal.com\/prodotto\/quarzo-rosa\/\",\"url\":\"https:\/\/laksmicrystal.com\/prodotto\/quarzo-rosa\/\",\"name\":\"Quarzo Rosa | Laksmi Crystal\",\"isPartOf\":{\"@id\":\"https:\/\/laksmicrystal.com\/#website\"},\"primaryImageOfPage\":{\"@id\":\"https:\/\/laksmicrystal.com\/prodotto\/quarzo-rosa\/#primaryimage\"},\"image\":{\"@id\":\"https:\/\/laksmicrystal.com\/prodotto\/quarzo-rosa\/#primaryimage\"},\"thumbnailUrl\":\"https:\/\/i0.wp.com\/laksmicrystal.com\/wp-content\/uploads\/2023\/09\/Quarzo-Rosa-punta.jpeg?fit=576%2C1024&ssl=1\",\"datePublished\":\"2023-09-20T12:55:07+00:00\",\"breadcrumb\":{\"@id\":\"https:\/\/laksmicrystal.com\/prodotto\/quarzo-rosa\/#breadcrumb\"},\"inLanguage\":\"en-US\",\"potentialAction\":[{\"@type\":\"ReadAction\",\"target\":[\"https:\/\/laksmicrystal.com\/prodotto\/quarzo-rosa\/\"]}]},{\"@type\":\"ImageObject\",\"inLanguage\":\"en-US\",\"@id\":\"https:\/\/laksmicrystal.com\/prodotto\/quarzo-rosa\/#primaryimage\",\"url\":\"https:\/\/i0.wp.com\/laksmicrystal.com\/wp-content\/uploads\/2023\/09\/Quarzo-Rosa-punta.jpeg?fit=576%2C1024&ssl=1\",\"contentUrl\":\"https:\/\/i0.wp.com\/laksmicrystal.com\/wp-content\/uploads\/2023\/09\/Quarzo-Rosa-punta.jpeg?fit=576%2C1024&ssl=1\",\"width\":576,\"height\":1024},{\"@type\":\"BreadcrumbList\",\"@id\":\"https:\/\/laksmicrystal.com\/prodotto\/quarzo-rosa\/#breadcrumb\",\"itemListElement\":[{\"@type\":\"ListItem\",\"position\":1,\"name\":\"Home\",\"item\":\"https:\/\/laksmicrystal.com\/en\/home\/\"},{\"@type\":\"ListItem\",\"position\":2,\"name\":\"Shop\",\"item\":\"https:\/\/laksmicrystal.com\/en\/shop\/\"},{\"@type\":\"ListItem\",\"position\":3,\"name\":\"Quarzo Rosa\"}]},{\"@type\":\"WebSite\",\"@id\":\"https:\/\/laksmicrystal.com\/#website\",\"url\":\"https:\/\/laksmicrystal.com\/\",\"name\":\"Laksmi Crystal\",\"description\":\"Eleva il tuo stile di vita\",\"publisher\":{\"@id\":\"https:\/\/laksmicrystal.com\/#organization\"},\"potentialAction\":[{\"@type\":\"SearchAction\",\"target\":{\"@type\":\"EntryPoint\",\"urlTemplate\":\"https:\/\/laksmicrystal.com\/?s={search_term_string}\"},\"query-input\":{\"@type\":\"PropertyValueSpecification\",\"valueRequired\":true,\"valueName\":\"search_term_string\"}}],\"inLanguage\":\"en-US\"},{\"@type\":\"Organization\",\"@id\":\"https:\/\/laksmicrystal.com\/#organization\",\"name\":\"Laksmi Crystal\",\"url\":\"https:\/\/laksmicrystal.com\/\",\"logo\":{\"@type\":\"ImageObject\",\"inLanguage\":\"en-US\",\"@id\":\"https:\/\/laksmicrystal.com\/#\/schema\/logo\/image\/\",\"url\":\"https:\/\/i0.wp.com\/laksmicrystal.com\/wp-content\/uploads\/2021\/08\/favicon-laksmi-02.png?fit=512%2C513&ssl=1\",\"contentUrl\":\"https:\/\/i0.wp.com\/laksmicrystal.com\/wp-content\/uploads\/2021\/08\/favicon-laksmi-02.png?fit=512%2C513&ssl=1\",\"width\":512,\"height\":513,\"caption\":\"Laksmi Crystal\"},\"image\":{\"@id\":\"https:\/\/laksmicrystal.com\/#\/schema\/logo\/image\/\"},\"sameAs\":[\"https:\/\/www.facebook.com\/Laksmicrystal\",\"https:\/\/www.instagram.com\/laksmicrystal\/\"]}]}<\/script>\n<!-- \/ Yoast SEO plugin. -->","yoast_head_json":{"title":"Quarzo Rosa | Laksmi Crystal","robots":{"index":"index","follow":"follow","max-snippet":"max-snippet:-1","max-image-preview":"max-image-preview:large","max-video-preview":"max-video-preview:-1"},"canonical":"https:\/\/laksmicrystal.com\/prodotto\/quarzo-rosa\/","og_locale":"en_US","og_type":"article","og_title":"Quarzo Rosa | Laksmi Crystal","og_description":"Quarzo Rosa Una cura d&#8217;amore per s\u00e9 stessi. Il quarzo rosa ci ricorda che la persona pi\u00f9 importante da amare e nutrire \u00e8 se stessi. Lavorare con il quarzo rosa apre il cuore a tutti i tipi di amore: amore per se stessi, amore familiare, amicizia, romanticismo e altro ancora. L&#8217;amore \u00e8 ci\u00f2 di cui [&hellip;]","og_url":"https:\/\/laksmicrystal.com\/prodotto\/quarzo-rosa\/","og_site_name":"Laksmi Crystal","article_publisher":"https:\/\/www.facebook.com\/Laksmicrystal","og_image":[{"width":576,"height":1024,"url":"https:\/\/laksmicrystal.com\/wp-content\/uploads\/2023\/09\/Quarzo-Rosa-punta.jpeg","type":"image\/jpeg"}],"twitter_card":"summary_large_image","twitter_misc":{"Est. reading time":"1 minute"},"schema":{"@context":"https:\/\/schema.org","@graph":[{"@type":"WebPage","@id":"https:\/\/laksmicrystal.com\/prodotto\/quarzo-rosa\/","url":"https:\/\/laksmicrystal.com\/prodotto\/quarzo-rosa\/","name":"Quarzo Rosa | Laksmi Crystal","isPartOf":{"@id":"https:\/\/laksmicrystal.com\/#website"},"primaryImageOfPage":{"@id":"https:\/\/laksmicrystal.com\/prodotto\/quarzo-rosa\/#primaryimage"},"image":{"@id":"https:\/\/laksmicrystal.com\/prodotto\/quarzo-rosa\/#primaryimage"},"thumbnailUrl":"https:\/\/i0.wp.com\/laksmicrystal.com\/wp-content\/uploads\/2023\/09\/Quarzo-Rosa-punta.jpeg?fit=576%2C1024&ssl=1","datePublished":"2023-09-20T12:55:07+00:00","breadcrumb":{"@id":"https:\/\/laksmicrystal.com\/prodotto\/quarzo-rosa\/#breadcrumb"},"inLanguage":"en-US","potentialAction":[{"@type":"ReadAction","target":["https:\/\/laksmicrystal.com\/prodotto\/quarzo-rosa\/"]}]},{"@type":"ImageObject","inLanguage":"en-US","@id":"https:\/\/laksmicrystal.com\/prodotto\/quarzo-rosa\/#primaryimage","url":"https:\/\/i0.wp.com\/laksmicrystal.com\/wp-content\/uploads\/2023\/09\/Quarzo-Rosa-punta.jpeg?fit=576%2C1024&ssl=1","contentUrl":"https:\/\/i0.wp.com\/laksmicrystal.com\/wp-content\/uploads\/2023\/09\/Quarzo-Rosa-punta.jpeg?fit=576%2C1024&ssl=1","width":576,"height":1024},{"@type":"BreadcrumbList","@id":"https:\/\/laksmicrystal.com\/prodotto\/quarzo-rosa\/#breadcrumb","itemListElement":[{"@type":"ListItem","position":1,"name":"Home","item":"https:\/\/laksmicrystal.com\/en\/home\/"},{"@type":"ListItem","position":2,"name":"Shop","item":"https:\/\/laksmicrystal.com\/en\/shop\/"},{"@type":"ListItem","position":3,"name":"Quarzo Rosa"}]},{"@type":"WebSite","@id":"https:\/\/laksmicrystal.com\/#website","url":"https:\/\/laksmicrystal.com\/","name":"Laksmi Crystal","description":"Eleva il tuo stile di vita","publisher":{"@id":"https:\/\/laksmicrystal.com\/#organization"},"potentialAction":[{"@type":"SearchAction","target":{"@type":"EntryPoint","urlTemplate":"https:\/\/laksmicrystal.com\/?s={search_term_string}"},"query-input":{"@type":"PropertyValueSpecification","valueRequired":true,"valueName":"search_term_string"}}],"inLanguage":"en-US"},{"@type":"Organization","@id":"https:\/\/laksmicrystal.com\/#organization","name":"Laksmi Crystal","url":"https:\/\/laksmicrystal.com\/","logo":{"@type":"ImageObject","inLanguage":"en-US","@id":"https:\/\/laksmicrystal.com\/#\/schema\/logo\/image\/","url":"https:\/\/i0.wp.com\/laksmicrystal.com\/wp-content\/uploads\/2021\/08\/favicon-laksmi-02.png?fit=512%2C513&ssl=1","contentUrl":"https:\/\/i0.wp.com\/laksmicrystal.com\/wp-content\/uploads\/2021\/08\/favicon-laksmi-02.png?fit=512%2C513&ssl=1","width":512,"height":513,"caption":"Laksmi Crystal"},"image":{"@id":"https:\/\/laksmicrystal.com\/#\/schema\/logo\/image\/"},"sameAs":["https:\/\/www.facebook.com\/Laksmicrystal","https:\/\/www.instagram.com\/laksmicrystal\/"]}]}},"jetpack_sharing_enabled":true,"_links":{"self":[{"href":"https:\/\/laksmicrystal.com\/en\/wp-json\/wp\/v2\/product\/4915","targetHints":{"allow":["GET"]}}],"collection":[{"href":"https:\/\/laksmicrystal.com\/en\/wp-json\/wp\/v2\/product"}],"about":[{"href":"https:\/\/laksmicrystal.com\/en\/wp-json\/wp\/v2\/types\/product"}],"wp:featuredmedia":[{"embeddable":true,"href":"https:\/\/laksmicrystal.com\/en\/wp-json\/wp\/v2\/media\/4916"}],"wp:attachment":[{"href":"https:\/\/laksmicrystal.com\/en\/wp-json\/wp\/v2\/media?parent=4915"}],"wp:term":[{"taxonomy":"product_brand","embeddable":true,"href":"https:\/\/laksmicrystal.com\/en\/wp-json\/wp\/v2\/product_brand?post=4915"},{"taxonomy":"product_cat","embeddable":true,"href":"https:\/\/laksmicrystal.com\/en\/wp-json\/wp\/v2\/product_cat?post=4915"},{"taxonomy":"product_tag","embeddable":true,"href":"https:\/\/laksmicrystal.com\/en\/wp-json\/wp\/v2\/product_tag?post=4915"}],"curies":[{"name":"wp","href":"https:\/\/api.w.org\/{rel}","templated":true}]}}