{"id":4933,"date":"2023-09-20T15:28:18","date_gmt":"2023-09-20T13:28:18","guid":{"rendered":"https:\/\/laksmicrystal.com\/?post_type=product&#038;p=4933"},"modified":"2023-09-21T15:23:15","modified_gmt":"2023-09-21T13:23:15","slug":"quarzo-golden-healer","status":"publish","type":"product","link":"https:\/\/laksmicrystal.com\/en\/prodotto\/quarzo-golden-healer\/","title":{"rendered":"Quarzo Golden Healer"},"content":{"rendered":"<p><strong>Quarzo Golden Healer<\/strong><\/p>\n<p>Quarzo con ossido di ferro<\/p>\n<p>Il Quarzo Golden Healer aiuta nel risolvere le conversazioni accese aiutandovi a fare un passo indietro e ad affrontare la situazione con pi\u00f9 calma. I conflitti non sono mai facili, ma possono diventare pi\u00f9 semplici con un Quarzo Golden Healer nelle vicinanze. Il Quarzo Golden Healer pu\u00f2 aiutarvi a rimanere freddi, calmi e raccolti in qualsiasi situazione.<\/p>\n<p>Grazie alla sua capacit\u00e0 di radicare e ripulire l&#8217;energia, incoraggia ad affrontare le situazioni pi\u00f9 calde da uno stato di calma e tranquillit\u00e0. Che si tratti di dinamiche familiari impegnative o di conversazioni scomode con i colleghi, vi aiuta a mantenere il sangue freddo e a rimanere in equilibrio durante le interazioni emotivamente cariche.<\/p>\n<p>Se sapete che state per entrare nella tana del leone durante una riunione di famiglia o vi state preparando per una conversazione difficile con una persona cara, non c&#8217;\u00e8 pietra migliore del Quarzo Golden Healer. L&#8217;energia positiva della pietra vi aiuta a far scivolare via le tensioni senza influenzarvi pi\u00f9 di tanto. Il quarzo Golden Healer vi ricorder\u00e0 di rispondere piuttosto che reagire, in modo da contribuire a stemperare la situazione, o almeno il vostro comportamento.<\/p>\n<p>Origine: USA<\/p>\n<p>Peso: 249 gr.<\/p>\n","protected":false},"excerpt":{"rendered":"<p>Quarzo Golden Healer Quarzo con ossido di ferro Il Quarzo Golden Healer aiuta nel risolvere le conversazioni accese aiutandovi a fare un passo indietro e ad affrontare la situazione con pi\u00f9 calma. I conflitti non sono mai facili, ma possono diventare pi\u00f9 semplici con un Quarzo Golden Healer nelle vicinanze. Il Quarzo Golden Healer pu\u00f2 [&hellip;]<\/p>\n","protected":false},"featured_media":4934,"template":"","meta":[],"product_brand":[],"product_cat":[18,98],"product_tag":[],"class_list":{"0":"post-4933","1":"product","2":"type-product","3":"status-publish","4":"has-post-thumbnail","6":"product_cat-cristalli","7":"product_cat-cristalli-gialli","9":"first","10":"instock","11":"sold-individually","12":"taxable","13":"shipping-taxable","14":"purchasable","15":"product-type-simple"},"yoast_head":"<!-- This site is optimized with the Yoast SEO plugin v25.5 - https:\/\/yoast.com\/wordpress\/plugins\/seo\/ -->\n<title>Quarzo Golden Healer | Laksmi Crystal<\/title>\n<meta name=\"robots\" content=\"index, follow, max-snippet:-1, max-image-preview:large, max-video-preview:-1\" \/>\n<link rel=\"canonical\" href=\"https:\/\/laksmicrystal.com\/prodotto\/quarzo-golden-healer\/\" \/>\n<meta property=\"og:locale\" content=\"en_US\" \/>\n<meta property=\"og:type\" content=\"article\" \/>\n<meta property=\"og:title\" content=\"Quarzo Golden Healer | Laksmi Crystal\" \/>\n<meta property=\"og:description\" content=\"Quarzo Golden Healer Quarzo con ossido di ferro Il Quarzo Golden Healer aiuta nel risolvere le conversazioni accese aiutandovi a fare un passo indietro e ad affrontare la situazione con pi\u00f9 calma. I conflitti non sono mai facili, ma possono diventare pi\u00f9 semplici con un Quarzo Golden Healer nelle vicinanze. Il Quarzo Golden Healer pu\u00f2 [&hellip;]\" \/>\n<meta property=\"og:url\" content=\"https:\/\/laksmicrystal.com\/prodotto\/quarzo-golden-healer\/\" \/>\n<meta property=\"og:site_name\" content=\"Laksmi Crystal\" \/>\n<meta property=\"article:publisher\" content=\"https:\/\/www.facebook.com\/Laksmicrystal\" \/>\n<meta property=\"article:modified_time\" content=\"2023-09-21T13:23:15+00:00\" \/>\n<meta property=\"og:image\" content=\"https:\/\/laksmicrystal.com\/wp-content\/uploads\/2023\/09\/Golden-Healer-1.jpeg\" \/>\n\t<meta property=\"og:image:width\" content=\"576\" \/>\n\t<meta property=\"og:image:height\" content=\"1024\" \/>\n\t<meta property=\"og:image:type\" content=\"image\/jpeg\" \/>\n<meta name=\"twitter:card\" content=\"summary_large_image\" \/>\n<meta name=\"twitter:label1\" content=\"Est. reading time\" \/>\n\t<meta name=\"twitter:data1\" content=\"1 minute\" \/>\n<script type=\"application\/ld+json\" class=\"yoast-schema-graph\">{\"@context\":\"https:\/\/schema.org\",\"@graph\":[{\"@type\":\"WebPage\",\"@id\":\"https:\/\/laksmicrystal.com\/prodotto\/quarzo-golden-healer\/\",\"url\":\"https:\/\/laksmicrystal.com\/prodotto\/quarzo-golden-healer\/\",\"name\":\"Quarzo Golden Healer | Laksmi Crystal\",\"isPartOf\":{\"@id\":\"https:\/\/laksmicrystal.com\/#website\"},\"primaryImageOfPage\":{\"@id\":\"https:\/\/laksmicrystal.com\/prodotto\/quarzo-golden-healer\/#primaryimage\"},\"image\":{\"@id\":\"https:\/\/laksmicrystal.com\/prodotto\/quarzo-golden-healer\/#primaryimage\"},\"thumbnailUrl\":\"https:\/\/i0.wp.com\/laksmicrystal.com\/wp-content\/uploads\/2023\/09\/Golden-Healer-1.jpeg?fit=576%2C1024&ssl=1\",\"datePublished\":\"2023-09-20T13:28:18+00:00\",\"dateModified\":\"2023-09-21T13:23:15+00:00\",\"breadcrumb\":{\"@id\":\"https:\/\/laksmicrystal.com\/prodotto\/quarzo-golden-healer\/#breadcrumb\"},\"inLanguage\":\"en-US\",\"potentialAction\":[{\"@type\":\"ReadAction\",\"target\":[\"https:\/\/laksmicrystal.com\/prodotto\/quarzo-golden-healer\/\"]}]},{\"@type\":\"ImageObject\",\"inLanguage\":\"en-US\",\"@id\":\"https:\/\/laksmicrystal.com\/prodotto\/quarzo-golden-healer\/#primaryimage\",\"url\":\"https:\/\/i0.wp.com\/laksmicrystal.com\/wp-content\/uploads\/2023\/09\/Golden-Healer-1.jpeg?fit=576%2C1024&ssl=1\",\"contentUrl\":\"https:\/\/i0.wp.com\/laksmicrystal.com\/wp-content\/uploads\/2023\/09\/Golden-Healer-1.jpeg?fit=576%2C1024&ssl=1\",\"width\":576,\"height\":1024},{\"@type\":\"BreadcrumbList\",\"@id\":\"https:\/\/laksmicrystal.com\/prodotto\/quarzo-golden-healer\/#breadcrumb\",\"itemListElement\":[{\"@type\":\"ListItem\",\"position\":1,\"name\":\"Home\",\"item\":\"https:\/\/laksmicrystal.com\/en\/home\/\"},{\"@type\":\"ListItem\",\"position\":2,\"name\":\"Shop\",\"item\":\"https:\/\/laksmicrystal.com\/en\/shop\/\"},{\"@type\":\"ListItem\",\"position\":3,\"name\":\"Quarzo Golden Healer\"}]},{\"@type\":\"WebSite\",\"@id\":\"https:\/\/laksmicrystal.com\/#website\",\"url\":\"https:\/\/laksmicrystal.com\/\",\"name\":\"Laksmi Crystal\",\"description\":\"Eleva il tuo stile di vita\",\"publisher\":{\"@id\":\"https:\/\/laksmicrystal.com\/#organization\"},\"potentialAction\":[{\"@type\":\"SearchAction\",\"target\":{\"@type\":\"EntryPoint\",\"urlTemplate\":\"https:\/\/laksmicrystal.com\/?s={search_term_string}\"},\"query-input\":{\"@type\":\"PropertyValueSpecification\",\"valueRequired\":true,\"valueName\":\"search_term_string\"}}],\"inLanguage\":\"en-US\"},{\"@type\":\"Organization\",\"@id\":\"https:\/\/laksmicrystal.com\/#organization\",\"name\":\"Laksmi Crystal\",\"url\":\"https:\/\/laksmicrystal.com\/\",\"logo\":{\"@type\":\"ImageObject\",\"inLanguage\":\"en-US\",\"@id\":\"https:\/\/laksmicrystal.com\/#\/schema\/logo\/image\/\",\"url\":\"https:\/\/i0.wp.com\/laksmicrystal.com\/wp-content\/uploads\/2021\/08\/favicon-laksmi-02.png?fit=512%2C513&ssl=1\",\"contentUrl\":\"https:\/\/i0.wp.com\/laksmicrystal.com\/wp-content\/uploads\/2021\/08\/favicon-laksmi-02.png?fit=512%2C513&ssl=1\",\"width\":512,\"height\":513,\"caption\":\"Laksmi Crystal\"},\"image\":{\"@id\":\"https:\/\/laksmicrystal.com\/#\/schema\/logo\/image\/\"},\"sameAs\":[\"https:\/\/www.facebook.com\/Laksmicrystal\",\"https:\/\/www.instagram.com\/laksmicrystal\/\"]}]}<\/script>\n<!-- \/ Yoast SEO plugin. -->","yoast_head_json":{"title":"Quarzo Golden Healer | Laksmi Crystal","robots":{"index":"index","follow":"follow","max-snippet":"max-snippet:-1","max-image-preview":"max-image-preview:large","max-video-preview":"max-video-preview:-1"},"canonical":"https:\/\/laksmicrystal.com\/prodotto\/quarzo-golden-healer\/","og_locale":"en_US","og_type":"article","og_title":"Quarzo Golden Healer | Laksmi Crystal","og_description":"Quarzo Golden Healer Quarzo con ossido di ferro Il Quarzo Golden Healer aiuta nel risolvere le conversazioni accese aiutandovi a fare un passo indietro e ad affrontare la situazione con pi\u00f9 calma. I conflitti non sono mai facili, ma possono diventare pi\u00f9 semplici con un Quarzo Golden Healer nelle vicinanze. Il Quarzo Golden Healer pu\u00f2 [&hellip;]","og_url":"https:\/\/laksmicrystal.com\/prodotto\/quarzo-golden-healer\/","og_site_name":"Laksmi Crystal","article_publisher":"https:\/\/www.facebook.com\/Laksmicrystal","article_modified_time":"2023-09-21T13:23:15+00:00","og_image":[{"width":576,"height":1024,"url":"https:\/\/laksmicrystal.com\/wp-content\/uploads\/2023\/09\/Golden-Healer-1.jpeg","type":"image\/jpeg"}],"twitter_card":"summary_large_image","twitter_misc":{"Est. reading time":"1 minute"},"schema":{"@context":"https:\/\/schema.org","@graph":[{"@type":"WebPage","@id":"https:\/\/laksmicrystal.com\/prodotto\/quarzo-golden-healer\/","url":"https:\/\/laksmicrystal.com\/prodotto\/quarzo-golden-healer\/","name":"Quarzo Golden Healer | Laksmi Crystal","isPartOf":{"@id":"https:\/\/laksmicrystal.com\/#website"},"primaryImageOfPage":{"@id":"https:\/\/laksmicrystal.com\/prodotto\/quarzo-golden-healer\/#primaryimage"},"image":{"@id":"https:\/\/laksmicrystal.com\/prodotto\/quarzo-golden-healer\/#primaryimage"},"thumbnailUrl":"https:\/\/i0.wp.com\/laksmicrystal.com\/wp-content\/uploads\/2023\/09\/Golden-Healer-1.jpeg?fit=576%2C1024&ssl=1","datePublished":"2023-09-20T13:28:18+00:00","dateModified":"2023-09-21T13:23:15+00:00","breadcrumb":{"@id":"https:\/\/laksmicrystal.com\/prodotto\/quarzo-golden-healer\/#breadcrumb"},"inLanguage":"en-US","potentialAction":[{"@type":"ReadAction","target":["https:\/\/laksmicrystal.com\/prodotto\/quarzo-golden-healer\/"]}]},{"@type":"ImageObject","inLanguage":"en-US","@id":"https:\/\/laksmicrystal.com\/prodotto\/quarzo-golden-healer\/#primaryimage","url":"https:\/\/i0.wp.com\/laksmicrystal.com\/wp-content\/uploads\/2023\/09\/Golden-Healer-1.jpeg?fit=576%2C1024&ssl=1","contentUrl":"https:\/\/i0.wp.com\/laksmicrystal.com\/wp-content\/uploads\/2023\/09\/Golden-Healer-1.jpeg?fit=576%2C1024&ssl=1","width":576,"height":1024},{"@type":"BreadcrumbList","@id":"https:\/\/laksmicrystal.com\/prodotto\/quarzo-golden-healer\/#breadcrumb","itemListElement":[{"@type":"ListItem","position":1,"name":"Home","item":"https:\/\/laksmicrystal.com\/en\/home\/"},{"@type":"ListItem","position":2,"name":"Shop","item":"https:\/\/laksmicrystal.com\/en\/shop\/"},{"@type":"ListItem","position":3,"name":"Quarzo Golden Healer"}]},{"@type":"WebSite","@id":"https:\/\/laksmicrystal.com\/#website","url":"https:\/\/laksmicrystal.com\/","name":"Laksmi Crystal","description":"Eleva il tuo stile di vita","publisher":{"@id":"https:\/\/laksmicrystal.com\/#organization"},"potentialAction":[{"@type":"SearchAction","target":{"@type":"EntryPoint","urlTemplate":"https:\/\/laksmicrystal.com\/?s={search_term_string}"},"query-input":{"@type":"PropertyValueSpecification","valueRequired":true,"valueName":"search_term_string"}}],"inLanguage":"en-US"},{"@type":"Organization","@id":"https:\/\/laksmicrystal.com\/#organization","name":"Laksmi Crystal","url":"https:\/\/laksmicrystal.com\/","logo":{"@type":"ImageObject","inLanguage":"en-US","@id":"https:\/\/laksmicrystal.com\/#\/schema\/logo\/image\/","url":"https:\/\/i0.wp.com\/laksmicrystal.com\/wp-content\/uploads\/2021\/08\/favicon-laksmi-02.png?fit=512%2C513&ssl=1","contentUrl":"https:\/\/i0.wp.com\/laksmicrystal.com\/wp-content\/uploads\/2021\/08\/favicon-laksmi-02.png?fit=512%2C513&ssl=1","width":512,"height":513,"caption":"Laksmi Crystal"},"image":{"@id":"https:\/\/laksmicrystal.com\/#\/schema\/logo\/image\/"},"sameAs":["https:\/\/www.facebook.com\/Laksmicrystal","https:\/\/www.instagram.com\/laksmicrystal\/"]}]}},"jetpack_sharing_enabled":true,"_links":{"self":[{"href":"https:\/\/laksmicrystal.com\/en\/wp-json\/wp\/v2\/product\/4933","targetHints":{"allow":["GET"]}}],"collection":[{"href":"https:\/\/laksmicrystal.com\/en\/wp-json\/wp\/v2\/product"}],"about":[{"href":"https:\/\/laksmicrystal.com\/en\/wp-json\/wp\/v2\/types\/product"}],"wp:featuredmedia":[{"embeddable":true,"href":"https:\/\/laksmicrystal.com\/en\/wp-json\/wp\/v2\/media\/4934"}],"wp:attachment":[{"href":"https:\/\/laksmicrystal.com\/en\/wp-json\/wp\/v2\/media?parent=4933"}],"wp:term":[{"taxonomy":"product_brand","embeddable":true,"href":"https:\/\/laksmicrystal.com\/en\/wp-json\/wp\/v2\/product_brand?post=4933"},{"taxonomy":"product_cat","embeddable":true,"href":"https:\/\/laksmicrystal.com\/en\/wp-json\/wp\/v2\/product_cat?post=4933"},{"taxonomy":"product_tag","embeddable":true,"href":"https:\/\/laksmicrystal.com\/en\/wp-json\/wp\/v2\/product_tag?post=4933"}],"curies":[{"name":"wp","href":"https:\/\/api.w.org\/{rel}","templated":true}]}}