{"id":4971,"date":"2023-09-20T16:26:29","date_gmt":"2023-09-20T14:26:29","guid":{"rendered":"https:\/\/laksmicrystal.com\/?post_type=product&#038;p=4971"},"modified":"2024-04-22T13:15:29","modified_gmt":"2024-04-22T11:15:29","slug":"4971","status":"publish","type":"product","link":"https:\/\/laksmicrystal.com\/en\/prodotto\/4971\/","title":{"rendered":"Amazzonite"},"content":{"rendered":"<p><strong>Amazzonite<\/strong><\/p>\n<p>L&#8217;amazzonite incoraggia ad allentare la presa sulla vita e a lasciarla scorrere. Illumina l&#8217;energia infantile che \u00e8 in voi per ispirare ottimismo, speranza e autenticit\u00e0. Lavorare con questa pietra amazzonite risveglia il vostro bambino interiore, ricordandovi di dedicare tempo e spazio al divertimento, alla gioia e al gioco nella vostra vita quotidiana. Se avete mai trascorso del tempo vicino a un bambino, avrete sicuramente notato quanto possano essere vivaci e spensierati. Il significato dell&#8217;amazzonite incoraggia l&#8217;energia infantile dentro di voi, aiutandovi ad attingere al\u00a0 vostro lato spensierato e gioioso. Lasciate che la vostra pietra amazzonite vi ricordi di giocare di pi\u00f9, di divertirvi e di godervi la vita. Non siate cos\u00ec seri! Imparate a lasciarvi andare un po&#8217;.<\/p>\n<p>Il significato dell&#8217;amazzonite \u00e8 particolarmente curativo per coloro che si fissano nei loro schemi. L&#8217;amazzonite aiuta a uscire dalla rigidit\u00e0 e a diventare pi\u00f9 fluidi, flessibili e disinvolti. Le sue qualit\u00e0 acquatiche incoraggiano ad allentare la presa sulla vita e a lasciarla scorrere. L&#8217;amazzonite aiuta a rilasciare le emozioni tossiche trattenute nel cuore. Sostituisce i pensieri a bassa vibrazione con grandi speranze e una prospettiva di bicchiere mezzo pieno. Lavorate con questo cristallo per ricordarvi la luce alla fine del tunnel. Questo senso di speranza si accompagna a una maggiore capacit\u00e0 di lasciare andare il controllo. Queste energie lavorano insieme per aiutarvi a seguire la corrente e a lasciare che la vita si svolga a suo tempo e a suo modo. E a divertirsi un po&#8217; lungo la strada!<\/p>\n<p>Se avete bisogno di essere pi\u00f9 giocosi nel lavoro o nelle relazioni, l&#8217;amazzonite \u00e8 l&#8217;energia perfetta su cui sintonizzarvi. L&#8217;amazzonite aiuta a prendere la vita un po&#8217; meno sul serio, in modo da trovare il tempo e lo spazio per divertirsi in situazioni altrimenti stressanti o energeticamente pesanti.<\/p>\n<p>Origine: Madagascar<\/p>\n<p>Peso: 192 gr.<\/p>\n","protected":false},"excerpt":{"rendered":"<p>Amazzonite L&#8217;amazzonite incoraggia ad allentare la presa sulla vita e a lasciarla scorrere. Illumina l&#8217;energia infantile che \u00e8 in voi per ispirare ottimismo, speranza e autenticit\u00e0. Lavorare con questa pietra amazzonite risveglia il vostro bambino interiore, ricordandovi di dedicare tempo e spazio al divertimento, alla gioia e al gioco nella vostra vita quotidiana. Se avete [&hellip;]<\/p>\n","protected":false},"featured_media":4972,"template":"","meta":[],"product_brand":[],"product_cat":[18,101],"product_tag":[],"class_list":{"0":"post-4971","1":"product","2":"type-product","3":"status-publish","4":"has-post-thumbnail","6":"product_cat-cristalli","7":"product_cat-cristalli-blu-e-azzurri","9":"first","10":"outofstock","11":"sold-individually","12":"taxable","13":"shipping-taxable","14":"purchasable","15":"product-type-simple"},"yoast_head":"<!-- This site is optimized with the Yoast SEO plugin v25.5 - https:\/\/yoast.com\/wordpress\/plugins\/seo\/ -->\n<title>Amazzonite | Laksmi Crystal<\/title>\n<meta name=\"robots\" content=\"index, follow, max-snippet:-1, max-image-preview:large, max-video-preview:-1\" \/>\n<link rel=\"canonical\" href=\"https:\/\/laksmicrystal.com\/prodotto\/4971\/\" \/>\n<meta property=\"og:locale\" content=\"en_US\" \/>\n<meta property=\"og:type\" content=\"article\" \/>\n<meta property=\"og:title\" content=\"Amazzonite | Laksmi Crystal\" \/>\n<meta property=\"og:description\" content=\"Amazzonite L&#8217;amazzonite incoraggia ad allentare la presa sulla vita e a lasciarla scorrere. Illumina l&#8217;energia infantile che \u00e8 in voi per ispirare ottimismo, speranza e autenticit\u00e0. Lavorare con questa pietra amazzonite risveglia il vostro bambino interiore, ricordandovi di dedicare tempo e spazio al divertimento, alla gioia e al gioco nella vostra vita quotidiana. Se avete [&hellip;]\" \/>\n<meta property=\"og:url\" content=\"https:\/\/laksmicrystal.com\/prodotto\/4971\/\" \/>\n<meta property=\"og:site_name\" content=\"Laksmi Crystal\" \/>\n<meta property=\"article:publisher\" content=\"https:\/\/www.facebook.com\/Laksmicrystal\" \/>\n<meta property=\"article:modified_time\" content=\"2024-04-22T11:15:29+00:00\" \/>\n<meta property=\"og:image\" content=\"https:\/\/laksmicrystal.com\/wp-content\/uploads\/2023\/09\/Amazzonite-1.jpeg\" \/>\n\t<meta property=\"og:image:width\" content=\"576\" \/>\n\t<meta property=\"og:image:height\" content=\"1024\" \/>\n\t<meta property=\"og:image:type\" content=\"image\/jpeg\" \/>\n<meta name=\"twitter:card\" content=\"summary_large_image\" \/>\n<meta name=\"twitter:label1\" content=\"Est. reading time\" \/>\n\t<meta name=\"twitter:data1\" content=\"1 minute\" \/>\n<script type=\"application\/ld+json\" class=\"yoast-schema-graph\">{\"@context\":\"https:\/\/schema.org\",\"@graph\":[{\"@type\":\"WebPage\",\"@id\":\"https:\/\/laksmicrystal.com\/prodotto\/4971\/\",\"url\":\"https:\/\/laksmicrystal.com\/prodotto\/4971\/\",\"name\":\"Amazzonite | Laksmi Crystal\",\"isPartOf\":{\"@id\":\"https:\/\/laksmicrystal.com\/#website\"},\"primaryImageOfPage\":{\"@id\":\"https:\/\/laksmicrystal.com\/prodotto\/4971\/#primaryimage\"},\"image\":{\"@id\":\"https:\/\/laksmicrystal.com\/prodotto\/4971\/#primaryimage\"},\"thumbnailUrl\":\"https:\/\/i0.wp.com\/laksmicrystal.com\/wp-content\/uploads\/2023\/09\/Amazzonite-1.jpeg?fit=576%2C1024&ssl=1\",\"datePublished\":\"2023-09-20T14:26:29+00:00\",\"dateModified\":\"2024-04-22T11:15:29+00:00\",\"breadcrumb\":{\"@id\":\"https:\/\/laksmicrystal.com\/prodotto\/4971\/#breadcrumb\"},\"inLanguage\":\"en-US\",\"potentialAction\":[{\"@type\":\"ReadAction\",\"target\":[\"https:\/\/laksmicrystal.com\/prodotto\/4971\/\"]}]},{\"@type\":\"ImageObject\",\"inLanguage\":\"en-US\",\"@id\":\"https:\/\/laksmicrystal.com\/prodotto\/4971\/#primaryimage\",\"url\":\"https:\/\/i0.wp.com\/laksmicrystal.com\/wp-content\/uploads\/2023\/09\/Amazzonite-1.jpeg?fit=576%2C1024&ssl=1\",\"contentUrl\":\"https:\/\/i0.wp.com\/laksmicrystal.com\/wp-content\/uploads\/2023\/09\/Amazzonite-1.jpeg?fit=576%2C1024&ssl=1\",\"width\":576,\"height\":1024},{\"@type\":\"BreadcrumbList\",\"@id\":\"https:\/\/laksmicrystal.com\/prodotto\/4971\/#breadcrumb\",\"itemListElement\":[{\"@type\":\"ListItem\",\"position\":1,\"name\":\"Home\",\"item\":\"https:\/\/laksmicrystal.com\/en\/home\/\"},{\"@type\":\"ListItem\",\"position\":2,\"name\":\"Shop\",\"item\":\"https:\/\/laksmicrystal.com\/en\/shop\/\"},{\"@type\":\"ListItem\",\"position\":3,\"name\":\"Amazzonite\"}]},{\"@type\":\"WebSite\",\"@id\":\"https:\/\/laksmicrystal.com\/#website\",\"url\":\"https:\/\/laksmicrystal.com\/\",\"name\":\"Laksmi Crystal\",\"description\":\"Eleva il tuo stile di vita\",\"publisher\":{\"@id\":\"https:\/\/laksmicrystal.com\/#organization\"},\"potentialAction\":[{\"@type\":\"SearchAction\",\"target\":{\"@type\":\"EntryPoint\",\"urlTemplate\":\"https:\/\/laksmicrystal.com\/?s={search_term_string}\"},\"query-input\":{\"@type\":\"PropertyValueSpecification\",\"valueRequired\":true,\"valueName\":\"search_term_string\"}}],\"inLanguage\":\"en-US\"},{\"@type\":\"Organization\",\"@id\":\"https:\/\/laksmicrystal.com\/#organization\",\"name\":\"Laksmi Crystal\",\"url\":\"https:\/\/laksmicrystal.com\/\",\"logo\":{\"@type\":\"ImageObject\",\"inLanguage\":\"en-US\",\"@id\":\"https:\/\/laksmicrystal.com\/#\/schema\/logo\/image\/\",\"url\":\"https:\/\/i0.wp.com\/laksmicrystal.com\/wp-content\/uploads\/2021\/08\/favicon-laksmi-02.png?fit=512%2C513&ssl=1\",\"contentUrl\":\"https:\/\/i0.wp.com\/laksmicrystal.com\/wp-content\/uploads\/2021\/08\/favicon-laksmi-02.png?fit=512%2C513&ssl=1\",\"width\":512,\"height\":513,\"caption\":\"Laksmi Crystal\"},\"image\":{\"@id\":\"https:\/\/laksmicrystal.com\/#\/schema\/logo\/image\/\"},\"sameAs\":[\"https:\/\/www.facebook.com\/Laksmicrystal\",\"https:\/\/www.instagram.com\/laksmicrystal\/\"]}]}<\/script>\n<!-- \/ Yoast SEO plugin. -->","yoast_head_json":{"title":"Amazzonite | Laksmi Crystal","robots":{"index":"index","follow":"follow","max-snippet":"max-snippet:-1","max-image-preview":"max-image-preview:large","max-video-preview":"max-video-preview:-1"},"canonical":"https:\/\/laksmicrystal.com\/prodotto\/4971\/","og_locale":"en_US","og_type":"article","og_title":"Amazzonite | Laksmi Crystal","og_description":"Amazzonite L&#8217;amazzonite incoraggia ad allentare la presa sulla vita e a lasciarla scorrere. Illumina l&#8217;energia infantile che \u00e8 in voi per ispirare ottimismo, speranza e autenticit\u00e0. Lavorare con questa pietra amazzonite risveglia il vostro bambino interiore, ricordandovi di dedicare tempo e spazio al divertimento, alla gioia e al gioco nella vostra vita quotidiana. Se avete [&hellip;]","og_url":"https:\/\/laksmicrystal.com\/prodotto\/4971\/","og_site_name":"Laksmi Crystal","article_publisher":"https:\/\/www.facebook.com\/Laksmicrystal","article_modified_time":"2024-04-22T11:15:29+00:00","og_image":[{"width":576,"height":1024,"url":"https:\/\/laksmicrystal.com\/wp-content\/uploads\/2023\/09\/Amazzonite-1.jpeg","type":"image\/jpeg"}],"twitter_card":"summary_large_image","twitter_misc":{"Est. reading time":"1 minute"},"schema":{"@context":"https:\/\/schema.org","@graph":[{"@type":"WebPage","@id":"https:\/\/laksmicrystal.com\/prodotto\/4971\/","url":"https:\/\/laksmicrystal.com\/prodotto\/4971\/","name":"Amazzonite | Laksmi Crystal","isPartOf":{"@id":"https:\/\/laksmicrystal.com\/#website"},"primaryImageOfPage":{"@id":"https:\/\/laksmicrystal.com\/prodotto\/4971\/#primaryimage"},"image":{"@id":"https:\/\/laksmicrystal.com\/prodotto\/4971\/#primaryimage"},"thumbnailUrl":"https:\/\/i0.wp.com\/laksmicrystal.com\/wp-content\/uploads\/2023\/09\/Amazzonite-1.jpeg?fit=576%2C1024&ssl=1","datePublished":"2023-09-20T14:26:29+00:00","dateModified":"2024-04-22T11:15:29+00:00","breadcrumb":{"@id":"https:\/\/laksmicrystal.com\/prodotto\/4971\/#breadcrumb"},"inLanguage":"en-US","potentialAction":[{"@type":"ReadAction","target":["https:\/\/laksmicrystal.com\/prodotto\/4971\/"]}]},{"@type":"ImageObject","inLanguage":"en-US","@id":"https:\/\/laksmicrystal.com\/prodotto\/4971\/#primaryimage","url":"https:\/\/i0.wp.com\/laksmicrystal.com\/wp-content\/uploads\/2023\/09\/Amazzonite-1.jpeg?fit=576%2C1024&ssl=1","contentUrl":"https:\/\/i0.wp.com\/laksmicrystal.com\/wp-content\/uploads\/2023\/09\/Amazzonite-1.jpeg?fit=576%2C1024&ssl=1","width":576,"height":1024},{"@type":"BreadcrumbList","@id":"https:\/\/laksmicrystal.com\/prodotto\/4971\/#breadcrumb","itemListElement":[{"@type":"ListItem","position":1,"name":"Home","item":"https:\/\/laksmicrystal.com\/en\/home\/"},{"@type":"ListItem","position":2,"name":"Shop","item":"https:\/\/laksmicrystal.com\/en\/shop\/"},{"@type":"ListItem","position":3,"name":"Amazzonite"}]},{"@type":"WebSite","@id":"https:\/\/laksmicrystal.com\/#website","url":"https:\/\/laksmicrystal.com\/","name":"Laksmi Crystal","description":"Eleva il tuo stile di vita","publisher":{"@id":"https:\/\/laksmicrystal.com\/#organization"},"potentialAction":[{"@type":"SearchAction","target":{"@type":"EntryPoint","urlTemplate":"https:\/\/laksmicrystal.com\/?s={search_term_string}"},"query-input":{"@type":"PropertyValueSpecification","valueRequired":true,"valueName":"search_term_string"}}],"inLanguage":"en-US"},{"@type":"Organization","@id":"https:\/\/laksmicrystal.com\/#organization","name":"Laksmi Crystal","url":"https:\/\/laksmicrystal.com\/","logo":{"@type":"ImageObject","inLanguage":"en-US","@id":"https:\/\/laksmicrystal.com\/#\/schema\/logo\/image\/","url":"https:\/\/i0.wp.com\/laksmicrystal.com\/wp-content\/uploads\/2021\/08\/favicon-laksmi-02.png?fit=512%2C513&ssl=1","contentUrl":"https:\/\/i0.wp.com\/laksmicrystal.com\/wp-content\/uploads\/2021\/08\/favicon-laksmi-02.png?fit=512%2C513&ssl=1","width":512,"height":513,"caption":"Laksmi Crystal"},"image":{"@id":"https:\/\/laksmicrystal.com\/#\/schema\/logo\/image\/"},"sameAs":["https:\/\/www.facebook.com\/Laksmicrystal","https:\/\/www.instagram.com\/laksmicrystal\/"]}]}},"jetpack_sharing_enabled":true,"_links":{"self":[{"href":"https:\/\/laksmicrystal.com\/en\/wp-json\/wp\/v2\/product\/4971","targetHints":{"allow":["GET"]}}],"collection":[{"href":"https:\/\/laksmicrystal.com\/en\/wp-json\/wp\/v2\/product"}],"about":[{"href":"https:\/\/laksmicrystal.com\/en\/wp-json\/wp\/v2\/types\/product"}],"wp:featuredmedia":[{"embeddable":true,"href":"https:\/\/laksmicrystal.com\/en\/wp-json\/wp\/v2\/media\/4972"}],"wp:attachment":[{"href":"https:\/\/laksmicrystal.com\/en\/wp-json\/wp\/v2\/media?parent=4971"}],"wp:term":[{"taxonomy":"product_brand","embeddable":true,"href":"https:\/\/laksmicrystal.com\/en\/wp-json\/wp\/v2\/product_brand?post=4971"},{"taxonomy":"product_cat","embeddable":true,"href":"https:\/\/laksmicrystal.com\/en\/wp-json\/wp\/v2\/product_cat?post=4971"},{"taxonomy":"product_tag","embeddable":true,"href":"https:\/\/laksmicrystal.com\/en\/wp-json\/wp\/v2\/product_tag?post=4971"}],"curies":[{"name":"wp","href":"https:\/\/api.w.org\/{rel}","templated":true}]}}