{"id":4980,"date":"2023-09-20T16:58:21","date_gmt":"2023-09-20T14:58:21","guid":{"rendered":"https:\/\/laksmicrystal.com\/?post_type=product&#038;p=4980"},"modified":"2024-06-05T14:01:50","modified_gmt":"2024-06-05T12:01:50","slug":"diaspro-oceanico","status":"publish","type":"product","link":"https:\/\/laksmicrystal.com\/en\/prodotto\/diaspro-oceanico\/","title":{"rendered":"Diaspro Oceanico"},"content":{"rendered":"<p><strong>Diaspro Oceanico<\/strong><\/p>\n<p><span class=\"TextRun SCXW203702686 BCX0\" lang=\"IT-IT\" xml:lang=\"IT-IT\" data-contrast=\"auto\"><span class=\"NormalTextRun SCXW203702686 BCX0\"><span class=\"TextRun SCXW74100712 BCX0\" lang=\"IT-IT\" xml:lang=\"IT-IT\" data-contrast=\"none\"><span class=\"NormalTextRun SCXW74100712 BCX0\">Il Diaspro Oceanico, va a pulire tutte quelle idee\/questioni\/tematiche che si hanno della famiglia, aiuta a liberarsi da quelle informazioni, credenze, retaggi, bruciature, che si sono assorbite in ambito famigliare, pu\u00f2 essere attaccamento pu\u00f2 essere rifiuto.<\/span><\/span><\/span><\/span><\/p>\n<p><span class=\"TextRun SCXW203702686 BCX0\" lang=\"IT-IT\" xml:lang=\"IT-IT\" data-contrast=\"auto\"><span class=\"NormalTextRun SCXW203702686 BCX0\"><span class=\"EOP SCXW74100712 BCX0\" data-ccp-props=\"{&quot;201341983&quot;:0,&quot;335551550&quot;:6,&quot;335551620&quot;:6,&quot;335559685&quot;:0,&quot;335559739&quot;:160,&quot;335559740&quot;:259}\">Per i figli <\/span>fa uscire dal ricorrente comportamento ricevuto dai genitori dati ai figli, nelle parole e nei comandi ricevuti durante la crescita, che altrimenti ricreerebbe un circolo vizioso, creando qualcosa di forzato che non \u00e8 la vera essenza del figlio e non gli appartiene, ma \u00e8 stato imposto dai comportamenti dei genitori secondo una loro esperienza, ma non necessariamente istruttivo e bisognoso alla reale necessit\u00e0 evolutiva del figlio. <\/span><\/span><\/p>\n<p><span class=\"TextRun SCXW203702686 BCX0\" lang=\"IT-IT\" xml:lang=\"IT-IT\" data-contrast=\"auto\"><span class=\"NormalTextRun SCXW203702686 BCX0\">Il Diaspro Oceanico svolge un profondo lavoro di <span class=\"TextRun SCXW217321691 BCX0\" lang=\"IT-IT\" xml:lang=\"IT-IT\" data-contrast=\"auto\"><span class=\"NormalTextRun SCXW217321691 BCX0\">purificazione dalle corrosive tematiche a livello famigliare, non utili e non evolutive<\/span><\/span><span class=\"EOP SCXW217321691 BCX0\" data-ccp-props=\"{&quot;201341983&quot;:0,&quot;335551550&quot;:6,&quot;335551620&quot;:6,&quot;335559739&quot;:160,&quot;335559740&quot;:259}\"> alla nostra persona, <span class=\"TextRun SCXW237499756 BCX0\" lang=\"IT-IT\" xml:lang=\"IT-IT\" data-contrast=\"none\"><span class=\"NormalTextRun SCXW237499756 BCX0\">svolge un lavoro di ammorbidimento, sciogliendo gli strati difensivi del cuore<\/span><\/span><\/span><\/span><\/span><\/p>\n<p>Dona la capacit\u00e0 di trovare il coraggio in s\u00e9 stessi per resistere alle avversit\u00e0 della vita, donando calma e concentrazione ed alleviando lo stress. Permette di avere un atteggiamento di fiducia e speranza nel futuro. Molto utile se si tende a svalutarsi, aiutando a comprendere il proprio vero valore e a rispettarsi.<\/p>\n<p>Origine: Madagascar<\/p>\n<p>Peso:194 gr.<\/p>\n","protected":false},"excerpt":{"rendered":"<p>Diaspro Oceanico Il Diaspro Oceanico, va a pulire tutte quelle idee\/questioni\/tematiche che si hanno della famiglia, aiuta a liberarsi da quelle informazioni, credenze, retaggi, bruciature, che si sono assorbite in ambito famigliare, pu\u00f2 essere attaccamento pu\u00f2 essere rifiuto. Per i figli fa uscire dal ricorrente comportamento ricevuto dai genitori dati ai figli, nelle parole e [&hellip;]<\/p>\n","protected":false},"featured_media":4981,"template":"","meta":[],"product_brand":[],"product_cat":[18,96],"product_tag":[],"class_list":{"0":"post-4980","1":"product","2":"type-product","3":"status-publish","4":"has-post-thumbnail","6":"product_cat-cristalli","7":"product_cat-cristalli-marroni","9":"first","10":"outofstock","11":"sold-individually","12":"taxable","13":"shipping-taxable","14":"purchasable","15":"product-type-simple"},"yoast_head":"<!-- This site is optimized with the Yoast SEO plugin v25.5 - https:\/\/yoast.com\/wordpress\/plugins\/seo\/ -->\n<title>Diaspro Oceanico | Laksmi Crystal<\/title>\n<meta name=\"robots\" content=\"index, follow, max-snippet:-1, max-image-preview:large, max-video-preview:-1\" \/>\n<link rel=\"canonical\" href=\"https:\/\/laksmicrystal.com\/prodotto\/diaspro-oceanico\/\" \/>\n<meta property=\"og:locale\" content=\"en_US\" \/>\n<meta property=\"og:type\" content=\"article\" \/>\n<meta property=\"og:title\" content=\"Diaspro Oceanico | Laksmi Crystal\" \/>\n<meta property=\"og:description\" content=\"Diaspro Oceanico Il Diaspro Oceanico, va a pulire tutte quelle idee\/questioni\/tematiche che si hanno della famiglia, aiuta a liberarsi da quelle informazioni, credenze, retaggi, bruciature, che si sono assorbite in ambito famigliare, pu\u00f2 essere attaccamento pu\u00f2 essere rifiuto. Per i figli fa uscire dal ricorrente comportamento ricevuto dai genitori dati ai figli, nelle parole e [&hellip;]\" \/>\n<meta property=\"og:url\" content=\"https:\/\/laksmicrystal.com\/prodotto\/diaspro-oceanico\/\" \/>\n<meta property=\"og:site_name\" content=\"Laksmi Crystal\" \/>\n<meta property=\"article:publisher\" content=\"https:\/\/www.facebook.com\/Laksmicrystal\" \/>\n<meta property=\"article:modified_time\" content=\"2024-06-05T12:01:50+00:00\" \/>\n<meta property=\"og:image\" content=\"https:\/\/laksmicrystal.com\/wp-content\/uploads\/2023\/09\/Diaspro-Oceanico-1.jpeg\" \/>\n\t<meta property=\"og:image:width\" content=\"576\" \/>\n\t<meta property=\"og:image:height\" content=\"1024\" \/>\n\t<meta property=\"og:image:type\" content=\"image\/jpeg\" \/>\n<meta name=\"twitter:card\" content=\"summary_large_image\" \/>\n<meta name=\"twitter:label1\" content=\"Est. reading time\" \/>\n\t<meta name=\"twitter:data1\" content=\"1 minute\" \/>\n<script type=\"application\/ld+json\" class=\"yoast-schema-graph\">{\"@context\":\"https:\/\/schema.org\",\"@graph\":[{\"@type\":\"WebPage\",\"@id\":\"https:\/\/laksmicrystal.com\/prodotto\/diaspro-oceanico\/\",\"url\":\"https:\/\/laksmicrystal.com\/prodotto\/diaspro-oceanico\/\",\"name\":\"Diaspro Oceanico | Laksmi Crystal\",\"isPartOf\":{\"@id\":\"https:\/\/laksmicrystal.com\/#website\"},\"primaryImageOfPage\":{\"@id\":\"https:\/\/laksmicrystal.com\/prodotto\/diaspro-oceanico\/#primaryimage\"},\"image\":{\"@id\":\"https:\/\/laksmicrystal.com\/prodotto\/diaspro-oceanico\/#primaryimage\"},\"thumbnailUrl\":\"https:\/\/i0.wp.com\/laksmicrystal.com\/wp-content\/uploads\/2023\/09\/Diaspro-Oceanico-1.jpeg?fit=576%2C1024&ssl=1\",\"datePublished\":\"2023-09-20T14:58:21+00:00\",\"dateModified\":\"2024-06-05T12:01:50+00:00\",\"breadcrumb\":{\"@id\":\"https:\/\/laksmicrystal.com\/prodotto\/diaspro-oceanico\/#breadcrumb\"},\"inLanguage\":\"en-US\",\"potentialAction\":[{\"@type\":\"ReadAction\",\"target\":[\"https:\/\/laksmicrystal.com\/prodotto\/diaspro-oceanico\/\"]}]},{\"@type\":\"ImageObject\",\"inLanguage\":\"en-US\",\"@id\":\"https:\/\/laksmicrystal.com\/prodotto\/diaspro-oceanico\/#primaryimage\",\"url\":\"https:\/\/i0.wp.com\/laksmicrystal.com\/wp-content\/uploads\/2023\/09\/Diaspro-Oceanico-1.jpeg?fit=576%2C1024&ssl=1\",\"contentUrl\":\"https:\/\/i0.wp.com\/laksmicrystal.com\/wp-content\/uploads\/2023\/09\/Diaspro-Oceanico-1.jpeg?fit=576%2C1024&ssl=1\",\"width\":576,\"height\":1024},{\"@type\":\"BreadcrumbList\",\"@id\":\"https:\/\/laksmicrystal.com\/prodotto\/diaspro-oceanico\/#breadcrumb\",\"itemListElement\":[{\"@type\":\"ListItem\",\"position\":1,\"name\":\"Home\",\"item\":\"https:\/\/laksmicrystal.com\/en\/home\/\"},{\"@type\":\"ListItem\",\"position\":2,\"name\":\"Shop\",\"item\":\"https:\/\/laksmicrystal.com\/en\/shop\/\"},{\"@type\":\"ListItem\",\"position\":3,\"name\":\"Diaspro Oceanico\"}]},{\"@type\":\"WebSite\",\"@id\":\"https:\/\/laksmicrystal.com\/#website\",\"url\":\"https:\/\/laksmicrystal.com\/\",\"name\":\"Laksmi Crystal\",\"description\":\"Eleva il tuo stile di vita\",\"publisher\":{\"@id\":\"https:\/\/laksmicrystal.com\/#organization\"},\"potentialAction\":[{\"@type\":\"SearchAction\",\"target\":{\"@type\":\"EntryPoint\",\"urlTemplate\":\"https:\/\/laksmicrystal.com\/?s={search_term_string}\"},\"query-input\":{\"@type\":\"PropertyValueSpecification\",\"valueRequired\":true,\"valueName\":\"search_term_string\"}}],\"inLanguage\":\"en-US\"},{\"@type\":\"Organization\",\"@id\":\"https:\/\/laksmicrystal.com\/#organization\",\"name\":\"Laksmi Crystal\",\"url\":\"https:\/\/laksmicrystal.com\/\",\"logo\":{\"@type\":\"ImageObject\",\"inLanguage\":\"en-US\",\"@id\":\"https:\/\/laksmicrystal.com\/#\/schema\/logo\/image\/\",\"url\":\"https:\/\/i0.wp.com\/laksmicrystal.com\/wp-content\/uploads\/2021\/08\/favicon-laksmi-02.png?fit=512%2C513&ssl=1\",\"contentUrl\":\"https:\/\/i0.wp.com\/laksmicrystal.com\/wp-content\/uploads\/2021\/08\/favicon-laksmi-02.png?fit=512%2C513&ssl=1\",\"width\":512,\"height\":513,\"caption\":\"Laksmi Crystal\"},\"image\":{\"@id\":\"https:\/\/laksmicrystal.com\/#\/schema\/logo\/image\/\"},\"sameAs\":[\"https:\/\/www.facebook.com\/Laksmicrystal\",\"https:\/\/www.instagram.com\/laksmicrystal\/\"]}]}<\/script>\n<!-- \/ Yoast SEO plugin. -->","yoast_head_json":{"title":"Diaspro Oceanico | Laksmi Crystal","robots":{"index":"index","follow":"follow","max-snippet":"max-snippet:-1","max-image-preview":"max-image-preview:large","max-video-preview":"max-video-preview:-1"},"canonical":"https:\/\/laksmicrystal.com\/prodotto\/diaspro-oceanico\/","og_locale":"en_US","og_type":"article","og_title":"Diaspro Oceanico | Laksmi Crystal","og_description":"Diaspro Oceanico Il Diaspro Oceanico, va a pulire tutte quelle idee\/questioni\/tematiche che si hanno della famiglia, aiuta a liberarsi da quelle informazioni, credenze, retaggi, bruciature, che si sono assorbite in ambito famigliare, pu\u00f2 essere attaccamento pu\u00f2 essere rifiuto. Per i figli fa uscire dal ricorrente comportamento ricevuto dai genitori dati ai figli, nelle parole e [&hellip;]","og_url":"https:\/\/laksmicrystal.com\/prodotto\/diaspro-oceanico\/","og_site_name":"Laksmi Crystal","article_publisher":"https:\/\/www.facebook.com\/Laksmicrystal","article_modified_time":"2024-06-05T12:01:50+00:00","og_image":[{"width":576,"height":1024,"url":"https:\/\/laksmicrystal.com\/wp-content\/uploads\/2023\/09\/Diaspro-Oceanico-1.jpeg","type":"image\/jpeg"}],"twitter_card":"summary_large_image","twitter_misc":{"Est. reading time":"1 minute"},"schema":{"@context":"https:\/\/schema.org","@graph":[{"@type":"WebPage","@id":"https:\/\/laksmicrystal.com\/prodotto\/diaspro-oceanico\/","url":"https:\/\/laksmicrystal.com\/prodotto\/diaspro-oceanico\/","name":"Diaspro Oceanico | Laksmi Crystal","isPartOf":{"@id":"https:\/\/laksmicrystal.com\/#website"},"primaryImageOfPage":{"@id":"https:\/\/laksmicrystal.com\/prodotto\/diaspro-oceanico\/#primaryimage"},"image":{"@id":"https:\/\/laksmicrystal.com\/prodotto\/diaspro-oceanico\/#primaryimage"},"thumbnailUrl":"https:\/\/i0.wp.com\/laksmicrystal.com\/wp-content\/uploads\/2023\/09\/Diaspro-Oceanico-1.jpeg?fit=576%2C1024&ssl=1","datePublished":"2023-09-20T14:58:21+00:00","dateModified":"2024-06-05T12:01:50+00:00","breadcrumb":{"@id":"https:\/\/laksmicrystal.com\/prodotto\/diaspro-oceanico\/#breadcrumb"},"inLanguage":"en-US","potentialAction":[{"@type":"ReadAction","target":["https:\/\/laksmicrystal.com\/prodotto\/diaspro-oceanico\/"]}]},{"@type":"ImageObject","inLanguage":"en-US","@id":"https:\/\/laksmicrystal.com\/prodotto\/diaspro-oceanico\/#primaryimage","url":"https:\/\/i0.wp.com\/laksmicrystal.com\/wp-content\/uploads\/2023\/09\/Diaspro-Oceanico-1.jpeg?fit=576%2C1024&ssl=1","contentUrl":"https:\/\/i0.wp.com\/laksmicrystal.com\/wp-content\/uploads\/2023\/09\/Diaspro-Oceanico-1.jpeg?fit=576%2C1024&ssl=1","width":576,"height":1024},{"@type":"BreadcrumbList","@id":"https:\/\/laksmicrystal.com\/prodotto\/diaspro-oceanico\/#breadcrumb","itemListElement":[{"@type":"ListItem","position":1,"name":"Home","item":"https:\/\/laksmicrystal.com\/en\/home\/"},{"@type":"ListItem","position":2,"name":"Shop","item":"https:\/\/laksmicrystal.com\/en\/shop\/"},{"@type":"ListItem","position":3,"name":"Diaspro Oceanico"}]},{"@type":"WebSite","@id":"https:\/\/laksmicrystal.com\/#website","url":"https:\/\/laksmicrystal.com\/","name":"Laksmi Crystal","description":"Eleva il tuo stile di vita","publisher":{"@id":"https:\/\/laksmicrystal.com\/#organization"},"potentialAction":[{"@type":"SearchAction","target":{"@type":"EntryPoint","urlTemplate":"https:\/\/laksmicrystal.com\/?s={search_term_string}"},"query-input":{"@type":"PropertyValueSpecification","valueRequired":true,"valueName":"search_term_string"}}],"inLanguage":"en-US"},{"@type":"Organization","@id":"https:\/\/laksmicrystal.com\/#organization","name":"Laksmi Crystal","url":"https:\/\/laksmicrystal.com\/","logo":{"@type":"ImageObject","inLanguage":"en-US","@id":"https:\/\/laksmicrystal.com\/#\/schema\/logo\/image\/","url":"https:\/\/i0.wp.com\/laksmicrystal.com\/wp-content\/uploads\/2021\/08\/favicon-laksmi-02.png?fit=512%2C513&ssl=1","contentUrl":"https:\/\/i0.wp.com\/laksmicrystal.com\/wp-content\/uploads\/2021\/08\/favicon-laksmi-02.png?fit=512%2C513&ssl=1","width":512,"height":513,"caption":"Laksmi Crystal"},"image":{"@id":"https:\/\/laksmicrystal.com\/#\/schema\/logo\/image\/"},"sameAs":["https:\/\/www.facebook.com\/Laksmicrystal","https:\/\/www.instagram.com\/laksmicrystal\/"]}]}},"jetpack_sharing_enabled":true,"_links":{"self":[{"href":"https:\/\/laksmicrystal.com\/en\/wp-json\/wp\/v2\/product\/4980","targetHints":{"allow":["GET"]}}],"collection":[{"href":"https:\/\/laksmicrystal.com\/en\/wp-json\/wp\/v2\/product"}],"about":[{"href":"https:\/\/laksmicrystal.com\/en\/wp-json\/wp\/v2\/types\/product"}],"wp:featuredmedia":[{"embeddable":true,"href":"https:\/\/laksmicrystal.com\/en\/wp-json\/wp\/v2\/media\/4981"}],"wp:attachment":[{"href":"https:\/\/laksmicrystal.com\/en\/wp-json\/wp\/v2\/media?parent=4980"}],"wp:term":[{"taxonomy":"product_brand","embeddable":true,"href":"https:\/\/laksmicrystal.com\/en\/wp-json\/wp\/v2\/product_brand?post=4980"},{"taxonomy":"product_cat","embeddable":true,"href":"https:\/\/laksmicrystal.com\/en\/wp-json\/wp\/v2\/product_cat?post=4980"},{"taxonomy":"product_tag","embeddable":true,"href":"https:\/\/laksmicrystal.com\/en\/wp-json\/wp\/v2\/product_tag?post=4980"}],"curies":[{"name":"wp","href":"https:\/\/api.w.org\/{rel}","templated":true}]}}