{"id":4998,"date":"2023-09-21T14:36:43","date_gmt":"2023-09-21T12:36:43","guid":{"rendered":"https:\/\/laksmicrystal.com\/?post_type=product&#038;p=4998"},"modified":"2023-09-21T14:36:43","modified_gmt":"2023-09-21T12:36:43","slug":"ametista","status":"publish","type":"product","link":"https:\/\/laksmicrystal.com\/en\/prodotto\/ametista\/","title":{"rendered":"Ametista"},"content":{"rendered":"<p><strong>Ametista<\/strong><\/p>\n<p><span class=\"TextRun SCXW149283659 BCX0\" lang=\"IT-IT\" xml:lang=\"IT-IT\" data-contrast=\"auto\"><span class=\"NormalTextRun SCXW149283659 BCX0\">L&#8217;Ametista \u00e8 la pietra del tempio per antonomasia, il nostro tempio! <\/span><\/span><\/p>\n<p><span class=\"TextRun SCXW149283659 BCX0\" lang=\"IT-IT\" xml:lang=\"IT-IT\" data-contrast=\"auto\"><span class=\"NormalTextRun SCXW149283659 BCX0\">C<span class=\"TextRun SCXW251958556 BCX0\" lang=\"IT-IT\" xml:lang=\"IT-IT\" data-contrast=\"auto\"><span class=\"NormalTextRun SCXW251958556 BCX0\"><span class=\"TextRun SCXW54694737 BCX0\" lang=\"IT-IT\" xml:lang=\"IT-IT\" data-contrast=\"auto\"><span class=\"NormalTextRun SCXW54694737 BCX0\">i sostiene nel varcare la soglia di uno spazio sacro,<\/span><\/span><\/span><\/span> aiuta ad entrare nel proprio tempio interiore per ricevere tutta la protezione di cui si necessita, <span class=\"TextRun SCXW251958556 BCX0\" lang=\"IT-IT\" xml:lang=\"IT-IT\" data-contrast=\"auto\"><span class=\"NormalTextRun SCXW251958556 BCX0\">permettendo dei cambiamenti di stato, da fuori a dentro di noi, dentro il nostro tempio risiede ed abbiamo la possibilit\u00e0 d&#8217;incontrare la dolcezza divina. <span class=\"TextRun SCXW54694737 BCX0\" lang=\"IT-IT\" xml:lang=\"IT-IT\" data-contrast=\"auto\"><span class=\"NormalTextRun SCXW54694737 BCX0\">Pietra della meditazione e della forza spirituale, pi\u00f9 \u00e8 scura, pi\u00f9 ha effetto purificatore potente\/profondo, distrugge le cristallizzazioni del karma.<\/span><\/span><\/span><\/span><\/span><\/span><\/p>\n<p><span class=\"TextRun SCXW149283659 BCX0\" lang=\"IT-IT\" xml:lang=\"IT-IT\" data-contrast=\"auto\"><span class=\"NormalTextRun SCXW149283659 BCX0\"><span class=\"TextRun SCXW251958556 BCX0\" lang=\"IT-IT\" xml:lang=\"IT-IT\" data-contrast=\"auto\"><span class=\"NormalTextRun SCXW251958556 BCX0\">L&#8217;Ametista <span class=\"TextRun SCXW54694737 BCX0\" lang=\"IT-IT\" xml:lang=\"IT-IT\" data-contrast=\"auto\"><span class=\"NormalTextRun SCXW54694737 BCX0\">ci aiuta ad essere molto lucidi nel confronto della realt\u00e0, ci aiuta a cambiare la prospettiva delle cose aiutandoci a riequilibrare il nostro stato mentale. <\/span><\/span><\/span><\/span><\/span><\/span><\/p>\n<p><span class=\"TextRun SCXW149283659 BCX0\" lang=\"IT-IT\" xml:lang=\"IT-IT\" data-contrast=\"auto\"><span class=\"NormalTextRun SCXW149283659 BCX0\"><span class=\"TextRun SCXW251958556 BCX0\" lang=\"IT-IT\" xml:lang=\"IT-IT\" data-contrast=\"auto\"><span class=\"NormalTextRun SCXW251958556 BCX0\"><span class=\"TextRun SCXW54694737 BCX0\" lang=\"IT-IT\" xml:lang=\"IT-IT\" data-contrast=\"auto\"><span class=\"NormalTextRun SCXW54694737 BCX0\">Come amplificatore dell&#8217;intuizione, l&#8217;ametista rafforza le capacit\u00e0 decisionali. Se avete difficolt\u00e0 a prendere una decisione di lavoro e non siete sicuri della\u00a0 direzione da prendere, provate a mettere una pietra di ametista nel vostro ufficio o sulla vostra scrivania., la combinazione di propriet\u00e0 antistress eliminer\u00e0 la paura e l&#8217;esitazione dalle vostre decisioni, l&#8217;Ametista ci invita a prendere decisioni in linea con il nostro spirito piuttosto che con gli schemi della paura. Il nostro intuito ci guida verso ci\u00f2 di cui necessitiamo! Le propriet\u00e0 intuitive vi permetteranno di fidarvi del vostro istinto, aumentando le probabilit\u00e0 di un risultato positivo. Come amplificatore dell&#8217;intuizione, l&#8217;ametista rafforza le capacit\u00e0 decisionali. Se state attingendo all&#8217;Ametista per migliorare i vostri affari, per portare la pace nella vostra relazione, per liberarvi da una dipendenza o per ottenere il riposo di cui avete bisogno ogni notte, l&#8217;ametista pu\u00f2 migliorare aree della vostra vita che non vi eravate nemmeno resi conto di dover purificare.<\/span><\/span><\/span><\/span><\/span><\/span><\/p>\n<p>Se sentite la necessit\u00e0 o il desiderio di lavorare con dell&#8217;ametista, \u00e8 probabile abbiate bisogno di vibrazioni rilassanti. L&#8217;ametista ci incoraggia a cercare i nostri bisogni intuitivi. A volte ci connettiamo all&#8217;ametista perch\u00e9 vogliamo liberare la mente dalle ansie che gravano sul nostro spirito.<\/p>\n<p>Calma i pensieri che precedono il sonno, ed \u00e8 anche un ottimo cristallo per coloro che hanno problemi di sonno agitato e di riposo notturno.<\/p>\n<p><span class=\"TextRun SCXW149283659 BCX0\" lang=\"IT-IT\" xml:lang=\"IT-IT\" data-contrast=\"auto\"><span class=\"NormalTextRun SCXW149283659 BCX0\"><span class=\"TextRun SCXW251958556 BCX0\" lang=\"IT-IT\" xml:lang=\"IT-IT\" data-contrast=\"auto\"><span class=\"NormalTextRun SCXW251958556 BCX0\">Grazie al suo grande potere calmante, l&#8217;ametista ha un effetto straordinario nella cura dei dolori e la facolt\u00e0 di ridurre l&#8217;effetto dell&#8217;alcool, i popoli antichi la usavano per placare gli effetti dell&#8217;ubriachezza<\/span><\/span><\/span><\/span><\/p>\n<p>L&#8217;ametista <span class=\"TextRun SCXW83153099 BCX0\" lang=\"IT-IT\" xml:lang=\"IT-IT\" data-contrast=\"auto\"><span class=\"NormalTextRun SCXW83153099 BCX0\">\u00e8 perfetta per ridare tono e nutrimento alle pietre che hanno svolto un lavoro energetico. Le druse di <\/span><span class=\"FindHit SCXW83153099 BCX0\">ametista<\/span><span class=\"NormalTextRun SCXW83153099 BCX0\"> sono una sorta di filtro energetico, che trasforma l\u2019energia densa accumulata dalle pietre che hanno lavorato, in energia pulita, vanno benissimo anche per gli ambienti e per i gioielli in pietre dure che si indossano durante la giornata.<\/span><\/span><span class=\"EOP SCXW83153099 BCX0\" data-ccp-props=\"{&quot;201341983&quot;:0,&quot;335551550&quot;:6,&quot;335551620&quot;:6,&quot;335559739&quot;:160,&quot;335559740&quot;:259}\">\u00a0<\/span><\/p>\n<p>Origine: Brasile<\/p>\n<p>Peso: 175 gr.<\/p>\n","protected":false},"excerpt":{"rendered":"<p>Ametista L&#8217;Ametista \u00e8 la pietra del tempio per antonomasia, il nostro tempio! Ci sostiene nel varcare la soglia di uno spazio sacro, aiuta ad entrare nel proprio tempio interiore per ricevere tutta la protezione di cui si necessita, permettendo dei cambiamenti di stato, da fuori a dentro di noi, dentro il nostro tempio risiede ed [&hellip;]<\/p>\n","protected":false},"featured_media":4999,"template":"","meta":[],"product_brand":[],"product_cat":[18,63],"product_tag":[],"class_list":{"0":"post-4998","1":"product","2":"type-product","3":"status-publish","4":"has-post-thumbnail","6":"product_cat-cristalli","7":"product_cat-cristalli-viola","9":"first","10":"instock","11":"sold-individually","12":"taxable","13":"shipping-taxable","14":"purchasable","15":"product-type-simple"},"yoast_head":"<!-- This site is optimized with the Yoast SEO plugin v25.5 - https:\/\/yoast.com\/wordpress\/plugins\/seo\/ -->\n<title>Ametista | Laksmi Crystal<\/title>\n<meta name=\"robots\" content=\"index, follow, max-snippet:-1, max-image-preview:large, max-video-preview:-1\" \/>\n<link rel=\"canonical\" href=\"https:\/\/laksmicrystal.com\/prodotto\/ametista\/\" \/>\n<meta property=\"og:locale\" content=\"en_US\" \/>\n<meta property=\"og:type\" content=\"article\" \/>\n<meta property=\"og:title\" content=\"Ametista | Laksmi Crystal\" \/>\n<meta property=\"og:description\" content=\"Ametista L&#8217;Ametista \u00e8 la pietra del tempio per antonomasia, il nostro tempio! Ci sostiene nel varcare la soglia di uno spazio sacro, aiuta ad entrare nel proprio tempio interiore per ricevere tutta la protezione di cui si necessita, permettendo dei cambiamenti di stato, da fuori a dentro di noi, dentro il nostro tempio risiede ed [&hellip;]\" \/>\n<meta property=\"og:url\" content=\"https:\/\/laksmicrystal.com\/prodotto\/ametista\/\" \/>\n<meta property=\"og:site_name\" content=\"Laksmi Crystal\" \/>\n<meta property=\"article:publisher\" content=\"https:\/\/www.facebook.com\/Laksmicrystal\" \/>\n<meta property=\"og:image\" content=\"https:\/\/laksmicrystal.com\/wp-content\/uploads\/2023\/09\/Ametista-Punta-1.jpeg\" \/>\n\t<meta property=\"og:image:width\" content=\"576\" \/>\n\t<meta property=\"og:image:height\" content=\"1024\" \/>\n\t<meta property=\"og:image:type\" content=\"image\/jpeg\" \/>\n<meta name=\"twitter:card\" content=\"summary_large_image\" \/>\n<meta name=\"twitter:label1\" content=\"Est. reading time\" \/>\n\t<meta name=\"twitter:data1\" content=\"2 minutes\" \/>\n<script type=\"application\/ld+json\" class=\"yoast-schema-graph\">{\"@context\":\"https:\/\/schema.org\",\"@graph\":[{\"@type\":\"WebPage\",\"@id\":\"https:\/\/laksmicrystal.com\/prodotto\/ametista\/\",\"url\":\"https:\/\/laksmicrystal.com\/prodotto\/ametista\/\",\"name\":\"Ametista | Laksmi Crystal\",\"isPartOf\":{\"@id\":\"https:\/\/laksmicrystal.com\/#website\"},\"primaryImageOfPage\":{\"@id\":\"https:\/\/laksmicrystal.com\/prodotto\/ametista\/#primaryimage\"},\"image\":{\"@id\":\"https:\/\/laksmicrystal.com\/prodotto\/ametista\/#primaryimage\"},\"thumbnailUrl\":\"https:\/\/i0.wp.com\/laksmicrystal.com\/wp-content\/uploads\/2023\/09\/Ametista-Punta-1.jpeg?fit=576%2C1024&ssl=1\",\"datePublished\":\"2023-09-21T12:36:43+00:00\",\"breadcrumb\":{\"@id\":\"https:\/\/laksmicrystal.com\/prodotto\/ametista\/#breadcrumb\"},\"inLanguage\":\"en-US\",\"potentialAction\":[{\"@type\":\"ReadAction\",\"target\":[\"https:\/\/laksmicrystal.com\/prodotto\/ametista\/\"]}]},{\"@type\":\"ImageObject\",\"inLanguage\":\"en-US\",\"@id\":\"https:\/\/laksmicrystal.com\/prodotto\/ametista\/#primaryimage\",\"url\":\"https:\/\/i0.wp.com\/laksmicrystal.com\/wp-content\/uploads\/2023\/09\/Ametista-Punta-1.jpeg?fit=576%2C1024&ssl=1\",\"contentUrl\":\"https:\/\/i0.wp.com\/laksmicrystal.com\/wp-content\/uploads\/2023\/09\/Ametista-Punta-1.jpeg?fit=576%2C1024&ssl=1\",\"width\":576,\"height\":1024},{\"@type\":\"BreadcrumbList\",\"@id\":\"https:\/\/laksmicrystal.com\/prodotto\/ametista\/#breadcrumb\",\"itemListElement\":[{\"@type\":\"ListItem\",\"position\":1,\"name\":\"Home\",\"item\":\"https:\/\/laksmicrystal.com\/en\/home\/\"},{\"@type\":\"ListItem\",\"position\":2,\"name\":\"Shop\",\"item\":\"https:\/\/laksmicrystal.com\/en\/shop\/\"},{\"@type\":\"ListItem\",\"position\":3,\"name\":\"Ametista\"}]},{\"@type\":\"WebSite\",\"@id\":\"https:\/\/laksmicrystal.com\/#website\",\"url\":\"https:\/\/laksmicrystal.com\/\",\"name\":\"Laksmi Crystal\",\"description\":\"Eleva il tuo stile di vita\",\"publisher\":{\"@id\":\"https:\/\/laksmicrystal.com\/#organization\"},\"potentialAction\":[{\"@type\":\"SearchAction\",\"target\":{\"@type\":\"EntryPoint\",\"urlTemplate\":\"https:\/\/laksmicrystal.com\/?s={search_term_string}\"},\"query-input\":{\"@type\":\"PropertyValueSpecification\",\"valueRequired\":true,\"valueName\":\"search_term_string\"}}],\"inLanguage\":\"en-US\"},{\"@type\":\"Organization\",\"@id\":\"https:\/\/laksmicrystal.com\/#organization\",\"name\":\"Laksmi Crystal\",\"url\":\"https:\/\/laksmicrystal.com\/\",\"logo\":{\"@type\":\"ImageObject\",\"inLanguage\":\"en-US\",\"@id\":\"https:\/\/laksmicrystal.com\/#\/schema\/logo\/image\/\",\"url\":\"https:\/\/i0.wp.com\/laksmicrystal.com\/wp-content\/uploads\/2021\/08\/favicon-laksmi-02.png?fit=512%2C513&ssl=1\",\"contentUrl\":\"https:\/\/i0.wp.com\/laksmicrystal.com\/wp-content\/uploads\/2021\/08\/favicon-laksmi-02.png?fit=512%2C513&ssl=1\",\"width\":512,\"height\":513,\"caption\":\"Laksmi Crystal\"},\"image\":{\"@id\":\"https:\/\/laksmicrystal.com\/#\/schema\/logo\/image\/\"},\"sameAs\":[\"https:\/\/www.facebook.com\/Laksmicrystal\",\"https:\/\/www.instagram.com\/laksmicrystal\/\"]}]}<\/script>\n<!-- \/ Yoast SEO plugin. -->","yoast_head_json":{"title":"Ametista | Laksmi Crystal","robots":{"index":"index","follow":"follow","max-snippet":"max-snippet:-1","max-image-preview":"max-image-preview:large","max-video-preview":"max-video-preview:-1"},"canonical":"https:\/\/laksmicrystal.com\/prodotto\/ametista\/","og_locale":"en_US","og_type":"article","og_title":"Ametista | Laksmi Crystal","og_description":"Ametista L&#8217;Ametista \u00e8 la pietra del tempio per antonomasia, il nostro tempio! Ci sostiene nel varcare la soglia di uno spazio sacro, aiuta ad entrare nel proprio tempio interiore per ricevere tutta la protezione di cui si necessita, permettendo dei cambiamenti di stato, da fuori a dentro di noi, dentro il nostro tempio risiede ed [&hellip;]","og_url":"https:\/\/laksmicrystal.com\/prodotto\/ametista\/","og_site_name":"Laksmi Crystal","article_publisher":"https:\/\/www.facebook.com\/Laksmicrystal","og_image":[{"width":576,"height":1024,"url":"https:\/\/laksmicrystal.com\/wp-content\/uploads\/2023\/09\/Ametista-Punta-1.jpeg","type":"image\/jpeg"}],"twitter_card":"summary_large_image","twitter_misc":{"Est. reading time":"2 minutes"},"schema":{"@context":"https:\/\/schema.org","@graph":[{"@type":"WebPage","@id":"https:\/\/laksmicrystal.com\/prodotto\/ametista\/","url":"https:\/\/laksmicrystal.com\/prodotto\/ametista\/","name":"Ametista | Laksmi Crystal","isPartOf":{"@id":"https:\/\/laksmicrystal.com\/#website"},"primaryImageOfPage":{"@id":"https:\/\/laksmicrystal.com\/prodotto\/ametista\/#primaryimage"},"image":{"@id":"https:\/\/laksmicrystal.com\/prodotto\/ametista\/#primaryimage"},"thumbnailUrl":"https:\/\/i0.wp.com\/laksmicrystal.com\/wp-content\/uploads\/2023\/09\/Ametista-Punta-1.jpeg?fit=576%2C1024&ssl=1","datePublished":"2023-09-21T12:36:43+00:00","breadcrumb":{"@id":"https:\/\/laksmicrystal.com\/prodotto\/ametista\/#breadcrumb"},"inLanguage":"en-US","potentialAction":[{"@type":"ReadAction","target":["https:\/\/laksmicrystal.com\/prodotto\/ametista\/"]}]},{"@type":"ImageObject","inLanguage":"en-US","@id":"https:\/\/laksmicrystal.com\/prodotto\/ametista\/#primaryimage","url":"https:\/\/i0.wp.com\/laksmicrystal.com\/wp-content\/uploads\/2023\/09\/Ametista-Punta-1.jpeg?fit=576%2C1024&ssl=1","contentUrl":"https:\/\/i0.wp.com\/laksmicrystal.com\/wp-content\/uploads\/2023\/09\/Ametista-Punta-1.jpeg?fit=576%2C1024&ssl=1","width":576,"height":1024},{"@type":"BreadcrumbList","@id":"https:\/\/laksmicrystal.com\/prodotto\/ametista\/#breadcrumb","itemListElement":[{"@type":"ListItem","position":1,"name":"Home","item":"https:\/\/laksmicrystal.com\/en\/home\/"},{"@type":"ListItem","position":2,"name":"Shop","item":"https:\/\/laksmicrystal.com\/en\/shop\/"},{"@type":"ListItem","position":3,"name":"Ametista"}]},{"@type":"WebSite","@id":"https:\/\/laksmicrystal.com\/#website","url":"https:\/\/laksmicrystal.com\/","name":"Laksmi Crystal","description":"Eleva il tuo stile di vita","publisher":{"@id":"https:\/\/laksmicrystal.com\/#organization"},"potentialAction":[{"@type":"SearchAction","target":{"@type":"EntryPoint","urlTemplate":"https:\/\/laksmicrystal.com\/?s={search_term_string}"},"query-input":{"@type":"PropertyValueSpecification","valueRequired":true,"valueName":"search_term_string"}}],"inLanguage":"en-US"},{"@type":"Organization","@id":"https:\/\/laksmicrystal.com\/#organization","name":"Laksmi Crystal","url":"https:\/\/laksmicrystal.com\/","logo":{"@type":"ImageObject","inLanguage":"en-US","@id":"https:\/\/laksmicrystal.com\/#\/schema\/logo\/image\/","url":"https:\/\/i0.wp.com\/laksmicrystal.com\/wp-content\/uploads\/2021\/08\/favicon-laksmi-02.png?fit=512%2C513&ssl=1","contentUrl":"https:\/\/i0.wp.com\/laksmicrystal.com\/wp-content\/uploads\/2021\/08\/favicon-laksmi-02.png?fit=512%2C513&ssl=1","width":512,"height":513,"caption":"Laksmi Crystal"},"image":{"@id":"https:\/\/laksmicrystal.com\/#\/schema\/logo\/image\/"},"sameAs":["https:\/\/www.facebook.com\/Laksmicrystal","https:\/\/www.instagram.com\/laksmicrystal\/"]}]}},"jetpack_sharing_enabled":true,"_links":{"self":[{"href":"https:\/\/laksmicrystal.com\/en\/wp-json\/wp\/v2\/product\/4998","targetHints":{"allow":["GET"]}}],"collection":[{"href":"https:\/\/laksmicrystal.com\/en\/wp-json\/wp\/v2\/product"}],"about":[{"href":"https:\/\/laksmicrystal.com\/en\/wp-json\/wp\/v2\/types\/product"}],"wp:featuredmedia":[{"embeddable":true,"href":"https:\/\/laksmicrystal.com\/en\/wp-json\/wp\/v2\/media\/4999"}],"wp:attachment":[{"href":"https:\/\/laksmicrystal.com\/en\/wp-json\/wp\/v2\/media?parent=4998"}],"wp:term":[{"taxonomy":"product_brand","embeddable":true,"href":"https:\/\/laksmicrystal.com\/en\/wp-json\/wp\/v2\/product_brand?post=4998"},{"taxonomy":"product_cat","embeddable":true,"href":"https:\/\/laksmicrystal.com\/en\/wp-json\/wp\/v2\/product_cat?post=4998"},{"taxonomy":"product_tag","embeddable":true,"href":"https:\/\/laksmicrystal.com\/en\/wp-json\/wp\/v2\/product_tag?post=4998"}],"curies":[{"name":"wp","href":"https:\/\/api.w.org\/{rel}","templated":true}]}}