{"id":5900,"date":"2024-04-26T15:20:15","date_gmt":"2024-04-26T13:20:15","guid":{"rendered":"https:\/\/laksmicrystal.com\/?post_type=product&#038;p=5900"},"modified":"2024-04-26T15:36:04","modified_gmt":"2024-04-26T13:36:04","slug":"ossidiana-gua-sha-leggero","status":"publish","type":"product","link":"https:\/\/laksmicrystal.com\/en\/prodotto\/ossidiana-gua-sha-leggero\/","title":{"rendered":"Ossidiana -Gua sha-  Il leggero"},"content":{"rendered":"<p>Il Gua Sha di <strong>Ossidiana<\/strong> \u00e8 molto leggero e facile da portare con s\u00e9 per soddisfare tutte le esigenze di cura della pelle con una semplicit\u00e0 che vi aiuter\u00e0 ad attingere in ogni momento alla vostra bellezza interiore.<\/p>\n<p>Questo design leggero, facile da trasportare e da usare \u00e8 sicuro per tutti i tipi di pelle, senza angoli o spigoli vivi, e garantisce alle clienti l&#8217;utilizzo di uno strumento in pietra preziosa di alta qualit\u00e0 a casa propria. Indipendentemente dal modo in cui si gira, si torce o si fa scorrere la pietra, i risultati si ottengono. \u00c8 letteralmente &#8220;a prova di errore&#8221; e scivola naturalmente sulla pelle.<\/p>\n<p><strong>Benefici dell&#8217;ossidiana<\/strong><\/p>\n<p>L&#8217;ossidiana ha il potere di metterci in contatto con nei stesse in profondit\u00e0, mostrandoci quali sono le maschere che quotidianamente indossiamo per compiacere il mondo l\u00e0 fuori ed aiutandoci giorno per giorno a portare in supercie il nostro vero volto, mostrarci per quello che siamo, fiere di far splendere la nostra vera essenza.<\/p>\n","protected":false},"excerpt":{"rendered":"<p>Il Gua Sha di Ossidiana \u00e8 molto leggero e facile da portare con s\u00e9 per soddisfare tutte le esigenze di cura della pelle con una semplicit\u00e0 che vi aiuter\u00e0 ad attingere in ogni momento alla vostra bellezza interiore. Questo design leggero, facile da trasportare e da usare \u00e8 sicuro per tutti i tipi di pelle, [&hellip;]<\/p>\n","protected":false},"featured_media":5901,"template":"","meta":[],"product_brand":[],"product_cat":[21],"product_tag":[204],"class_list":{"0":"post-5900","1":"product","2":"type-product","3":"status-publish","4":"has-post-thumbnail","6":"product_cat-selfcare","7":"product_tag-gua-sha","9":"first","10":"instock","11":"taxable","12":"shipping-taxable","13":"purchasable","14":"product-type-simple"},"yoast_head":"<!-- This site is optimized with the Yoast SEO plugin v25.5 - https:\/\/yoast.com\/wordpress\/plugins\/seo\/ -->\n<title>Ossidiana -Gua sha- Il leggero | Laksmi Crystal<\/title>\n<meta name=\"robots\" content=\"index, follow, max-snippet:-1, max-image-preview:large, max-video-preview:-1\" \/>\n<link rel=\"canonical\" href=\"https:\/\/laksmicrystal.com\/prodotto\/ossidiana-gua-sha-leggero\/\" \/>\n<meta property=\"og:locale\" content=\"en_US\" \/>\n<meta property=\"og:type\" content=\"article\" \/>\n<meta property=\"og:title\" content=\"Ossidiana -Gua sha- Il leggero | Laksmi Crystal\" \/>\n<meta property=\"og:description\" content=\"Il Gua Sha di Ossidiana \u00e8 molto leggero e facile da portare con s\u00e9 per soddisfare tutte le esigenze di cura della pelle con una semplicit\u00e0 che vi aiuter\u00e0 ad attingere in ogni momento alla vostra bellezza interiore. Questo design leggero, facile da trasportare e da usare \u00e8 sicuro per tutti i tipi di pelle, [&hellip;]\" \/>\n<meta property=\"og:url\" content=\"https:\/\/laksmicrystal.com\/prodotto\/ossidiana-gua-sha-leggero\/\" \/>\n<meta property=\"og:site_name\" content=\"Laksmi Crystal\" \/>\n<meta property=\"article:publisher\" content=\"https:\/\/www.facebook.com\/Laksmicrystal\" \/>\n<meta property=\"article:modified_time\" content=\"2024-04-26T13:36:04+00:00\" \/>\n<meta property=\"og:image\" content=\"https:\/\/laksmicrystal.com\/wp-content\/uploads\/2024\/04\/008.png\" \/>\n\t<meta property=\"og:image:width\" content=\"900\" \/>\n\t<meta property=\"og:image:height\" content=\"1200\" \/>\n\t<meta property=\"og:image:type\" content=\"image\/png\" \/>\n<meta name=\"twitter:card\" content=\"summary_large_image\" \/>\n<meta name=\"twitter:label1\" content=\"Est. reading time\" \/>\n\t<meta name=\"twitter:data1\" content=\"1 minute\" \/>\n<script type=\"application\/ld+json\" class=\"yoast-schema-graph\">{\"@context\":\"https:\/\/schema.org\",\"@graph\":[{\"@type\":\"WebPage\",\"@id\":\"https:\/\/laksmicrystal.com\/prodotto\/ossidiana-gua-sha-leggero\/\",\"url\":\"https:\/\/laksmicrystal.com\/prodotto\/ossidiana-gua-sha-leggero\/\",\"name\":\"Ossidiana -Gua sha- Il leggero | Laksmi Crystal\",\"isPartOf\":{\"@id\":\"https:\/\/laksmicrystal.com\/#website\"},\"primaryImageOfPage\":{\"@id\":\"https:\/\/laksmicrystal.com\/prodotto\/ossidiana-gua-sha-leggero\/#primaryimage\"},\"image\":{\"@id\":\"https:\/\/laksmicrystal.com\/prodotto\/ossidiana-gua-sha-leggero\/#primaryimage\"},\"thumbnailUrl\":\"https:\/\/i0.wp.com\/laksmicrystal.com\/wp-content\/uploads\/2024\/04\/008.png?fit=900%2C1200&ssl=1\",\"datePublished\":\"2024-04-26T13:20:15+00:00\",\"dateModified\":\"2024-04-26T13:36:04+00:00\",\"breadcrumb\":{\"@id\":\"https:\/\/laksmicrystal.com\/prodotto\/ossidiana-gua-sha-leggero\/#breadcrumb\"},\"inLanguage\":\"en-US\",\"potentialAction\":[{\"@type\":\"ReadAction\",\"target\":[\"https:\/\/laksmicrystal.com\/prodotto\/ossidiana-gua-sha-leggero\/\"]}]},{\"@type\":\"ImageObject\",\"inLanguage\":\"en-US\",\"@id\":\"https:\/\/laksmicrystal.com\/prodotto\/ossidiana-gua-sha-leggero\/#primaryimage\",\"url\":\"https:\/\/i0.wp.com\/laksmicrystal.com\/wp-content\/uploads\/2024\/04\/008.png?fit=900%2C1200&ssl=1\",\"contentUrl\":\"https:\/\/i0.wp.com\/laksmicrystal.com\/wp-content\/uploads\/2024\/04\/008.png?fit=900%2C1200&ssl=1\",\"width\":900,\"height\":1200},{\"@type\":\"BreadcrumbList\",\"@id\":\"https:\/\/laksmicrystal.com\/prodotto\/ossidiana-gua-sha-leggero\/#breadcrumb\",\"itemListElement\":[{\"@type\":\"ListItem\",\"position\":1,\"name\":\"Home\",\"item\":\"https:\/\/laksmicrystal.com\/en\/home\/\"},{\"@type\":\"ListItem\",\"position\":2,\"name\":\"Shop\",\"item\":\"https:\/\/laksmicrystal.com\/en\/shop\/\"},{\"@type\":\"ListItem\",\"position\":3,\"name\":\"Ossidiana -Gua sha- Il leggero\"}]},{\"@type\":\"WebSite\",\"@id\":\"https:\/\/laksmicrystal.com\/#website\",\"url\":\"https:\/\/laksmicrystal.com\/\",\"name\":\"Laksmi Crystal\",\"description\":\"Eleva il tuo stile di vita\",\"publisher\":{\"@id\":\"https:\/\/laksmicrystal.com\/#organization\"},\"potentialAction\":[{\"@type\":\"SearchAction\",\"target\":{\"@type\":\"EntryPoint\",\"urlTemplate\":\"https:\/\/laksmicrystal.com\/?s={search_term_string}\"},\"query-input\":{\"@type\":\"PropertyValueSpecification\",\"valueRequired\":true,\"valueName\":\"search_term_string\"}}],\"inLanguage\":\"en-US\"},{\"@type\":\"Organization\",\"@id\":\"https:\/\/laksmicrystal.com\/#organization\",\"name\":\"Laksmi Crystal\",\"url\":\"https:\/\/laksmicrystal.com\/\",\"logo\":{\"@type\":\"ImageObject\",\"inLanguage\":\"en-US\",\"@id\":\"https:\/\/laksmicrystal.com\/#\/schema\/logo\/image\/\",\"url\":\"https:\/\/i0.wp.com\/laksmicrystal.com\/wp-content\/uploads\/2021\/08\/favicon-laksmi-02.png?fit=512%2C513&ssl=1\",\"contentUrl\":\"https:\/\/i0.wp.com\/laksmicrystal.com\/wp-content\/uploads\/2021\/08\/favicon-laksmi-02.png?fit=512%2C513&ssl=1\",\"width\":512,\"height\":513,\"caption\":\"Laksmi Crystal\"},\"image\":{\"@id\":\"https:\/\/laksmicrystal.com\/#\/schema\/logo\/image\/\"},\"sameAs\":[\"https:\/\/www.facebook.com\/Laksmicrystal\",\"https:\/\/www.instagram.com\/laksmicrystal\/\"]}]}<\/script>\n<!-- \/ Yoast SEO plugin. -->","yoast_head_json":{"title":"Ossidiana -Gua sha- Il leggero | Laksmi Crystal","robots":{"index":"index","follow":"follow","max-snippet":"max-snippet:-1","max-image-preview":"max-image-preview:large","max-video-preview":"max-video-preview:-1"},"canonical":"https:\/\/laksmicrystal.com\/prodotto\/ossidiana-gua-sha-leggero\/","og_locale":"en_US","og_type":"article","og_title":"Ossidiana -Gua sha- Il leggero | Laksmi Crystal","og_description":"Il Gua Sha di Ossidiana \u00e8 molto leggero e facile da portare con s\u00e9 per soddisfare tutte le esigenze di cura della pelle con una semplicit\u00e0 che vi aiuter\u00e0 ad attingere in ogni momento alla vostra bellezza interiore. Questo design leggero, facile da trasportare e da usare \u00e8 sicuro per tutti i tipi di pelle, [&hellip;]","og_url":"https:\/\/laksmicrystal.com\/prodotto\/ossidiana-gua-sha-leggero\/","og_site_name":"Laksmi Crystal","article_publisher":"https:\/\/www.facebook.com\/Laksmicrystal","article_modified_time":"2024-04-26T13:36:04+00:00","og_image":[{"width":900,"height":1200,"url":"https:\/\/laksmicrystal.com\/wp-content\/uploads\/2024\/04\/008.png","type":"image\/png"}],"twitter_card":"summary_large_image","twitter_misc":{"Est. reading time":"1 minute"},"schema":{"@context":"https:\/\/schema.org","@graph":[{"@type":"WebPage","@id":"https:\/\/laksmicrystal.com\/prodotto\/ossidiana-gua-sha-leggero\/","url":"https:\/\/laksmicrystal.com\/prodotto\/ossidiana-gua-sha-leggero\/","name":"Ossidiana -Gua sha- Il leggero | Laksmi Crystal","isPartOf":{"@id":"https:\/\/laksmicrystal.com\/#website"},"primaryImageOfPage":{"@id":"https:\/\/laksmicrystal.com\/prodotto\/ossidiana-gua-sha-leggero\/#primaryimage"},"image":{"@id":"https:\/\/laksmicrystal.com\/prodotto\/ossidiana-gua-sha-leggero\/#primaryimage"},"thumbnailUrl":"https:\/\/i0.wp.com\/laksmicrystal.com\/wp-content\/uploads\/2024\/04\/008.png?fit=900%2C1200&ssl=1","datePublished":"2024-04-26T13:20:15+00:00","dateModified":"2024-04-26T13:36:04+00:00","breadcrumb":{"@id":"https:\/\/laksmicrystal.com\/prodotto\/ossidiana-gua-sha-leggero\/#breadcrumb"},"inLanguage":"en-US","potentialAction":[{"@type":"ReadAction","target":["https:\/\/laksmicrystal.com\/prodotto\/ossidiana-gua-sha-leggero\/"]}]},{"@type":"ImageObject","inLanguage":"en-US","@id":"https:\/\/laksmicrystal.com\/prodotto\/ossidiana-gua-sha-leggero\/#primaryimage","url":"https:\/\/i0.wp.com\/laksmicrystal.com\/wp-content\/uploads\/2024\/04\/008.png?fit=900%2C1200&ssl=1","contentUrl":"https:\/\/i0.wp.com\/laksmicrystal.com\/wp-content\/uploads\/2024\/04\/008.png?fit=900%2C1200&ssl=1","width":900,"height":1200},{"@type":"BreadcrumbList","@id":"https:\/\/laksmicrystal.com\/prodotto\/ossidiana-gua-sha-leggero\/#breadcrumb","itemListElement":[{"@type":"ListItem","position":1,"name":"Home","item":"https:\/\/laksmicrystal.com\/en\/home\/"},{"@type":"ListItem","position":2,"name":"Shop","item":"https:\/\/laksmicrystal.com\/en\/shop\/"},{"@type":"ListItem","position":3,"name":"Ossidiana -Gua sha- Il leggero"}]},{"@type":"WebSite","@id":"https:\/\/laksmicrystal.com\/#website","url":"https:\/\/laksmicrystal.com\/","name":"Laksmi Crystal","description":"Eleva il tuo stile di vita","publisher":{"@id":"https:\/\/laksmicrystal.com\/#organization"},"potentialAction":[{"@type":"SearchAction","target":{"@type":"EntryPoint","urlTemplate":"https:\/\/laksmicrystal.com\/?s={search_term_string}"},"query-input":{"@type":"PropertyValueSpecification","valueRequired":true,"valueName":"search_term_string"}}],"inLanguage":"en-US"},{"@type":"Organization","@id":"https:\/\/laksmicrystal.com\/#organization","name":"Laksmi Crystal","url":"https:\/\/laksmicrystal.com\/","logo":{"@type":"ImageObject","inLanguage":"en-US","@id":"https:\/\/laksmicrystal.com\/#\/schema\/logo\/image\/","url":"https:\/\/i0.wp.com\/laksmicrystal.com\/wp-content\/uploads\/2021\/08\/favicon-laksmi-02.png?fit=512%2C513&ssl=1","contentUrl":"https:\/\/i0.wp.com\/laksmicrystal.com\/wp-content\/uploads\/2021\/08\/favicon-laksmi-02.png?fit=512%2C513&ssl=1","width":512,"height":513,"caption":"Laksmi Crystal"},"image":{"@id":"https:\/\/laksmicrystal.com\/#\/schema\/logo\/image\/"},"sameAs":["https:\/\/www.facebook.com\/Laksmicrystal","https:\/\/www.instagram.com\/laksmicrystal\/"]}]}},"jetpack_sharing_enabled":true,"_links":{"self":[{"href":"https:\/\/laksmicrystal.com\/en\/wp-json\/wp\/v2\/product\/5900","targetHints":{"allow":["GET"]}}],"collection":[{"href":"https:\/\/laksmicrystal.com\/en\/wp-json\/wp\/v2\/product"}],"about":[{"href":"https:\/\/laksmicrystal.com\/en\/wp-json\/wp\/v2\/types\/product"}],"wp:featuredmedia":[{"embeddable":true,"href":"https:\/\/laksmicrystal.com\/en\/wp-json\/wp\/v2\/media\/5901"}],"wp:attachment":[{"href":"https:\/\/laksmicrystal.com\/en\/wp-json\/wp\/v2\/media?parent=5900"}],"wp:term":[{"taxonomy":"product_brand","embeddable":true,"href":"https:\/\/laksmicrystal.com\/en\/wp-json\/wp\/v2\/product_brand?post=5900"},{"taxonomy":"product_cat","embeddable":true,"href":"https:\/\/laksmicrystal.com\/en\/wp-json\/wp\/v2\/product_cat?post=5900"},{"taxonomy":"product_tag","embeddable":true,"href":"https:\/\/laksmicrystal.com\/en\/wp-json\/wp\/v2\/product_tag?post=5900"}],"curies":[{"name":"wp","href":"https:\/\/api.w.org\/{rel}","templated":true}]}}