{"id":5909,"date":"2024-04-26T15:42:12","date_gmt":"2024-04-26T13:42:12","guid":{"rendered":"https:\/\/laksmicrystal.com\/?post_type=product&#038;p=5909"},"modified":"2024-04-26T15:56:16","modified_gmt":"2024-04-26T13:56:16","slug":"giada-nefrite-gua-sha-pro","status":"publish","type":"product","link":"https:\/\/laksmicrystal.com\/en\/prodotto\/giada-nefrite-gua-sha-pro\/","title":{"rendered":"Giada nefrite- Gua sha- PRO"},"content":{"rendered":"<p>La <strong>giada nefrite<\/strong> \u00e8 una pietra compatta che scivola come la seta sulla pelle e modella senza sforzo la geografia naturale della pelle, in modo che una variet\u00e0 di tecniche di massaggio facciale (da quelle pi\u00f9 leggere a quelle pi\u00f9 profonde) possano essere fuse insieme e diventare pi\u00f9 fluide per ottenere una miriade di risultati desiderati.<\/p>\n<p>L&#8217;uso quotidiano migliora l&#8217;elasticit\u00e0, riduce l&#8217;infiammazione e, grazie all&#8217;aumento della microcircolazione e del flusso linfatico, purifica i tessuti e aiuta a mantenere incontaminato lo spazio intorno alle cellule, in modo che una pelle sana possa prosperare.<\/p>\n<p><strong>Benefici<\/strong><\/p>\n<ul>\n<li>Rassoda e solleva istantaneamente<\/li>\n<li>Rinnova i contorni del viso e inverte il rilassamento cutaneo<\/li>\n<li>Attenua le occhiaie e riduce il gonfiore della pelle.<\/li>\n<li>Minimizza l&#8217;aspetto delle rughe (del fumatore, mimiche e del sorriso)<\/li>\n<li>Favorisce la luminosit\u00e0 della carnagione<\/li>\n<li>Riduce le macchie scure, le imperfezioni e altri problemi della pelle<\/li>\n<\/ul>\n","protected":false},"excerpt":{"rendered":"<p>La giada nefrite \u00e8 una pietra compatta che scivola come la seta sulla pelle e modella senza sforzo la geografia naturale della pelle, in modo che una variet\u00e0 di tecniche di massaggio facciale (da quelle pi\u00f9 leggere a quelle pi\u00f9 profonde) possano essere fuse insieme e diventare pi\u00f9 fluide per ottenere una miriade di risultati [&hellip;]<\/p>\n","protected":false},"featured_media":5910,"template":"","meta":[],"product_brand":[],"product_cat":[21],"product_tag":[],"class_list":{"0":"post-5909","1":"product","2":"type-product","3":"status-publish","4":"has-post-thumbnail","6":"product_cat-selfcare","8":"first","9":"instock","10":"taxable","11":"shipping-taxable","12":"purchasable","13":"product-type-simple"},"yoast_head":"<!-- This site is optimized with the Yoast SEO plugin v25.5 - https:\/\/yoast.com\/wordpress\/plugins\/seo\/ -->\n<title>Giada nefrite- Gua sha- PRO | Laksmi Crystal<\/title>\n<meta name=\"robots\" content=\"index, follow, max-snippet:-1, max-image-preview:large, max-video-preview:-1\" \/>\n<link rel=\"canonical\" href=\"https:\/\/laksmicrystal.com\/prodotto\/giada-nefrite-gua-sha-pro\/\" \/>\n<meta property=\"og:locale\" content=\"en_US\" \/>\n<meta property=\"og:type\" content=\"article\" \/>\n<meta property=\"og:title\" content=\"Giada nefrite- Gua sha- PRO | Laksmi Crystal\" \/>\n<meta property=\"og:description\" content=\"La giada nefrite \u00e8 una pietra compatta che scivola come la seta sulla pelle e modella senza sforzo la geografia naturale della pelle, in modo che una variet\u00e0 di tecniche di massaggio facciale (da quelle pi\u00f9 leggere a quelle pi\u00f9 profonde) possano essere fuse insieme e diventare pi\u00f9 fluide per ottenere una miriade di risultati [&hellip;]\" \/>\n<meta property=\"og:url\" content=\"https:\/\/laksmicrystal.com\/prodotto\/giada-nefrite-gua-sha-pro\/\" \/>\n<meta property=\"og:site_name\" content=\"Laksmi Crystal\" \/>\n<meta property=\"article:publisher\" content=\"https:\/\/www.facebook.com\/Laksmicrystal\" \/>\n<meta property=\"article:modified_time\" content=\"2024-04-26T13:56:16+00:00\" \/>\n<meta property=\"og:image\" content=\"https:\/\/laksmicrystal.com\/wp-content\/uploads\/2024\/04\/010.png\" \/>\n\t<meta property=\"og:image:width\" content=\"900\" \/>\n\t<meta property=\"og:image:height\" content=\"1200\" \/>\n\t<meta property=\"og:image:type\" content=\"image\/png\" \/>\n<meta name=\"twitter:card\" content=\"summary_large_image\" \/>\n<meta name=\"twitter:label1\" content=\"Est. reading time\" \/>\n\t<meta name=\"twitter:data1\" content=\"1 minute\" \/>\n<script type=\"application\/ld+json\" class=\"yoast-schema-graph\">{\"@context\":\"https:\/\/schema.org\",\"@graph\":[{\"@type\":\"WebPage\",\"@id\":\"https:\/\/laksmicrystal.com\/prodotto\/giada-nefrite-gua-sha-pro\/\",\"url\":\"https:\/\/laksmicrystal.com\/prodotto\/giada-nefrite-gua-sha-pro\/\",\"name\":\"Giada nefrite- Gua sha- PRO | Laksmi Crystal\",\"isPartOf\":{\"@id\":\"https:\/\/laksmicrystal.com\/#website\"},\"primaryImageOfPage\":{\"@id\":\"https:\/\/laksmicrystal.com\/prodotto\/giada-nefrite-gua-sha-pro\/#primaryimage\"},\"image\":{\"@id\":\"https:\/\/laksmicrystal.com\/prodotto\/giada-nefrite-gua-sha-pro\/#primaryimage\"},\"thumbnailUrl\":\"https:\/\/i0.wp.com\/laksmicrystal.com\/wp-content\/uploads\/2024\/04\/010.png?fit=900%2C1200&ssl=1\",\"datePublished\":\"2024-04-26T13:42:12+00:00\",\"dateModified\":\"2024-04-26T13:56:16+00:00\",\"breadcrumb\":{\"@id\":\"https:\/\/laksmicrystal.com\/prodotto\/giada-nefrite-gua-sha-pro\/#breadcrumb\"},\"inLanguage\":\"en-US\",\"potentialAction\":[{\"@type\":\"ReadAction\",\"target\":[\"https:\/\/laksmicrystal.com\/prodotto\/giada-nefrite-gua-sha-pro\/\"]}]},{\"@type\":\"ImageObject\",\"inLanguage\":\"en-US\",\"@id\":\"https:\/\/laksmicrystal.com\/prodotto\/giada-nefrite-gua-sha-pro\/#primaryimage\",\"url\":\"https:\/\/i0.wp.com\/laksmicrystal.com\/wp-content\/uploads\/2024\/04\/010.png?fit=900%2C1200&ssl=1\",\"contentUrl\":\"https:\/\/i0.wp.com\/laksmicrystal.com\/wp-content\/uploads\/2024\/04\/010.png?fit=900%2C1200&ssl=1\",\"width\":900,\"height\":1200},{\"@type\":\"BreadcrumbList\",\"@id\":\"https:\/\/laksmicrystal.com\/prodotto\/giada-nefrite-gua-sha-pro\/#breadcrumb\",\"itemListElement\":[{\"@type\":\"ListItem\",\"position\":1,\"name\":\"Home\",\"item\":\"https:\/\/laksmicrystal.com\/en\/home\/\"},{\"@type\":\"ListItem\",\"position\":2,\"name\":\"Shop\",\"item\":\"https:\/\/laksmicrystal.com\/en\/shop\/\"},{\"@type\":\"ListItem\",\"position\":3,\"name\":\"Giada nefrite- Gua sha- PRO\"}]},{\"@type\":\"WebSite\",\"@id\":\"https:\/\/laksmicrystal.com\/#website\",\"url\":\"https:\/\/laksmicrystal.com\/\",\"name\":\"Laksmi Crystal\",\"description\":\"Eleva il tuo stile di vita\",\"publisher\":{\"@id\":\"https:\/\/laksmicrystal.com\/#organization\"},\"potentialAction\":[{\"@type\":\"SearchAction\",\"target\":{\"@type\":\"EntryPoint\",\"urlTemplate\":\"https:\/\/laksmicrystal.com\/?s={search_term_string}\"},\"query-input\":{\"@type\":\"PropertyValueSpecification\",\"valueRequired\":true,\"valueName\":\"search_term_string\"}}],\"inLanguage\":\"en-US\"},{\"@type\":\"Organization\",\"@id\":\"https:\/\/laksmicrystal.com\/#organization\",\"name\":\"Laksmi Crystal\",\"url\":\"https:\/\/laksmicrystal.com\/\",\"logo\":{\"@type\":\"ImageObject\",\"inLanguage\":\"en-US\",\"@id\":\"https:\/\/laksmicrystal.com\/#\/schema\/logo\/image\/\",\"url\":\"https:\/\/i0.wp.com\/laksmicrystal.com\/wp-content\/uploads\/2021\/08\/favicon-laksmi-02.png?fit=512%2C513&ssl=1\",\"contentUrl\":\"https:\/\/i0.wp.com\/laksmicrystal.com\/wp-content\/uploads\/2021\/08\/favicon-laksmi-02.png?fit=512%2C513&ssl=1\",\"width\":512,\"height\":513,\"caption\":\"Laksmi Crystal\"},\"image\":{\"@id\":\"https:\/\/laksmicrystal.com\/#\/schema\/logo\/image\/\"},\"sameAs\":[\"https:\/\/www.facebook.com\/Laksmicrystal\",\"https:\/\/www.instagram.com\/laksmicrystal\/\"]}]}<\/script>\n<!-- \/ Yoast SEO plugin. -->","yoast_head_json":{"title":"Giada nefrite- Gua sha- PRO | Laksmi Crystal","robots":{"index":"index","follow":"follow","max-snippet":"max-snippet:-1","max-image-preview":"max-image-preview:large","max-video-preview":"max-video-preview:-1"},"canonical":"https:\/\/laksmicrystal.com\/prodotto\/giada-nefrite-gua-sha-pro\/","og_locale":"en_US","og_type":"article","og_title":"Giada nefrite- Gua sha- PRO | Laksmi Crystal","og_description":"La giada nefrite \u00e8 una pietra compatta che scivola come la seta sulla pelle e modella senza sforzo la geografia naturale della pelle, in modo che una variet\u00e0 di tecniche di massaggio facciale (da quelle pi\u00f9 leggere a quelle pi\u00f9 profonde) possano essere fuse insieme e diventare pi\u00f9 fluide per ottenere una miriade di risultati [&hellip;]","og_url":"https:\/\/laksmicrystal.com\/prodotto\/giada-nefrite-gua-sha-pro\/","og_site_name":"Laksmi Crystal","article_publisher":"https:\/\/www.facebook.com\/Laksmicrystal","article_modified_time":"2024-04-26T13:56:16+00:00","og_image":[{"width":900,"height":1200,"url":"https:\/\/laksmicrystal.com\/wp-content\/uploads\/2024\/04\/010.png","type":"image\/png"}],"twitter_card":"summary_large_image","twitter_misc":{"Est. reading time":"1 minute"},"schema":{"@context":"https:\/\/schema.org","@graph":[{"@type":"WebPage","@id":"https:\/\/laksmicrystal.com\/prodotto\/giada-nefrite-gua-sha-pro\/","url":"https:\/\/laksmicrystal.com\/prodotto\/giada-nefrite-gua-sha-pro\/","name":"Giada nefrite- Gua sha- PRO | Laksmi Crystal","isPartOf":{"@id":"https:\/\/laksmicrystal.com\/#website"},"primaryImageOfPage":{"@id":"https:\/\/laksmicrystal.com\/prodotto\/giada-nefrite-gua-sha-pro\/#primaryimage"},"image":{"@id":"https:\/\/laksmicrystal.com\/prodotto\/giada-nefrite-gua-sha-pro\/#primaryimage"},"thumbnailUrl":"https:\/\/i0.wp.com\/laksmicrystal.com\/wp-content\/uploads\/2024\/04\/010.png?fit=900%2C1200&ssl=1","datePublished":"2024-04-26T13:42:12+00:00","dateModified":"2024-04-26T13:56:16+00:00","breadcrumb":{"@id":"https:\/\/laksmicrystal.com\/prodotto\/giada-nefrite-gua-sha-pro\/#breadcrumb"},"inLanguage":"en-US","potentialAction":[{"@type":"ReadAction","target":["https:\/\/laksmicrystal.com\/prodotto\/giada-nefrite-gua-sha-pro\/"]}]},{"@type":"ImageObject","inLanguage":"en-US","@id":"https:\/\/laksmicrystal.com\/prodotto\/giada-nefrite-gua-sha-pro\/#primaryimage","url":"https:\/\/i0.wp.com\/laksmicrystal.com\/wp-content\/uploads\/2024\/04\/010.png?fit=900%2C1200&ssl=1","contentUrl":"https:\/\/i0.wp.com\/laksmicrystal.com\/wp-content\/uploads\/2024\/04\/010.png?fit=900%2C1200&ssl=1","width":900,"height":1200},{"@type":"BreadcrumbList","@id":"https:\/\/laksmicrystal.com\/prodotto\/giada-nefrite-gua-sha-pro\/#breadcrumb","itemListElement":[{"@type":"ListItem","position":1,"name":"Home","item":"https:\/\/laksmicrystal.com\/en\/home\/"},{"@type":"ListItem","position":2,"name":"Shop","item":"https:\/\/laksmicrystal.com\/en\/shop\/"},{"@type":"ListItem","position":3,"name":"Giada nefrite- Gua sha- PRO"}]},{"@type":"WebSite","@id":"https:\/\/laksmicrystal.com\/#website","url":"https:\/\/laksmicrystal.com\/","name":"Laksmi Crystal","description":"Eleva il tuo stile di vita","publisher":{"@id":"https:\/\/laksmicrystal.com\/#organization"},"potentialAction":[{"@type":"SearchAction","target":{"@type":"EntryPoint","urlTemplate":"https:\/\/laksmicrystal.com\/?s={search_term_string}"},"query-input":{"@type":"PropertyValueSpecification","valueRequired":true,"valueName":"search_term_string"}}],"inLanguage":"en-US"},{"@type":"Organization","@id":"https:\/\/laksmicrystal.com\/#organization","name":"Laksmi Crystal","url":"https:\/\/laksmicrystal.com\/","logo":{"@type":"ImageObject","inLanguage":"en-US","@id":"https:\/\/laksmicrystal.com\/#\/schema\/logo\/image\/","url":"https:\/\/i0.wp.com\/laksmicrystal.com\/wp-content\/uploads\/2021\/08\/favicon-laksmi-02.png?fit=512%2C513&ssl=1","contentUrl":"https:\/\/i0.wp.com\/laksmicrystal.com\/wp-content\/uploads\/2021\/08\/favicon-laksmi-02.png?fit=512%2C513&ssl=1","width":512,"height":513,"caption":"Laksmi Crystal"},"image":{"@id":"https:\/\/laksmicrystal.com\/#\/schema\/logo\/image\/"},"sameAs":["https:\/\/www.facebook.com\/Laksmicrystal","https:\/\/www.instagram.com\/laksmicrystal\/"]}]}},"jetpack_sharing_enabled":true,"_links":{"self":[{"href":"https:\/\/laksmicrystal.com\/en\/wp-json\/wp\/v2\/product\/5909","targetHints":{"allow":["GET"]}}],"collection":[{"href":"https:\/\/laksmicrystal.com\/en\/wp-json\/wp\/v2\/product"}],"about":[{"href":"https:\/\/laksmicrystal.com\/en\/wp-json\/wp\/v2\/types\/product"}],"wp:featuredmedia":[{"embeddable":true,"href":"https:\/\/laksmicrystal.com\/en\/wp-json\/wp\/v2\/media\/5910"}],"wp:attachment":[{"href":"https:\/\/laksmicrystal.com\/en\/wp-json\/wp\/v2\/media?parent=5909"}],"wp:term":[{"taxonomy":"product_brand","embeddable":true,"href":"https:\/\/laksmicrystal.com\/en\/wp-json\/wp\/v2\/product_brand?post=5909"},{"taxonomy":"product_cat","embeddable":true,"href":"https:\/\/laksmicrystal.com\/en\/wp-json\/wp\/v2\/product_cat?post=5909"},{"taxonomy":"product_tag","embeddable":true,"href":"https:\/\/laksmicrystal.com\/en\/wp-json\/wp\/v2\/product_tag?post=5909"}],"curies":[{"name":"wp","href":"https:\/\/api.w.org\/{rel}","templated":true}]}}