{"id":5912,"date":"2024-04-26T15:52:19","date_gmt":"2024-04-26T13:52:19","guid":{"rendered":"https:\/\/laksmicrystal.com\/?post_type=product&#038;p=5912"},"modified":"2024-04-26T16:10:53","modified_gmt":"2024-04-26T14:10:53","slug":"5912","status":"publish","type":"product","link":"https:\/\/laksmicrystal.com\/en\/prodotto\/5912\/","title":{"rendered":"Fungo di quarzo rosa &#8211; Il rilassante"},"content":{"rendered":"<p>Tonificare e sciogliere le tensioni muscolari di spalle, collo e viso \u00e8 l&#8217;obiettivo del fungo allenta-tensioni al quarzo rosa.<\/p>\n<p>1 fungo \u00e8 sufficiente per la cura di s\u00e9, mentre 2 pezzi sono consigliati per l&#8217;uso professionale quando si lavora sui clienti, o se si desidera riscaldarli, in modo da poterli alternare quando si raffreddano.<\/p>\n<p>Questo strumento aiuta a stimolare il flusso linfatico per purificare il tessuto, che a sua volta aumenta la produzione di collagene ed elastina e l&#8217;avvio di un&#8217;intensa attivit\u00e0 cellulare per rinnovare e ringiovanire la pelle.<\/p>\n<p><strong>Benefici del quarzo rosa <\/strong><\/p>\n<p>Il quarzo rosa ci sostiene mentre ci prendiamo cura di noi stessi. \u00c8 collegato al chakra del cuore e ha una forte &#8220;connotazione emotiva&#8221;. Come spesso accade, quando alleggeriamo le tensioni (fisiche ed emotive) e aumentiamo la microcircolazione, si crea una reazione a catena che ossigena la pelle e aumenta l&#8217;attivit\u00e0 delle cellule per creare una luminosit\u00e0 sana che dona ai tessuti la libert\u00e0 di respirare e funzionare pi\u00f9 correttamente. Mentre il tuo viso torna luminoso e rilassato anche il tuo cuore si alleggerisce e si apre a nuove emozioni.<\/p>\n<p>&nbsp;<\/p>\n","protected":false},"excerpt":{"rendered":"<p>Tonificare e sciogliere le tensioni muscolari di spalle, collo e viso \u00e8 l&#8217;obiettivo del fungo allenta-tensioni al quarzo rosa. 1 fungo \u00e8 sufficiente per la cura di s\u00e9, mentre 2 pezzi sono consigliati per l&#8217;uso professionale quando si lavora sui clienti, o se si desidera riscaldarli, in modo da poterli alternare quando si raffreddano. Questo [&hellip;]<\/p>\n","protected":false},"featured_media":5913,"template":"","meta":[],"product_brand":[],"product_cat":[21],"product_tag":[],"class_list":{"0":"post-5912","1":"product","2":"type-product","3":"status-publish","4":"has-post-thumbnail","6":"product_cat-selfcare","8":"first","9":"instock","10":"taxable","11":"shipping-taxable","12":"purchasable","13":"product-type-simple"},"yoast_head":"<!-- This site is optimized with the Yoast SEO plugin v25.5 - https:\/\/yoast.com\/wordpress\/plugins\/seo\/ -->\n<title>Fungo di quarzo rosa - Il rilassante | Laksmi Crystal<\/title>\n<meta name=\"robots\" content=\"index, follow, max-snippet:-1, max-image-preview:large, max-video-preview:-1\" \/>\n<link rel=\"canonical\" href=\"https:\/\/laksmicrystal.com\/prodotto\/5912\/\" \/>\n<meta property=\"og:locale\" content=\"en_US\" \/>\n<meta property=\"og:type\" content=\"article\" \/>\n<meta property=\"og:title\" content=\"Fungo di quarzo rosa - Il rilassante | Laksmi Crystal\" \/>\n<meta property=\"og:description\" content=\"Tonificare e sciogliere le tensioni muscolari di spalle, collo e viso \u00e8 l&#8217;obiettivo del fungo allenta-tensioni al quarzo rosa. 1 fungo \u00e8 sufficiente per la cura di s\u00e9, mentre 2 pezzi sono consigliati per l&#8217;uso professionale quando si lavora sui clienti, o se si desidera riscaldarli, in modo da poterli alternare quando si raffreddano. Questo [&hellip;]\" \/>\n<meta property=\"og:url\" content=\"https:\/\/laksmicrystal.com\/prodotto\/5912\/\" \/>\n<meta property=\"og:site_name\" content=\"Laksmi Crystal\" \/>\n<meta property=\"article:publisher\" content=\"https:\/\/www.facebook.com\/Laksmicrystal\" \/>\n<meta property=\"article:modified_time\" content=\"2024-04-26T14:10:53+00:00\" \/>\n<meta property=\"og:image\" content=\"https:\/\/laksmicrystal.com\/wp-content\/uploads\/2024\/04\/040.png\" \/>\n\t<meta property=\"og:image:width\" content=\"900\" \/>\n\t<meta property=\"og:image:height\" content=\"1200\" \/>\n\t<meta property=\"og:image:type\" content=\"image\/png\" \/>\n<meta name=\"twitter:card\" content=\"summary_large_image\" \/>\n<meta name=\"twitter:label1\" content=\"Est. reading time\" \/>\n\t<meta name=\"twitter:data1\" content=\"1 minute\" \/>\n<script type=\"application\/ld+json\" class=\"yoast-schema-graph\">{\"@context\":\"https:\/\/schema.org\",\"@graph\":[{\"@type\":\"WebPage\",\"@id\":\"https:\/\/laksmicrystal.com\/prodotto\/5912\/\",\"url\":\"https:\/\/laksmicrystal.com\/prodotto\/5912\/\",\"name\":\"Fungo di quarzo rosa - Il rilassante | Laksmi Crystal\",\"isPartOf\":{\"@id\":\"https:\/\/laksmicrystal.com\/#website\"},\"primaryImageOfPage\":{\"@id\":\"https:\/\/laksmicrystal.com\/prodotto\/5912\/#primaryimage\"},\"image\":{\"@id\":\"https:\/\/laksmicrystal.com\/prodotto\/5912\/#primaryimage\"},\"thumbnailUrl\":\"https:\/\/i0.wp.com\/laksmicrystal.com\/wp-content\/uploads\/2024\/04\/040.png?fit=900%2C1200&ssl=1\",\"datePublished\":\"2024-04-26T13:52:19+00:00\",\"dateModified\":\"2024-04-26T14:10:53+00:00\",\"breadcrumb\":{\"@id\":\"https:\/\/laksmicrystal.com\/prodotto\/5912\/#breadcrumb\"},\"inLanguage\":\"en-US\",\"potentialAction\":[{\"@type\":\"ReadAction\",\"target\":[\"https:\/\/laksmicrystal.com\/prodotto\/5912\/\"]}]},{\"@type\":\"ImageObject\",\"inLanguage\":\"en-US\",\"@id\":\"https:\/\/laksmicrystal.com\/prodotto\/5912\/#primaryimage\",\"url\":\"https:\/\/i0.wp.com\/laksmicrystal.com\/wp-content\/uploads\/2024\/04\/040.png?fit=900%2C1200&ssl=1\",\"contentUrl\":\"https:\/\/i0.wp.com\/laksmicrystal.com\/wp-content\/uploads\/2024\/04\/040.png?fit=900%2C1200&ssl=1\",\"width\":900,\"height\":1200},{\"@type\":\"BreadcrumbList\",\"@id\":\"https:\/\/laksmicrystal.com\/prodotto\/5912\/#breadcrumb\",\"itemListElement\":[{\"@type\":\"ListItem\",\"position\":1,\"name\":\"Home\",\"item\":\"https:\/\/laksmicrystal.com\/en\/home\/\"},{\"@type\":\"ListItem\",\"position\":2,\"name\":\"Shop\",\"item\":\"https:\/\/laksmicrystal.com\/en\/shop\/\"},{\"@type\":\"ListItem\",\"position\":3,\"name\":\"Fungo di quarzo rosa &#8211; Il rilassante\"}]},{\"@type\":\"WebSite\",\"@id\":\"https:\/\/laksmicrystal.com\/#website\",\"url\":\"https:\/\/laksmicrystal.com\/\",\"name\":\"Laksmi Crystal\",\"description\":\"Eleva il tuo stile di vita\",\"publisher\":{\"@id\":\"https:\/\/laksmicrystal.com\/#organization\"},\"potentialAction\":[{\"@type\":\"SearchAction\",\"target\":{\"@type\":\"EntryPoint\",\"urlTemplate\":\"https:\/\/laksmicrystal.com\/?s={search_term_string}\"},\"query-input\":{\"@type\":\"PropertyValueSpecification\",\"valueRequired\":true,\"valueName\":\"search_term_string\"}}],\"inLanguage\":\"en-US\"},{\"@type\":\"Organization\",\"@id\":\"https:\/\/laksmicrystal.com\/#organization\",\"name\":\"Laksmi Crystal\",\"url\":\"https:\/\/laksmicrystal.com\/\",\"logo\":{\"@type\":\"ImageObject\",\"inLanguage\":\"en-US\",\"@id\":\"https:\/\/laksmicrystal.com\/#\/schema\/logo\/image\/\",\"url\":\"https:\/\/i0.wp.com\/laksmicrystal.com\/wp-content\/uploads\/2021\/08\/favicon-laksmi-02.png?fit=512%2C513&ssl=1\",\"contentUrl\":\"https:\/\/i0.wp.com\/laksmicrystal.com\/wp-content\/uploads\/2021\/08\/favicon-laksmi-02.png?fit=512%2C513&ssl=1\",\"width\":512,\"height\":513,\"caption\":\"Laksmi Crystal\"},\"image\":{\"@id\":\"https:\/\/laksmicrystal.com\/#\/schema\/logo\/image\/\"},\"sameAs\":[\"https:\/\/www.facebook.com\/Laksmicrystal\",\"https:\/\/www.instagram.com\/laksmicrystal\/\"]}]}<\/script>\n<!-- \/ Yoast SEO plugin. -->","yoast_head_json":{"title":"Fungo di quarzo rosa - Il rilassante | Laksmi Crystal","robots":{"index":"index","follow":"follow","max-snippet":"max-snippet:-1","max-image-preview":"max-image-preview:large","max-video-preview":"max-video-preview:-1"},"canonical":"https:\/\/laksmicrystal.com\/prodotto\/5912\/","og_locale":"en_US","og_type":"article","og_title":"Fungo di quarzo rosa - Il rilassante | Laksmi Crystal","og_description":"Tonificare e sciogliere le tensioni muscolari di spalle, collo e viso \u00e8 l&#8217;obiettivo del fungo allenta-tensioni al quarzo rosa. 1 fungo \u00e8 sufficiente per la cura di s\u00e9, mentre 2 pezzi sono consigliati per l&#8217;uso professionale quando si lavora sui clienti, o se si desidera riscaldarli, in modo da poterli alternare quando si raffreddano. Questo [&hellip;]","og_url":"https:\/\/laksmicrystal.com\/prodotto\/5912\/","og_site_name":"Laksmi Crystal","article_publisher":"https:\/\/www.facebook.com\/Laksmicrystal","article_modified_time":"2024-04-26T14:10:53+00:00","og_image":[{"width":900,"height":1200,"url":"https:\/\/laksmicrystal.com\/wp-content\/uploads\/2024\/04\/040.png","type":"image\/png"}],"twitter_card":"summary_large_image","twitter_misc":{"Est. reading time":"1 minute"},"schema":{"@context":"https:\/\/schema.org","@graph":[{"@type":"WebPage","@id":"https:\/\/laksmicrystal.com\/prodotto\/5912\/","url":"https:\/\/laksmicrystal.com\/prodotto\/5912\/","name":"Fungo di quarzo rosa - Il rilassante | Laksmi Crystal","isPartOf":{"@id":"https:\/\/laksmicrystal.com\/#website"},"primaryImageOfPage":{"@id":"https:\/\/laksmicrystal.com\/prodotto\/5912\/#primaryimage"},"image":{"@id":"https:\/\/laksmicrystal.com\/prodotto\/5912\/#primaryimage"},"thumbnailUrl":"https:\/\/i0.wp.com\/laksmicrystal.com\/wp-content\/uploads\/2024\/04\/040.png?fit=900%2C1200&ssl=1","datePublished":"2024-04-26T13:52:19+00:00","dateModified":"2024-04-26T14:10:53+00:00","breadcrumb":{"@id":"https:\/\/laksmicrystal.com\/prodotto\/5912\/#breadcrumb"},"inLanguage":"en-US","potentialAction":[{"@type":"ReadAction","target":["https:\/\/laksmicrystal.com\/prodotto\/5912\/"]}]},{"@type":"ImageObject","inLanguage":"en-US","@id":"https:\/\/laksmicrystal.com\/prodotto\/5912\/#primaryimage","url":"https:\/\/i0.wp.com\/laksmicrystal.com\/wp-content\/uploads\/2024\/04\/040.png?fit=900%2C1200&ssl=1","contentUrl":"https:\/\/i0.wp.com\/laksmicrystal.com\/wp-content\/uploads\/2024\/04\/040.png?fit=900%2C1200&ssl=1","width":900,"height":1200},{"@type":"BreadcrumbList","@id":"https:\/\/laksmicrystal.com\/prodotto\/5912\/#breadcrumb","itemListElement":[{"@type":"ListItem","position":1,"name":"Home","item":"https:\/\/laksmicrystal.com\/en\/home\/"},{"@type":"ListItem","position":2,"name":"Shop","item":"https:\/\/laksmicrystal.com\/en\/shop\/"},{"@type":"ListItem","position":3,"name":"Fungo di quarzo rosa &#8211; Il rilassante"}]},{"@type":"WebSite","@id":"https:\/\/laksmicrystal.com\/#website","url":"https:\/\/laksmicrystal.com\/","name":"Laksmi Crystal","description":"Eleva il tuo stile di vita","publisher":{"@id":"https:\/\/laksmicrystal.com\/#organization"},"potentialAction":[{"@type":"SearchAction","target":{"@type":"EntryPoint","urlTemplate":"https:\/\/laksmicrystal.com\/?s={search_term_string}"},"query-input":{"@type":"PropertyValueSpecification","valueRequired":true,"valueName":"search_term_string"}}],"inLanguage":"en-US"},{"@type":"Organization","@id":"https:\/\/laksmicrystal.com\/#organization","name":"Laksmi Crystal","url":"https:\/\/laksmicrystal.com\/","logo":{"@type":"ImageObject","inLanguage":"en-US","@id":"https:\/\/laksmicrystal.com\/#\/schema\/logo\/image\/","url":"https:\/\/i0.wp.com\/laksmicrystal.com\/wp-content\/uploads\/2021\/08\/favicon-laksmi-02.png?fit=512%2C513&ssl=1","contentUrl":"https:\/\/i0.wp.com\/laksmicrystal.com\/wp-content\/uploads\/2021\/08\/favicon-laksmi-02.png?fit=512%2C513&ssl=1","width":512,"height":513,"caption":"Laksmi Crystal"},"image":{"@id":"https:\/\/laksmicrystal.com\/#\/schema\/logo\/image\/"},"sameAs":["https:\/\/www.facebook.com\/Laksmicrystal","https:\/\/www.instagram.com\/laksmicrystal\/"]}]}},"jetpack_sharing_enabled":true,"_links":{"self":[{"href":"https:\/\/laksmicrystal.com\/en\/wp-json\/wp\/v2\/product\/5912","targetHints":{"allow":["GET"]}}],"collection":[{"href":"https:\/\/laksmicrystal.com\/en\/wp-json\/wp\/v2\/product"}],"about":[{"href":"https:\/\/laksmicrystal.com\/en\/wp-json\/wp\/v2\/types\/product"}],"wp:featuredmedia":[{"embeddable":true,"href":"https:\/\/laksmicrystal.com\/en\/wp-json\/wp\/v2\/media\/5913"}],"wp:attachment":[{"href":"https:\/\/laksmicrystal.com\/en\/wp-json\/wp\/v2\/media?parent=5912"}],"wp:term":[{"taxonomy":"product_brand","embeddable":true,"href":"https:\/\/laksmicrystal.com\/en\/wp-json\/wp\/v2\/product_brand?post=5912"},{"taxonomy":"product_cat","embeddable":true,"href":"https:\/\/laksmicrystal.com\/en\/wp-json\/wp\/v2\/product_cat?post=5912"},{"taxonomy":"product_tag","embeddable":true,"href":"https:\/\/laksmicrystal.com\/en\/wp-json\/wp\/v2\/product_tag?post=5912"}],"curies":[{"name":"wp","href":"https:\/\/api.w.org\/{rel}","templated":true}]}}