{"id":6710,"date":"2025-02-06T11:41:03","date_gmt":"2025-02-06T10:41:03","guid":{"rendered":"https:\/\/laksmicrystal.com\/?post_type=product&#038;p=6710"},"modified":"2025-02-06T15:33:17","modified_gmt":"2025-02-06T14:33:17","slug":"labradorite-copia","status":"publish","type":"product","link":"https:\/\/laksmicrystal.com\/en\/prodotto\/labradorite-copia\/","title":{"rendered":"Labradorite"},"content":{"rendered":"<p><strong>Labradorite<\/strong><\/p>\n<p>La labradorite \u00e8 una pietra che vi attira quando avete bisogno di illuminare la vostra anima. \u00a0\u00c8 una pietra scura che si illumina quando la si gira, cos\u00ec come nel vostro spirito c&#8217;\u00e8 sempre luce anche se si stanno attraversando momenti bui, faticando a vedere lo splendore che regna all&#8217;interno di voi. Se vi sentite meno radiosi del solito, prendendo la vostra Labradorite, usando la sua energia creerete un cambiamento nello spirito e libererete la vostra vibrazione. C<span class=\"TextRun SCXW32867906 BCX0\" lang=\"IT-IT\" xml:lang=\"IT-IT\" data-contrast=\"auto\"><span class=\"NormalTextRun SCXW32867906 BCX0\">i aiuta a tirare fuori dalla parte pi\u00f9 profonda di noi i contenuti pi\u00f9 nascosti, scomodi e brutti (i mostri), facendoci capire cosa ne dobbiamo fare, per aiutarci a trasformarli ed a compiere il nostro percorso evolutivo.<\/span><\/span> Lavorare con l&#8217;energia della Labradorite tenendola in mano, vi aiuta ad assorbire le vibrazioni di fiducia che faranno emergere il vostro lato magico. La Labradorite vuole che esploriate dove pu\u00f2 portarvi la vostra effervescenza; vi invita a chiedervi quale sia il destino dei vostri sogni e accende in voi la volont\u00e0 di inseguirlo.<\/p>\n<p>Pietra popolare per la guarigione e la trasformazione. La presenza di una pietra di Labradorite nel vostro spazio crea uno scudo energetico che <span class=\"TextRun SCXW32867906 BCX0\" lang=\"IT-IT\" xml:lang=\"IT-IT\" data-contrast=\"auto\"><span class=\"NormalTextRun SCXW32867906 BCX0\">protegge e neutralizza da quel delirio che accade negli ambienti dove c\u2019\u00e8 \u201cfanatismo\u201d e contaminazione a livello ideologico<\/span><\/span>. In questo modo si impedisce agli altri di attingere e prosciugare la vostra riserva di energia personale. Vi aiuta a svelare il vero scopo della vostra vita e a scoprire il vostro destino, vi aiuter\u00e0 anche a connettervi a un&#8217;energia divina mentre praticate la meditazione o un&#8217;altra pratica terapeutica.<\/p>\n<p>I gioielli e le pietre di cristallo di labradorite contengono anche propriet\u00e0 curative che aiutano a liberarsi dalla disperazione e dall&#8217;ansia, sostituendo queste emozioni negative con la speranza e la felicit\u00e0. Queste pietre si armonizzano molto bene con la Pietra di Luna, Quarzo Rosa, Angelite, Sericolite, quindi si pu\u00f2 provare a combinare le gemme per portare equilibrio emotivo e connettersi al potere del Divino Femminile.<\/p>\n<p>Origine: Madagascar<\/p>\n<p>Peso: 2879<\/p>\n<p>Dimensioni: 24 cm x 9.2 cm<\/p>\n<p>&nbsp;<\/p>\n","protected":false},"excerpt":{"rendered":"<p>Labradorite La labradorite \u00e8 una pietra che vi attira quando avete bisogno di illuminare la vostra anima. \u00a0\u00c8 una pietra scura che si illumina quando la si gira, cos\u00ec come nel vostro spirito c&#8217;\u00e8 sempre luce anche se si stanno attraversando momenti bui, faticando a vedere lo splendore che regna all&#8217;interno di voi. Se vi [&hellip;]<\/p>\n","protected":false},"featured_media":6715,"template":"","meta":[],"product_brand":[],"product_cat":[18,95],"product_tag":[],"class_list":{"0":"post-6710","1":"product","2":"type-product","3":"status-publish","4":"has-post-thumbnail","6":"product_cat-cristalli","7":"product_cat-cristalli-grigi-e-metallici","9":"first","10":"instock","11":"sold-individually","12":"taxable","13":"shipping-taxable","14":"purchasable","15":"product-type-simple"},"yoast_head":"<!-- This site is optimized with the Yoast SEO plugin v25.5 - https:\/\/yoast.com\/wordpress\/plugins\/seo\/ -->\n<title>Labradorite | Laksmi Crystal<\/title>\n<meta name=\"robots\" content=\"index, follow, max-snippet:-1, max-image-preview:large, max-video-preview:-1\" \/>\n<link rel=\"canonical\" href=\"https:\/\/laksmicrystal.com\/prodotto\/labradorite-copia\/\" \/>\n<meta property=\"og:locale\" content=\"en_US\" \/>\n<meta property=\"og:type\" content=\"article\" \/>\n<meta property=\"og:title\" content=\"Labradorite | Laksmi Crystal\" \/>\n<meta property=\"og:description\" content=\"Labradorite La labradorite \u00e8 una pietra che vi attira quando avete bisogno di illuminare la vostra anima. \u00a0\u00c8 una pietra scura che si illumina quando la si gira, cos\u00ec come nel vostro spirito c&#8217;\u00e8 sempre luce anche se si stanno attraversando momenti bui, faticando a vedere lo splendore che regna all&#8217;interno di voi. Se vi [&hellip;]\" \/>\n<meta property=\"og:url\" content=\"https:\/\/laksmicrystal.com\/prodotto\/labradorite-copia\/\" \/>\n<meta property=\"og:site_name\" content=\"Laksmi Crystal\" \/>\n<meta property=\"article:publisher\" content=\"https:\/\/www.facebook.com\/Laksmicrystal\" \/>\n<meta property=\"article:modified_time\" content=\"2025-02-06T14:33:17+00:00\" \/>\n<meta property=\"og:image\" content=\"https:\/\/laksmicrystal.com\/wp-content\/uploads\/2025\/02\/image000141-scaled.jpeg\" \/>\n\t<meta property=\"og:image:width\" content=\"1920\" \/>\n\t<meta property=\"og:image:height\" content=\"2560\" \/>\n\t<meta property=\"og:image:type\" content=\"image\/jpeg\" \/>\n<meta name=\"twitter:card\" content=\"summary_large_image\" \/>\n<meta name=\"twitter:label1\" content=\"Est. reading time\" \/>\n\t<meta name=\"twitter:data1\" content=\"2 minutes\" \/>\n<script type=\"application\/ld+json\" class=\"yoast-schema-graph\">{\"@context\":\"https:\/\/schema.org\",\"@graph\":[{\"@type\":\"WebPage\",\"@id\":\"https:\/\/laksmicrystal.com\/prodotto\/labradorite-copia\/\",\"url\":\"https:\/\/laksmicrystal.com\/prodotto\/labradorite-copia\/\",\"name\":\"Labradorite | Laksmi Crystal\",\"isPartOf\":{\"@id\":\"https:\/\/laksmicrystal.com\/#website\"},\"primaryImageOfPage\":{\"@id\":\"https:\/\/laksmicrystal.com\/prodotto\/labradorite-copia\/#primaryimage\"},\"image\":{\"@id\":\"https:\/\/laksmicrystal.com\/prodotto\/labradorite-copia\/#primaryimage\"},\"thumbnailUrl\":\"https:\/\/i0.wp.com\/laksmicrystal.com\/wp-content\/uploads\/2025\/02\/image000141-scaled.jpeg?fit=1920%2C2560&ssl=1\",\"datePublished\":\"2025-02-06T10:41:03+00:00\",\"dateModified\":\"2025-02-06T14:33:17+00:00\",\"breadcrumb\":{\"@id\":\"https:\/\/laksmicrystal.com\/prodotto\/labradorite-copia\/#breadcrumb\"},\"inLanguage\":\"en-US\",\"potentialAction\":[{\"@type\":\"ReadAction\",\"target\":[\"https:\/\/laksmicrystal.com\/prodotto\/labradorite-copia\/\"]}]},{\"@type\":\"ImageObject\",\"inLanguage\":\"en-US\",\"@id\":\"https:\/\/laksmicrystal.com\/prodotto\/labradorite-copia\/#primaryimage\",\"url\":\"https:\/\/i0.wp.com\/laksmicrystal.com\/wp-content\/uploads\/2025\/02\/image000141-scaled.jpeg?fit=1920%2C2560&ssl=1\",\"contentUrl\":\"https:\/\/i0.wp.com\/laksmicrystal.com\/wp-content\/uploads\/2025\/02\/image000141-scaled.jpeg?fit=1920%2C2560&ssl=1\",\"width\":1920,\"height\":2560},{\"@type\":\"BreadcrumbList\",\"@id\":\"https:\/\/laksmicrystal.com\/prodotto\/labradorite-copia\/#breadcrumb\",\"itemListElement\":[{\"@type\":\"ListItem\",\"position\":1,\"name\":\"Home\",\"item\":\"https:\/\/laksmicrystal.com\/en\/home\/\"},{\"@type\":\"ListItem\",\"position\":2,\"name\":\"Shop\",\"item\":\"https:\/\/laksmicrystal.com\/en\/shop\/\"},{\"@type\":\"ListItem\",\"position\":3,\"name\":\"Labradorite\"}]},{\"@type\":\"WebSite\",\"@id\":\"https:\/\/laksmicrystal.com\/#website\",\"url\":\"https:\/\/laksmicrystal.com\/\",\"name\":\"Laksmi Crystal\",\"description\":\"Eleva il tuo stile di vita\",\"publisher\":{\"@id\":\"https:\/\/laksmicrystal.com\/#organization\"},\"potentialAction\":[{\"@type\":\"SearchAction\",\"target\":{\"@type\":\"EntryPoint\",\"urlTemplate\":\"https:\/\/laksmicrystal.com\/?s={search_term_string}\"},\"query-input\":{\"@type\":\"PropertyValueSpecification\",\"valueRequired\":true,\"valueName\":\"search_term_string\"}}],\"inLanguage\":\"en-US\"},{\"@type\":\"Organization\",\"@id\":\"https:\/\/laksmicrystal.com\/#organization\",\"name\":\"Laksmi Crystal\",\"url\":\"https:\/\/laksmicrystal.com\/\",\"logo\":{\"@type\":\"ImageObject\",\"inLanguage\":\"en-US\",\"@id\":\"https:\/\/laksmicrystal.com\/#\/schema\/logo\/image\/\",\"url\":\"https:\/\/i0.wp.com\/laksmicrystal.com\/wp-content\/uploads\/2021\/08\/favicon-laksmi-02.png?fit=512%2C513&ssl=1\",\"contentUrl\":\"https:\/\/i0.wp.com\/laksmicrystal.com\/wp-content\/uploads\/2021\/08\/favicon-laksmi-02.png?fit=512%2C513&ssl=1\",\"width\":512,\"height\":513,\"caption\":\"Laksmi Crystal\"},\"image\":{\"@id\":\"https:\/\/laksmicrystal.com\/#\/schema\/logo\/image\/\"},\"sameAs\":[\"https:\/\/www.facebook.com\/Laksmicrystal\",\"https:\/\/www.instagram.com\/laksmicrystal\/\"]}]}<\/script>\n<!-- \/ Yoast SEO plugin. -->","yoast_head_json":{"title":"Labradorite | Laksmi Crystal","robots":{"index":"index","follow":"follow","max-snippet":"max-snippet:-1","max-image-preview":"max-image-preview:large","max-video-preview":"max-video-preview:-1"},"canonical":"https:\/\/laksmicrystal.com\/prodotto\/labradorite-copia\/","og_locale":"en_US","og_type":"article","og_title":"Labradorite | Laksmi Crystal","og_description":"Labradorite La labradorite \u00e8 una pietra che vi attira quando avete bisogno di illuminare la vostra anima. \u00a0\u00c8 una pietra scura che si illumina quando la si gira, cos\u00ec come nel vostro spirito c&#8217;\u00e8 sempre luce anche se si stanno attraversando momenti bui, faticando a vedere lo splendore che regna all&#8217;interno di voi. Se vi [&hellip;]","og_url":"https:\/\/laksmicrystal.com\/prodotto\/labradorite-copia\/","og_site_name":"Laksmi Crystal","article_publisher":"https:\/\/www.facebook.com\/Laksmicrystal","article_modified_time":"2025-02-06T14:33:17+00:00","og_image":[{"width":1920,"height":2560,"url":"https:\/\/laksmicrystal.com\/wp-content\/uploads\/2025\/02\/image000141-scaled.jpeg","type":"image\/jpeg"}],"twitter_card":"summary_large_image","twitter_misc":{"Est. reading time":"2 minutes"},"schema":{"@context":"https:\/\/schema.org","@graph":[{"@type":"WebPage","@id":"https:\/\/laksmicrystal.com\/prodotto\/labradorite-copia\/","url":"https:\/\/laksmicrystal.com\/prodotto\/labradorite-copia\/","name":"Labradorite | Laksmi Crystal","isPartOf":{"@id":"https:\/\/laksmicrystal.com\/#website"},"primaryImageOfPage":{"@id":"https:\/\/laksmicrystal.com\/prodotto\/labradorite-copia\/#primaryimage"},"image":{"@id":"https:\/\/laksmicrystal.com\/prodotto\/labradorite-copia\/#primaryimage"},"thumbnailUrl":"https:\/\/i0.wp.com\/laksmicrystal.com\/wp-content\/uploads\/2025\/02\/image000141-scaled.jpeg?fit=1920%2C2560&ssl=1","datePublished":"2025-02-06T10:41:03+00:00","dateModified":"2025-02-06T14:33:17+00:00","breadcrumb":{"@id":"https:\/\/laksmicrystal.com\/prodotto\/labradorite-copia\/#breadcrumb"},"inLanguage":"en-US","potentialAction":[{"@type":"ReadAction","target":["https:\/\/laksmicrystal.com\/prodotto\/labradorite-copia\/"]}]},{"@type":"ImageObject","inLanguage":"en-US","@id":"https:\/\/laksmicrystal.com\/prodotto\/labradorite-copia\/#primaryimage","url":"https:\/\/i0.wp.com\/laksmicrystal.com\/wp-content\/uploads\/2025\/02\/image000141-scaled.jpeg?fit=1920%2C2560&ssl=1","contentUrl":"https:\/\/i0.wp.com\/laksmicrystal.com\/wp-content\/uploads\/2025\/02\/image000141-scaled.jpeg?fit=1920%2C2560&ssl=1","width":1920,"height":2560},{"@type":"BreadcrumbList","@id":"https:\/\/laksmicrystal.com\/prodotto\/labradorite-copia\/#breadcrumb","itemListElement":[{"@type":"ListItem","position":1,"name":"Home","item":"https:\/\/laksmicrystal.com\/en\/home\/"},{"@type":"ListItem","position":2,"name":"Shop","item":"https:\/\/laksmicrystal.com\/en\/shop\/"},{"@type":"ListItem","position":3,"name":"Labradorite"}]},{"@type":"WebSite","@id":"https:\/\/laksmicrystal.com\/#website","url":"https:\/\/laksmicrystal.com\/","name":"Laksmi Crystal","description":"Eleva il tuo stile di vita","publisher":{"@id":"https:\/\/laksmicrystal.com\/#organization"},"potentialAction":[{"@type":"SearchAction","target":{"@type":"EntryPoint","urlTemplate":"https:\/\/laksmicrystal.com\/?s={search_term_string}"},"query-input":{"@type":"PropertyValueSpecification","valueRequired":true,"valueName":"search_term_string"}}],"inLanguage":"en-US"},{"@type":"Organization","@id":"https:\/\/laksmicrystal.com\/#organization","name":"Laksmi Crystal","url":"https:\/\/laksmicrystal.com\/","logo":{"@type":"ImageObject","inLanguage":"en-US","@id":"https:\/\/laksmicrystal.com\/#\/schema\/logo\/image\/","url":"https:\/\/i0.wp.com\/laksmicrystal.com\/wp-content\/uploads\/2021\/08\/favicon-laksmi-02.png?fit=512%2C513&ssl=1","contentUrl":"https:\/\/i0.wp.com\/laksmicrystal.com\/wp-content\/uploads\/2021\/08\/favicon-laksmi-02.png?fit=512%2C513&ssl=1","width":512,"height":513,"caption":"Laksmi Crystal"},"image":{"@id":"https:\/\/laksmicrystal.com\/#\/schema\/logo\/image\/"},"sameAs":["https:\/\/www.facebook.com\/Laksmicrystal","https:\/\/www.instagram.com\/laksmicrystal\/"]}]}},"jetpack_sharing_enabled":true,"_links":{"self":[{"href":"https:\/\/laksmicrystal.com\/en\/wp-json\/wp\/v2\/product\/6710","targetHints":{"allow":["GET"]}}],"collection":[{"href":"https:\/\/laksmicrystal.com\/en\/wp-json\/wp\/v2\/product"}],"about":[{"href":"https:\/\/laksmicrystal.com\/en\/wp-json\/wp\/v2\/types\/product"}],"wp:featuredmedia":[{"embeddable":true,"href":"https:\/\/laksmicrystal.com\/en\/wp-json\/wp\/v2\/media\/6715"}],"wp:attachment":[{"href":"https:\/\/laksmicrystal.com\/en\/wp-json\/wp\/v2\/media?parent=6710"}],"wp:term":[{"taxonomy":"product_brand","embeddable":true,"href":"https:\/\/laksmicrystal.com\/en\/wp-json\/wp\/v2\/product_brand?post=6710"},{"taxonomy":"product_cat","embeddable":true,"href":"https:\/\/laksmicrystal.com\/en\/wp-json\/wp\/v2\/product_cat?post=6710"},{"taxonomy":"product_tag","embeddable":true,"href":"https:\/\/laksmicrystal.com\/en\/wp-json\/wp\/v2\/product_tag?post=6710"}],"curies":[{"name":"wp","href":"https:\/\/api.w.org\/{rel}","templated":true}]}}